{"id":862,"date":"2025-10-01T06:38:50","date_gmt":"2025-10-01T06:38:50","guid":{"rendered":"https:\/\/tt.utu.fi\/sweng\/?page_id=862"},"modified":"2025-10-21T06:01:11","modified_gmt":"2025-10-21T06:01:11","slug":"ymparisto-ok-ict-hankintojen-ymparistokestavat-ohjelmistokriteerit","status":"publish","type":"page","link":"https:\/\/tt.utu.fi\/sweng\/ymparisto-ok-ict-hankintojen-ymparistokestavat-ohjelmistokriteerit\/","title":{"rendered":"Ymp\u00e4rist\u00f6 OK \u2013 ICT-hankintojen ymp\u00e4rist\u00f6kest\u00e4v\u00e4t ohjelmistokriteerit"},"content":{"rendered":"\n<figure class=\"wp-block-image size-large\"><img loading=\"lazy\" decoding=\"async\" width=\"1024\" height=\"536\" src=\"https:\/\/tt.utu.fi\/sweng\/wp-content\/uploads\/sites\/19\/2025\/09\/Ymparisto-OK_hankekuva_1200x628-1024x536.png\" alt=\"\" class=\"wp-image-864\" srcset=\"https:\/\/tt.utu.fi\/sweng\/wp-content\/uploads\/sites\/19\/2025\/09\/Ymparisto-OK_hankekuva_1200x628-1024x536.png 1024w, https:\/\/tt.utu.fi\/sweng\/wp-content\/uploads\/sites\/19\/2025\/09\/Ymparisto-OK_hankekuva_1200x628-300x157.png 300w, https:\/\/tt.utu.fi\/sweng\/wp-content\/uploads\/sites\/19\/2025\/09\/Ymparisto-OK_hankekuva_1200x628-768x402.png 768w, https:\/\/tt.utu.fi\/sweng\/wp-content\/uploads\/sites\/19\/2025\/09\/Ymparisto-OK_hankekuva_1200x628.png 1200w\" sizes=\"auto, (max-width: 1024px) 100vw, 1024px\" \/><\/figure>\n\n\n\n<div class=\"wp-block-columns\">\n<div class=\"wp-block-column\" style=\"flex-basis:66.66%\">\n<p>Ymp\u00e4rist\u00f6 OK -hankkeen tavoitteena on v\u00e4hent\u00e4\u00e4 ohjelmistoalan negatiivisia ymp\u00e4rist\u00f6vaikutuksia kehitt\u00e4m\u00e4ll\u00e4 ja jalkauttamalla ymp\u00e4rist\u00f6yst\u00e4v\u00e4llisi\u00e4 ohjelmistohankintakriteerej\u00e4. Hankkeen keskeinen p\u00e4\u00e4m\u00e4\u00e4r\u00e4 on varmistaa n\u00e4iden kriteerien k\u00e4ytt\u00f6\u00f6notto sek\u00e4 julkisissa ett\u00e4 yksityisiss\u00e4 ohjelmistohankinnoissa.<\/p>\n\n\n\n<p>P\u00e4\u00e4m\u00e4\u00e4r\u00e4\u00e4 tavoitellaan p\u00e4ivitt\u00e4m\u00e4ll\u00e4 aiemmassa <a href=\"https:\/\/tieke.fi\/hankkeet\/mittarit-vihrean-digitalisaation-hankintoihin\/\">MitViDi-hankkeessa<\/a> kehitettyj\u00e4, <a href=\"https:\/\/kriteeripankki.fi\/t\/54\">Motivan kriteeripankista<\/a> l\u00f6ytyvi\u00e4, ohjelmistohankintakriteerej\u00e4 ja laajentamalla niit\u00e4 koskemaan my\u00f6s uusia osa-alueita, kuten teko\u00e4ly\u00e4, dataintensiivisi\u00e4 j\u00e4rjestelmi\u00e4 ja positiivisia k\u00e4denj\u00e4lkivaikutuksia. Lopputuloksena syntyy laaja ja k\u00e4yt\u00e4nn\u00f6nl\u00e4heinen kriteerist\u00f6, joka tukee ymp\u00e4rist\u00f6vastuullisia ohjelmistohankintoja Suomessa sek\u00e4 julkisella ett\u00e4 yksityisell\u00e4 sektorilla. Kaikki kehitysty\u00f6 tehd\u00e4\u00e4n tiiviiss\u00e4 yhteisty\u00f6ss\u00e4 ohjelmistoyritysten ja hankintaosaajien kanssa.<\/p>\n\n\n\n<p>Hanke tukee organisaatioita konkreettisesti tarjoamalla koulutuksia, webinaareja, itseopiskelumateriaalia ja apua kest\u00e4vien ohjelmistohankintojen valmisteluun ja toteutukseen. N\u00e4iden avulla yh\u00e4 useampi organisaatio voi hy\u00f6dynt\u00e4\u00e4 kriteereit\u00e4 omissa hankinnoissaan. Varsinais-Suomessa koulutuksia markkinoidaan erityisesti julkisille hankintayksik\u00f6ille ja terveysteknologian, meri-, elintarvike- ja l\u00e4\u00e4keteollisuuden yrityksille.<\/p>\n<\/div>\n\n\n\n<div class=\"wp-block-column\" style=\"flex-basis:33.33%\">\n<p><strong>Projektin kesto:<\/strong><br>1.4.2025 \u2013 31.3.2027<\/p>\n\n\n\n<p><strong>Projektin rahoitus:<\/strong><br>Euroopan aluekehitysrahasto (EAKR) osarahoittama<br>P\u00e4ij\u00e4t-H\u00e4meen liitto<br>Varsinais-Suomen liitto<br>H\u00e4meen liitto<br>Etel\u00e4-Karjalan liitto<\/p>\n<\/div>\n<\/div>\n\n\n\n<h2 class=\"wp-block-heading\">Energiatehokkuutta ja ymp\u00e4rist\u00f6vastuuta ohjelmistomarkkinoihin<\/h2>\n\n\n\n<p>Hankkeessa edistet\u00e4\u00e4n energiatehokkuutta ja ymp\u00e4rist\u00f6n huomioonottamista ohjelmistojen hankinnassa ja kehitt\u00e4misess\u00e4. Toimenpiteet kohdistuvat sek\u00e4 yksityisen ett\u00e4 julkisen sektorin ohjelmistohankintoihin erityisesti Varsinais-Suomen, P\u00e4ij\u00e4t-H\u00e4meen, Kanta-H\u00e4meen ja Etel\u00e4-Karjalan maakunnissa.<\/p>\n\n\n\n<p>Hankkeen ensisijainen kohderyhm\u00e4 ovat ohjelmistoja kehitt\u00e4v\u00e4t ja tarjoavat yritykset, jotka haluavat vastata asiakkaidensa kasvaviin ymp\u00e4rist\u00f6vaatimuksiin. Hanke hy\u00f6dytt\u00e4\u00e4 erityisesti sellaisia yrityksi\u00e4, jotka ovat vasta aloittamassa kest\u00e4v\u00e4n ohjelmistokehityksen polkua ja haluavat kehitt\u00e4\u00e4 kilpailukykyisi\u00e4, mutta ymp\u00e4rist\u00f6yst\u00e4v\u00e4llisempi\u00e4 ratkaisuja.<\/p>\n\n\n\n<p>Lis\u00e4ksi hanke tukee my\u00f6s ohjelmistohankintoja tekevi\u00e4 organisaatioita \u2013 kuten kuntia, valtion viranomaisia ja yksityisen sektorin toimijoita \u2013 joissa ymp\u00e4rist\u00f6vaikutusten huomiointi on keskeinen osa p\u00e4\u00e4t\u00f6ksentekoa.<\/p>\n\n\n\n<h2 class=\"wp-block-heading\">Hankekumppanit<\/h2>\n\n\n\n<p>Ymp\u00e4rist\u00f6 OK -hanke toteutetaan Turun yliopiston koordinoimana yhteishankkeena, jossa ovat mukana <a href=\"https:\/\/www.turkuamk.fi\/projekti\/ymparisto-ok-ict-hankintojen-ymparistokestavat-ohjelmistokriteerit\/\">Turun ammattikorkeakoulu<\/a>, <a href=\"https:\/\/www.lut.fi\/fi\/projektit\/ymparisto-ok\">LUT-yliopisto<\/a> ja <a href=\"https:\/\/tieke.fi\/hankkeet\/green-ict-ymparisto-ok\/\">TIEKE<\/a>.<\/p>\n\n\n\n<h2 class=\"wp-block-heading\">Rahoittajat<\/h2>\n\n\n\n<p>Hanketta osarahoittaa Euroopan aluekehitysrahasto (EAKR). Rahoitus on my\u00f6nnetty P\u00e4ij\u00e4t-H\u00e4meen liiton, Varsinais-Suomen liiton, H\u00e4meen liiton ja Etel\u00e4-Karjalan liiton kautta.<\/p>\n\n\n\n<h2 class=\"wp-block-heading\">Lis\u00e4tiedot<\/h2>\n\n\n\n<p><a href=\"https:\/\/tt.utu.fi\/sweng\/ymparisto-ok-environmentally-sustainable-software-criteria-for-ict-procurement\/\">Projektisivu englanniksi<\/a><\/p>\n\n\n\n<p><a href=\"https:\/\/tieke.fi\/hankkeet\/green-ict-ymparisto-ok\/\">Hankkeen p\u00e4\u00e4verkkosivu TIEKE:n portaalissa<\/a><\/p>\n\n\n\n<p><a href=\"https:\/\/greenict.fi\/en\/etusivu-english\/\">Green ICT -portaali<\/a><\/p>\n\n\n\n<h2 class=\"wp-block-heading\">Ota yhteytt\u00e4<\/h2>\n\n\n\n<p><a href=\"https:\/\/tt.utu.fi\/sweng\/contact\/#tusuma\">Tuomas M\u00e4kil\u00e4<\/a><br>Apulaisprofessori<br><a href=\"mailto:tusuma@utu.fi\">tusuma@utu.fi<\/a><\/p>\n\n\n\n<p><a href=\"https:\/\/tt.utu.fi\/sweng\/contact\/#jmjmak\" data-type=\"link\" data-id=\"https:\/\/tt.utu.fi\/sweng\/contact\/#jmjmak\">Jari-Matti M\u00e4kel\u00e4<\/a><br>Yliopisto-opettaja<br><a href=\"mailto:jmjmak@utu.fi\">jmjmak@utu.fi<\/a><\/p>\n","protected":false},"excerpt":{"rendered":"<div class=\"entry-summary\">\nYmp\u00e4rist\u00f6 OK -hankkeen tavoitteena on v\u00e4hent\u00e4\u00e4 ohjelmistoalan negatiivisia ymp\u00e4rist\u00f6vaikutuksia kehitt\u00e4m\u00e4ll\u00e4 ja jalkauttamalla ymp\u00e4rist\u00f6yst\u00e4v\u00e4llisi\u00e4 ohjelmistohankintakriteerej\u00e4. Hankkeen keskeinen p\u00e4\u00e4m\u00e4\u00e4r\u00e4 on varmistaa n\u00e4iden kriteerien k\u00e4ytt\u00f6\u00f6notto sek\u00e4 julkisissa ett\u00e4 yksityisiss\u00e4 ohjelmistohankinnoissa. P\u00e4\u00e4m\u00e4\u00e4r\u00e4\u00e4 tavoitellaan p\u00e4ivitt\u00e4m\u00e4ll\u00e4 aiemmassa MitViDi-hankkeessa kehitettyj\u00e4, Motivan kriteeripankista l\u00f6ytyvi\u00e4, ohjelmistohankintakriteerej\u00e4 ja laajentamalla niit\u00e4&hellip;\n<\/div>\n<div class=\"link-more\"><a href=\"https:\/\/tt.utu.fi\/sweng\/ymparisto-ok-ict-hankintojen-ymparistokestavat-ohjelmistokriteerit\/\" class=\"more-link\">Continue reading<span class=\"screen-reader-text\"> &ldquo;Ymp\u00e4rist\u00f6 OK \u2013 ICT-hankintojen ymp\u00e4rist\u00f6kest\u00e4v\u00e4t ohjelmistokriteerit&rdquo;<\/span>&hellip;<\/a><\/div>\n","protected":false},"author":749,"featured_media":0,"parent":0,"menu_order":0,"comment_status":"closed","ping_status":"closed","template":"","meta":{"_acf_changed":false,"footnotes":""},"class_list":["post-862","page","type-page","status-publish","hentry","entry"],"acf":[],"_links":{"self":[{"href":"https:\/\/tt.utu.fi\/sweng\/wp-json\/wp\/v2\/pages\/862","targetHints":{"allow":["GET"]}}],"collection":[{"href":"https:\/\/tt.utu.fi\/sweng\/wp-json\/wp\/v2\/pages"}],"about":[{"href":"https:\/\/tt.utu.fi\/sweng\/wp-json\/wp\/v2\/types\/page"}],"author":[{"embeddable":true,"href":"https:\/\/tt.utu.fi\/sweng\/wp-json\/wp\/v2\/users\/749"}],"replies":[{"embeddable":true,"href":"https:\/\/tt.utu.fi\/sweng\/wp-json\/wp\/v2\/comments?post=862"}],"version-history":[{"count":3,"href":"https:\/\/tt.utu.fi\/sweng\/wp-json\/wp\/v2\/pages\/862\/revisions"}],"predecessor-version":[{"id":873,"href":"https:\/\/tt.utu.fi\/sweng\/wp-json\/wp\/v2\/pages\/862\/revisions\/873"}],"wp:attachment":[{"href":"https:\/\/tt.utu.fi\/sweng\/wp-json\/wp\/v2\/media?parent=862"}],"curies":[{"name":"wp","href":"https:\/\/api.w.org\/{rel}","templated":true}]}}