{"id":828,"date":"2025-05-23T09:54:56","date_gmt":"2025-05-23T09:54:56","guid":{"rendered":"https:\/\/tt.utu.fi\/sweng\/?page_id=828"},"modified":"2025-11-03T12:13:28","modified_gmt":"2025-11-03T12:13:28","slug":"digiretki-fi","status":"publish","type":"page","link":"https:\/\/tt.utu.fi\/sweng\/digiretki-fi\/","title":{"rendered":"Digitaalisen retkeilydatan yhteentoimivuuden kehitt\u00e4minen (Digiretki)"},"content":{"rendered":"\n<div class=\"wp-block-columns\">\n<div class=\"wp-block-column\" style=\"flex-basis:66.66%\">\n<p class=\"has-background\" style=\"background-color:#dcddde\"><strong>Digitaalisen retkeilydatan yhteentoimivuuden kehitt\u00e4minen (Digiretki)<\/strong><br>1. tammikuuta 2025 \u2013 31. joulukuuta 2026<br>EURA 2021<br>Budjetti: 246 180\u20ac<br>Budjetti UTU: 105 225 \u20ac<\/p>\n<\/div>\n\n\n\n<div class=\"wp-block-column\" style=\"flex-basis:33.33%\"><\/div>\n<\/div>\n\n\n\n<figure style=\"margin-top:0;margin-bottom:0\" class=\"wp-block-video\"><video controls src=\"https:\/\/tt.utu.fi\/sweng\/wp-content\/uploads\/2025\/10\/digiretki.mp4\"><\/video><\/figure>\n\n\n\n<pre class=\"wp-block-preformatted\" style=\"margin-top:0;margin-bottom:0;padding-top:var(--wp--preset--spacing--20);padding-right:var(--wp--preset--spacing--20);padding-bottom:var(--wp--preset--spacing--20);padding-left:var(--wp--preset--spacing--20)\">Video: Lounaistieto<\/pre>\n\n\n\n<p style=\"margin-top:var(--wp--preset--spacing--20);margin-bottom:var(--wp--preset--spacing--20)\">Digiretki-hankkeen tavoitteena on tuoda Lounais-Suomen alueella yll\u00e4pidett\u00e4v\u00e4<br><a href=\"https:\/\/virma.fi\">Virma-vaellusdata<\/a> <a href=\"https:\/\/lipas.fi\/\">valtakunnalliseen Lipas-ulkoilutietopalveluun<\/a> ja parantaa Lounais-Suomen vaellusreittien ja -kohteiden yll\u00e4pit\u00e4jien valmiuksia hy\u00f6dynt\u00e4\u00e4 palvelua. <br>Samalla Virma-dataa rikastetaan uusilla tietosis\u00e4ll\u00f6ill\u00e4 <a href=\"https:\/\/www.luontoon.fi\/\">Luontoon<\/a>-palvelua varten. Hankkeessa kehitet\u00e4\u00e4n Lounais-Suomen kuntien ja yhdistysten digitaalisia valmiuksia yll\u00e4pit\u00e4\u00e4 omia tietojaan suoraan <a href=\"https:\/\/lipas.fi\/\">Lipas<\/a>-j\u00e4rjestelm\u00e4ss\u00e4 ja parannetaan Lounais-Suomen luontomatkailuyritysten n\u00e4kyvyytt\u00e4 <a href=\"https:\/\/www.visitfinland.fi\/liiketoiminnan-kehittaminen\/digitaalisuus\/datahub\">Visit Finlandin DataHub-tietokannassa<\/a>.<\/p>\n\n\n\n<p>Digiretki-hankkeelle on my\u00f6nnetty rahoitus Euroopan aluekehitysrahastosta (EAKR). Hankkeen p\u00e4\u00e4toteuttaja on <a href=\"https:\/\/www.lounaistieto.fi\/tietoa-meista\/hankkeet\/digitaalisen-retkeilydatan-yhteentoimivuuden-kehittaminen-digiretki\/\">Lounaistieto<\/a>. Turun yliopisto vastaa teknisen toteutuksen ty\u00f6paketeista. Hanke pohjautuu <a href=\"https:\/\/tt.utu.fi\/sweng\/digisaapas\/\">DigiSaapas<\/a>&#8211; sek\u00e4 <a href=\"https:\/\/valonia.fi\/hanke\/virkista-dataa\/\">Virkist\u00e4 dataa!<\/a> -hankkeisiin.<\/p>\n\n\n\n<div class=\"wp-block-buttons is-layout-flex wp-block-buttons-is-layout-flex\">\n<div class=\"wp-block-button\"><a class=\"wp-block-button__link wp-element-button\" href=\"https:\/\/eura2021.fi\/hanketietopalvelu?koodi=A81356\">Projektin tiedot eura 2021 -j\u00e4rjestelm\u00e4ss\u00e4<\/a><\/div>\n\n\n\n<div class=\"wp-block-button\"><a class=\"wp-block-button__link wp-element-button\" href=\"https:\/\/tt.utu.fi\/sweng\/digiretki\/\">In ENGLISH<\/a><\/div>\n<\/div>\n\n\n\n<figure class=\"wp-block-image size-large\"><img loading=\"lazy\" decoding=\"async\" width=\"1024\" height=\"215\" src=\"https:\/\/tt.utu.fi\/sweng\/wp-content\/uploads\/sites\/19\/2025\/05\/image-1-1024x215.png\" alt=\"\" class=\"wp-image-830\" srcset=\"https:\/\/tt.utu.fi\/sweng\/wp-content\/uploads\/sites\/19\/2025\/05\/image-1-1024x215.png 1024w, https:\/\/tt.utu.fi\/sweng\/wp-content\/uploads\/sites\/19\/2025\/05\/image-1-300x63.png 300w, https:\/\/tt.utu.fi\/sweng\/wp-content\/uploads\/sites\/19\/2025\/05\/image-1-768x162.png 768w, https:\/\/tt.utu.fi\/sweng\/wp-content\/uploads\/sites\/19\/2025\/05\/image-1.png 1046w\" sizes=\"auto, (max-width: 1024px) 100vw, 1024px\" \/><\/figure>\n\n\n\n<div class=\"wp-block-columns\">\n<div class=\"wp-block-column is-vertically-aligned-center\">\n<figure class=\"wp-block-image size-full\"><img loading=\"lazy\" decoding=\"async\" width=\"828\" height=\"308\" src=\"https:\/\/tt.utu.fi\/sweng\/wp-content\/uploads\/sites\/19\/2022\/08\/UTU_logo_EN_RGB.png\" alt=\"\" class=\"wp-image-354\" srcset=\"https:\/\/tt.utu.fi\/sweng\/wp-content\/uploads\/sites\/19\/2022\/08\/UTU_logo_EN_RGB.png 828w, https:\/\/tt.utu.fi\/sweng\/wp-content\/uploads\/sites\/19\/2022\/08\/UTU_logo_EN_RGB-300x112.png 300w, https:\/\/tt.utu.fi\/sweng\/wp-content\/uploads\/sites\/19\/2022\/08\/UTU_logo_EN_RGB-768x286.png 768w, https:\/\/tt.utu.fi\/sweng\/wp-content\/uploads\/sites\/19\/2022\/08\/UTU_logo_EN_RGB-676x251.png 676w\" sizes=\"auto, (max-width: 828px) 100vw, 828px\" \/><\/figure>\n<\/div>\n\n\n\n<div class=\"wp-block-column is-vertically-aligned-center is-style-default\" style=\"border-style:none;border-width:0px;padding-right:0;padding-left:0\"><div class=\"wp-block-image\">\n<figure class=\"aligncenter size-large is-resized\"><a href=\"https:\/\/varsinais-suomi.fi\/\"><img decoding=\"async\" src=\"https:\/\/www.lounaistieto.fi\/wp-content\/uploads\/2021\/12\/vsl_logo_fi_sv_sininen_rgb-2048x301.png\" alt=\"\" style=\"width:341px;height:auto\"\/><\/a><\/figure>\n<\/div><\/div>\n<\/div>\n\n\n\n<h2 class=\"wp-block-heading\">Uutiset<\/h2>\n\n\n<ul class=\"wp-block-latest-posts__list has-dates wp-block-latest-posts\"><li><a class=\"wp-block-latest-posts__post-title\" href=\"https:\/\/tt.utu.fi\/sweng\/2026\/02\/23\/pistekohteet-nyt-lippaassa-luonnoksina\/\">Pistekohteet nyt Lippaassa luonnoksina<\/a><time datetime=\"2026-02-23T16:33:24+00:00\" class=\"wp-block-latest-posts__post-date\">February 23, 2026<\/time><div class=\"wp-block-latest-posts__post-excerpt\"><div class=\"entry-summary\">\nOsana Digiretki-projektia yliopisto tukee Lounaistietoa datan viemisesss\u00e4 Varsinais-Suomen Virma.fi-ulkoilupalvelusta kansalliseen&hellip;\n<\/div><div class=\"link-more\"><a href=\"https:\/\/tt.utu.fi\/sweng\/2026\/02\/23\/pistekohteet-nyt-lippaassa-luonnoksina\/\" class=\"more-link\">Continue reading<span class=\"screen-reader-text\"> &ldquo;Pistekohteet nyt Lippaassa luonnoksina&rdquo;<\/span>&hellip;<\/a><\/div><\/div><\/li>\n<li><a class=\"wp-block-latest-posts__post-title\" href=\"https:\/\/tt.utu.fi\/sweng\/2025\/12\/26\/vieraskyna-retkeilykohdetiedot-palvelemaan-koko-suomea\/\">Vieraskyn\u00e4: Retkeilykohdetiedot palvelemaan koko Suomea<\/a><time datetime=\"2025-12-26T16:22:56+00:00\" class=\"wp-block-latest-posts__post-date\">December 26, 2025<\/time><div class=\"wp-block-latest-posts__post-excerpt\"><div class=\"entry-summary\">\nOsana yhteisty\u00f6t\u00e4 Lounaistiedon kanssa olemme Turun yliopistolla Ohjelmistotekniikan laboratoriossa osallistuneet&hellip;\n<\/div><div class=\"link-more\"><a href=\"https:\/\/tt.utu.fi\/sweng\/2025\/12\/26\/vieraskyna-retkeilykohdetiedot-palvelemaan-koko-suomea\/\" class=\"more-link\">Continue reading<span class=\"screen-reader-text\"> &ldquo;Vieraskyn\u00e4: Retkeilykohdetiedot palvelemaan koko Suomea&rdquo;<\/span>&hellip;<\/a><\/div><\/div><\/li>\n<li><a class=\"wp-block-latest-posts__post-title\" href=\"https:\/\/tt.utu.fi\/sweng\/2025\/05\/23\/kentalla-kaynti-voi-avata-ajatuksia\/\">&#8220;Kent\u00e4ll\u00e4&#8221; k\u00e4ynti voi avata ajatuksia<\/a><time datetime=\"2025-05-23T10:17:29+00:00\" class=\"wp-block-latest-posts__post-date\">May 23, 2025<\/time><div class=\"wp-block-latest-posts__post-excerpt\"><div class=\"entry-summary\">\nOsana Digiretki-projektia yliopisto on lupautunut rikastamaan yhdess\u00e4 Lounaistiedon kanssa dataa,&hellip;\n<\/div><div class=\"link-more\"><a href=\"https:\/\/tt.utu.fi\/sweng\/2025\/05\/23\/kentalla-kaynti-voi-avata-ajatuksia\/\" class=\"more-link\">Continue reading<span class=\"screen-reader-text\"> &ldquo;&#8220;Kent\u00e4ll\u00e4&#8221; k\u00e4ynti voi avata ajatuksia&rdquo;<\/span>&hellip;<\/a><\/div><\/div><\/li>\n<li><a class=\"wp-block-latest-posts__post-title\" href=\"https:\/\/tt.utu.fi\/sweng\/2025\/04\/07\/digiretki-on-alkanut\/\">Digiretki on alkanut<\/a><time datetime=\"2025-04-07T13:40:05+00:00\" class=\"wp-block-latest-posts__post-date\">April 7, 2025<\/time><div class=\"wp-block-latest-posts__post-excerpt\"><div class=\"entry-summary\">\nOhjelmistotekniikan laboratorio toteuttaa osana hankketta: Uusitun Virma-tietokannan tietomallin kuvaus sek\u00e4&hellip;\n<\/div><div class=\"link-more\"><a href=\"https:\/\/tt.utu.fi\/sweng\/2025\/04\/07\/digiretki-on-alkanut\/\" class=\"more-link\">Continue reading<span class=\"screen-reader-text\"> &ldquo;Digiretki on alkanut&rdquo;<\/span>&hellip;<\/a><\/div><\/div><\/li>\n<\/ul>\n\n\n<h2 class=\"wp-block-heading\">Kumppanit<\/h2>\n\n\n\n<figure class=\"wp-block-image size-full is-resized\"><a href=\"https:\/\/lounaistieto.fi\"><img loading=\"lazy\" decoding=\"async\" width=\"300\" height=\"139\" src=\"https:\/\/tt.utu.fi\/sweng\/wp-content\/uploads\/sites\/19\/2025\/04\/Avoimesti_pluslogo-300x139-1.png\" alt=\"\" class=\"wp-image-803\" style=\"width:227px;height:auto\"\/><\/a><\/figure>\n\n\n\n<h2 class=\"wp-block-heading\">Kysy lis\u00e4\u00e4<\/h2>\n\n\n\n<p><a href=\"https:\/\/tt.utu.fi\/staff#lamkoi\">Lauri Koivunen<\/a><\/p>\n\n\n\n<p><a href=\"https:\/\/tt.utu.fi\/staff#tusuma\">Tuomas M\u00e4kil\u00e4<\/a><\/p>\n\n\n\n<p><\/p>\n","protected":false},"excerpt":{"rendered":"<div class=\"entry-summary\">\nDigitaalisen retkeilydatan yhteentoimivuuden kehitt\u00e4minen (Digiretki)1. tammikuuta 2025 \u2013 31. joulukuuta 2026EURA 2021Budjetti: 246 180\u20acBudjetti UTU: 105 225 \u20ac Video: Lounaistieto Digiretki-hankkeen tavoitteena on tuoda Lounais-Suomen alueella yll\u00e4pidett\u00e4v\u00e4Virma-vaellusdata valtakunnalliseen Lipas-ulkoilutietopalveluun ja parantaa Lounais-Suomen vaellusreittien ja -kohteiden yll\u00e4pit\u00e4jien valmiuksia hy\u00f6dynt\u00e4\u00e4 palvelua. Samalla&hellip;\n<\/div>\n<div class=\"link-more\"><a href=\"https:\/\/tt.utu.fi\/sweng\/digiretki-fi\/\" class=\"more-link\">Continue reading<span class=\"screen-reader-text\"> &ldquo;Digitaalisen retkeilydatan yhteentoimivuuden kehitt\u00e4minen (Digiretki)&rdquo;<\/span>&hellip;<\/a><\/div>\n","protected":false},"author":33,"featured_media":0,"parent":0,"menu_order":0,"comment_status":"closed","ping_status":"closed","template":"","meta":{"_acf_changed":false,"footnotes":""},"class_list":["post-828","page","type-page","status-publish","hentry","entry"],"acf":[],"_links":{"self":[{"href":"https:\/\/tt.utu.fi\/sweng\/wp-json\/wp\/v2\/pages\/828","targetHints":{"allow":["GET"]}}],"collection":[{"href":"https:\/\/tt.utu.fi\/sweng\/wp-json\/wp\/v2\/pages"}],"about":[{"href":"https:\/\/tt.utu.fi\/sweng\/wp-json\/wp\/v2\/types\/page"}],"author":[{"embeddable":true,"href":"https:\/\/tt.utu.fi\/sweng\/wp-json\/wp\/v2\/users\/33"}],"replies":[{"embeddable":true,"href":"https:\/\/tt.utu.fi\/sweng\/wp-json\/wp\/v2\/comments?post=828"}],"version-history":[{"count":7,"href":"https:\/\/tt.utu.fi\/sweng\/wp-json\/wp\/v2\/pages\/828\/revisions"}],"predecessor-version":[{"id":889,"href":"https:\/\/tt.utu.fi\/sweng\/wp-json\/wp\/v2\/pages\/828\/revisions\/889"}],"wp:attachment":[{"href":"https:\/\/tt.utu.fi\/sweng\/wp-json\/wp\/v2\/media?parent=828"}],"curies":[{"name":"wp","href":"https:\/\/api.w.org\/{rel}","templated":true}]}}