{"id":772,"date":"2025-01-31T11:32:27","date_gmt":"2025-01-31T11:32:27","guid":{"rendered":"https:\/\/tt.utu.fi\/sweng\/?page_id=772"},"modified":"2025-11-03T11:18:49","modified_gmt":"2025-11-03T11:18:49","slug":"digiretki","status":"publish","type":"page","link":"https:\/\/tt.utu.fi\/sweng\/digiretki\/","title":{"rendered":"Developing interoperability of digital recreational data (Digiretki)"},"content":{"rendered":"\n<div class=\"wp-block-columns\">\n<div class=\"wp-block-column\" style=\"flex-basis:66.66%\">\n<p class=\"has-background\" style=\"background-color:#dcddde\"><strong>Developing interoperability of digital recreational data<\/strong> (Digiretki)<br>1 January 2025 \u2013 31 December 2026<br>EURA 2021<br>Budget: 246 180\u20ac<br>Budget UTU: 105 225 \u20ac<\/p>\n<\/div>\n\n\n\n<div class=\"wp-block-column\" style=\"flex-basis:33.33%\"><\/div>\n<\/div>\n\n\n\n<p>The aim of the Digiretki project is to bring the <a href=\"https:\/\/virma.fi\">Virma hiking data<\/a> maintained in the Southwest Finland region into <a href=\"https:\/\/luontoon.fi\">the national outdoor service<\/a> and to improve the capabilities of the administrators of hiking routes and destinations in Southwest Finland to utilize the service. At the same time, the Virma data will be enriched with new information content enabled by the Luontoon service. The project will develop the digital capabilities of the municipalities and associations in Southwest Finland to maintain their own data directly in the <a href=\"https:\/\/lipas.fi\/\">Lipas system<\/a> and improve the visibility of nature tourism companies in Southwest Finland in <a href=\"https:\/\/www.visitfinland.fi\/liiketoiminnan-kehittaminen\/digitaalisuus\/datahub\">Visit Finland&#8217;s DataHub database<\/a>.<\/p>\n\n\n\n<div class=\"wp-block-buttons is-layout-flex wp-block-buttons-is-layout-flex\">\n<div class=\"wp-block-button\"><a class=\"wp-block-button__link wp-element-button\" href=\"https:\/\/eura2021.fi\/hanketietopalvelu?koodi=A81356\">Additional Information in eura 2021<\/a><\/div>\n\n\n\n<div class=\"wp-block-button\"><a class=\"wp-block-button__link wp-element-button\" href=\"https:\/\/tt.utu.fi\/sweng\/digiretki-fi\/\">Suomeksi<\/a><\/div>\n<\/div>\n\n\n\n<figure class=\"wp-block-image size-large\"><img loading=\"lazy\" decoding=\"async\" width=\"1024\" height=\"228\" src=\"https:\/\/tt.utu.fi\/sweng\/wp-content\/uploads\/sites\/19\/2025\/02\/EN_Co-fundedbytheEU_RGB_POS-1024x228.png\" alt=\"\" class=\"wp-image-786\" srcset=\"https:\/\/tt.utu.fi\/sweng\/wp-content\/uploads\/sites\/19\/2025\/02\/EN_Co-fundedbytheEU_RGB_POS-1024x228.png 1024w, https:\/\/tt.utu.fi\/sweng\/wp-content\/uploads\/sites\/19\/2025\/02\/EN_Co-fundedbytheEU_RGB_POS-300x67.png 300w, https:\/\/tt.utu.fi\/sweng\/wp-content\/uploads\/sites\/19\/2025\/02\/EN_Co-fundedbytheEU_RGB_POS-768x171.png 768w, https:\/\/tt.utu.fi\/sweng\/wp-content\/uploads\/sites\/19\/2025\/02\/EN_Co-fundedbytheEU_RGB_POS-1536x343.png 1536w, https:\/\/tt.utu.fi\/sweng\/wp-content\/uploads\/sites\/19\/2025\/02\/EN_Co-fundedbytheEU_RGB_POS-2048x457.png 2048w\" sizes=\"auto, (max-width: 1024px) 100vw, 1024px\" \/><\/figure>\n\n\n\n<div class=\"wp-block-columns\">\n<div class=\"wp-block-column is-vertically-aligned-center\"><\/div>\n\n\n\n<div class=\"wp-block-column is-vertically-aligned-center is-style-default\" style=\"border-style:none;border-width:0px;padding-right:0;padding-left:0\"><div class=\"wp-block-image\">\n<figure class=\"aligncenter size-large is-resized\"><a href=\"https:\/\/varsinais-suomi.fi\/\"><img decoding=\"async\" src=\"https:\/\/www.lounaistieto.fi\/wp-content\/uploads\/2021\/12\/vsl_logo_fi_sv_sininen_rgb-2048x301.png\" alt=\"\" style=\"width:341px;height:auto\"\/><\/a><\/figure>\n<\/div><\/div>\n<\/div>\n\n\n\n<h2 class=\"wp-block-heading\">News<\/h2>\n\n\n<ul class=\"wp-block-latest-posts__list has-dates wp-block-latest-posts\"><li><a class=\"wp-block-latest-posts__post-title\" href=\"https:\/\/tt.utu.fi\/sweng\/2026\/02\/23\/pistekohteet-nyt-lippaassa-luonnoksina\/\">Pistekohteet nyt Lippaassa luonnoksina<\/a><time datetime=\"2026-02-23T16:33:24+00:00\" class=\"wp-block-latest-posts__post-date\">February 23, 2026<\/time><div class=\"wp-block-latest-posts__post-excerpt\"><div class=\"entry-summary\">\nOsana Digiretki-projektia yliopisto tukee Lounaistietoa datan viemisesss\u00e4 Varsinais-Suomen Virma.fi-ulkoilupalvelusta kansalliseen&hellip;\n<\/div><div class=\"link-more\"><a href=\"https:\/\/tt.utu.fi\/sweng\/2026\/02\/23\/pistekohteet-nyt-lippaassa-luonnoksina\/\" class=\"more-link\">Continue reading<span class=\"screen-reader-text\"> &ldquo;Pistekohteet nyt Lippaassa luonnoksina&rdquo;<\/span>&hellip;<\/a><\/div><\/div><\/li>\n<li><a class=\"wp-block-latest-posts__post-title\" href=\"https:\/\/tt.utu.fi\/sweng\/2025\/12\/26\/vieraskyna-retkeilykohdetiedot-palvelemaan-koko-suomea\/\">Vieraskyn\u00e4: Retkeilykohdetiedot palvelemaan koko Suomea<\/a><time datetime=\"2025-12-26T16:22:56+00:00\" class=\"wp-block-latest-posts__post-date\">December 26, 2025<\/time><div class=\"wp-block-latest-posts__post-excerpt\"><div class=\"entry-summary\">\nOsana yhteisty\u00f6t\u00e4 Lounaistiedon kanssa olemme Turun yliopistolla Ohjelmistotekniikan laboratoriossa osallistuneet&hellip;\n<\/div><div class=\"link-more\"><a href=\"https:\/\/tt.utu.fi\/sweng\/2025\/12\/26\/vieraskyna-retkeilykohdetiedot-palvelemaan-koko-suomea\/\" class=\"more-link\">Continue reading<span class=\"screen-reader-text\"> &ldquo;Vieraskyn\u00e4: Retkeilykohdetiedot palvelemaan koko Suomea&rdquo;<\/span>&hellip;<\/a><\/div><\/div><\/li>\n<li><a class=\"wp-block-latest-posts__post-title\" href=\"https:\/\/tt.utu.fi\/sweng\/2025\/05\/23\/kentalla-kaynti-voi-avata-ajatuksia\/\">&#8220;Kent\u00e4ll\u00e4&#8221; k\u00e4ynti voi avata ajatuksia<\/a><time datetime=\"2025-05-23T10:17:29+00:00\" class=\"wp-block-latest-posts__post-date\">May 23, 2025<\/time><div class=\"wp-block-latest-posts__post-excerpt\"><div class=\"entry-summary\">\nOsana Digiretki-projektia yliopisto on lupautunut rikastamaan yhdess\u00e4 Lounaistiedon kanssa dataa,&hellip;\n<\/div><div class=\"link-more\"><a href=\"https:\/\/tt.utu.fi\/sweng\/2025\/05\/23\/kentalla-kaynti-voi-avata-ajatuksia\/\" class=\"more-link\">Continue reading<span class=\"screen-reader-text\"> &ldquo;&#8220;Kent\u00e4ll\u00e4&#8221; k\u00e4ynti voi avata ajatuksia&rdquo;<\/span>&hellip;<\/a><\/div><\/div><\/li>\n<li><a class=\"wp-block-latest-posts__post-title\" href=\"https:\/\/tt.utu.fi\/sweng\/2025\/04\/07\/digiretki-on-alkanut\/\">Digiretki on alkanut<\/a><time datetime=\"2025-04-07T13:40:05+00:00\" class=\"wp-block-latest-posts__post-date\">April 7, 2025<\/time><div class=\"wp-block-latest-posts__post-excerpt\"><div class=\"entry-summary\">\nOhjelmistotekniikan laboratorio toteuttaa osana hankketta: Uusitun Virma-tietokannan tietomallin kuvaus sek\u00e4&hellip;\n<\/div><div class=\"link-more\"><a href=\"https:\/\/tt.utu.fi\/sweng\/2025\/04\/07\/digiretki-on-alkanut\/\" class=\"more-link\">Continue reading<span class=\"screen-reader-text\"> &ldquo;Digiretki on alkanut&rdquo;<\/span>&hellip;<\/a><\/div><\/div><\/li>\n<\/ul>\n\n\n<h2 class=\"wp-block-heading\">Key Partners<\/h2>\n\n\n\n<figure class=\"wp-block-image size-full is-resized\"><a href=\"https:\/\/www.lounaistieto.fi\/tietoa-meista\/hankkeet\/digitaalisen-retkeilydatan-yhteentoimivuuden-kehittaminen-digiretki\/\"><img loading=\"lazy\" decoding=\"async\" width=\"300\" height=\"139\" src=\"https:\/\/tt.utu.fi\/sweng\/wp-content\/uploads\/sites\/19\/2025\/04\/Avoimesti_pluslogo-300x139-1.png\" alt=\"\" class=\"wp-image-803\" style=\"width:227px;height:auto\"\/><\/a><\/figure>\n\n\n\n<h2 class=\"wp-block-heading\">Contact<\/h2>\n\n\n\n<p><a href=\"https:\/\/tt.utu.fi\/staff#lamkoi\">Lauri Koivunen<\/a><\/p>\n\n\n\n<p><a href=\"https:\/\/tt.utu.fi\/staff#tusuma\">Tuomas M\u00e4kil\u00e4<\/a><\/p>\n","protected":false},"excerpt":{"rendered":"<div class=\"entry-summary\">\nDeveloping interoperability of digital recreational data (Digiretki)1 January 2025 \u2013 31 December 2026EURA 2021Budget: 246 180\u20acBudget UTU: 105 225 \u20ac The aim of the Digiretki project is to bring the Virma hiking data maintained in the Southwest Finland region into&hellip;\n<\/div>\n<div class=\"link-more\"><a href=\"https:\/\/tt.utu.fi\/sweng\/digiretki\/\" class=\"more-link\">Continue reading<span class=\"screen-reader-text\"> &ldquo;Developing interoperability of digital recreational data (Digiretki)&rdquo;<\/span>&hellip;<\/a><\/div>\n","protected":false},"author":33,"featured_media":0,"parent":0,"menu_order":0,"comment_status":"closed","ping_status":"closed","template":"","meta":{"_acf_changed":false,"footnotes":""},"class_list":["post-772","page","type-page","status-publish","hentry","entry"],"acf":[],"_links":{"self":[{"href":"https:\/\/tt.utu.fi\/sweng\/wp-json\/wp\/v2\/pages\/772","targetHints":{"allow":["GET"]}}],"collection":[{"href":"https:\/\/tt.utu.fi\/sweng\/wp-json\/wp\/v2\/pages"}],"about":[{"href":"https:\/\/tt.utu.fi\/sweng\/wp-json\/wp\/v2\/types\/page"}],"author":[{"embeddable":true,"href":"https:\/\/tt.utu.fi\/sweng\/wp-json\/wp\/v2\/users\/33"}],"replies":[{"embeddable":true,"href":"https:\/\/tt.utu.fi\/sweng\/wp-json\/wp\/v2\/comments?post=772"}],"version-history":[{"count":20,"href":"https:\/\/tt.utu.fi\/sweng\/wp-json\/wp\/v2\/pages\/772\/revisions"}],"predecessor-version":[{"id":884,"href":"https:\/\/tt.utu.fi\/sweng\/wp-json\/wp\/v2\/pages\/772\/revisions\/884"}],"wp:attachment":[{"href":"https:\/\/tt.utu.fi\/sweng\/wp-json\/wp\/v2\/media?parent=772"}],"curies":[{"name":"wp","href":"https:\/\/api.w.org\/{rel}","templated":true}]}}