{"id":424,"date":"2023-03-23T15:04:28","date_gmt":"2023-03-23T15:04:28","guid":{"rendered":"https:\/\/tt.utu.fi\/sweng\/?page_id=424"},"modified":"2025-08-20T11:06:40","modified_gmt":"2025-08-20T11:06:40","slug":"enigma","status":"publish","type":"page","link":"https:\/\/tt.utu.fi\/sweng\/enigma\/","title":{"rendered":"ENIGMA"},"content":{"rendered":"\n<p class=\"has-text-align-center\"><strong>EN<\/strong>dors<strong>I<\/strong>ng safe<strong>G<\/strong>uarding, protection and provenance <strong>MA<\/strong>nagement of cultural heritage.<\/p>\n\n\n\n<figure class=\"wp-block-table\"><table><tbody><tr><td>Start 1.1.2023 &#8211; Finalizes 31.12.2025<br>H2020 EU project<br>EU Grant Agreement ID: 101094327<br><br>Budget project: 3,993,500.00 \u20ac<br>Budget UTU: 345,000\u20ac<\/td><td> <img loading=\"lazy\" decoding=\"async\" width=\"5000\" height=\"2345\" class=\"wp-image-444\" style=\"width: 250px\" src=\"https:\/\/tt.utu.fi\/sweng\/wp-content\/uploads\/sites\/19\/2023\/03\/ENIGMA-logo-H.png\" alt=\"\" srcset=\"https:\/\/tt.utu.fi\/sweng\/wp-content\/uploads\/sites\/19\/2023\/03\/ENIGMA-logo-H.png 5000w, https:\/\/tt.utu.fi\/sweng\/wp-content\/uploads\/sites\/19\/2023\/03\/ENIGMA-logo-H-300x141.png 300w, https:\/\/tt.utu.fi\/sweng\/wp-content\/uploads\/sites\/19\/2023\/03\/ENIGMA-logo-H-1024x480.png 1024w, https:\/\/tt.utu.fi\/sweng\/wp-content\/uploads\/sites\/19\/2023\/03\/ENIGMA-logo-H-768x360.png 768w, https:\/\/tt.utu.fi\/sweng\/wp-content\/uploads\/sites\/19\/2023\/03\/ENIGMA-logo-H-1536x720.png 1536w, https:\/\/tt.utu.fi\/sweng\/wp-content\/uploads\/sites\/19\/2023\/03\/ENIGMA-logo-H-2048x961.png 2048w\" sizes=\"auto, (max-width: 5000px) 100vw, 5000px\" \/><br><br><img loading=\"lazy\" decoding=\"async\" width=\"4247\" height=\"891\" class=\"wp-image-483\" style=\"width: 200px\" src=\"https:\/\/tt.utu.fi\/sweng\/wp-content\/uploads\/sites\/19\/2023\/03\/EN-Funded-by-the-EU-PANTONE.png\" alt=\"\" srcset=\"https:\/\/tt.utu.fi\/sweng\/wp-content\/uploads\/sites\/19\/2023\/03\/EN-Funded-by-the-EU-PANTONE.png 4247w, https:\/\/tt.utu.fi\/sweng\/wp-content\/uploads\/sites\/19\/2023\/03\/EN-Funded-by-the-EU-PANTONE-300x63.png 300w, https:\/\/tt.utu.fi\/sweng\/wp-content\/uploads\/sites\/19\/2023\/03\/EN-Funded-by-the-EU-PANTONE-1024x215.png 1024w, https:\/\/tt.utu.fi\/sweng\/wp-content\/uploads\/sites\/19\/2023\/03\/EN-Funded-by-the-EU-PANTONE-768x161.png 768w, https:\/\/tt.utu.fi\/sweng\/wp-content\/uploads\/sites\/19\/2023\/03\/EN-Funded-by-the-EU-PANTONE-1536x322.png 1536w, https:\/\/tt.utu.fi\/sweng\/wp-content\/uploads\/sites\/19\/2023\/03\/EN-Funded-by-the-EU-PANTONE-2048x430.png 2048w\" sizes=\"auto, (max-width: 4247px) 100vw, 4247px\" \/><\/td><\/tr><\/tbody><\/table><\/figure>\n\n\n\n<p>Cultural Heritage  is a testimony of past human activity. Within our heritage we find  objects that exhibit particular value for a diversity of reasons and we denominate them as Cultural Goods.  These Cultural Goods have a great variety in their nature, size and complexity. They can be small artifacts and museum items to cultural landscapes, from historic buildings and ancient monuments to city centers and archaeological sites.<\/p>\n\n\n\n<p>Today, Cultural Goods and artifacts are put at risk through several anthropogenic actions.  Anthropogenic threats take various dimensions, ranging from theft from museums, private collections, and religious buildings, smuggling and illicit trade of CGs, the irremediable looting and demolition of archaeological sites by clandestine excavators, or simply neglecting of heritage sites.<\/p>\n\n\n\n<p>ENIGMA shall achieve excellence in the protection of Cultural Goods and artifacts from man-made threats by contributing to identification, traceability, and provenance research of Cultural Goods as well as by safeguarding and monitoring of endangered heritage sites. ENIGMA objectives are designed to help the involved stakeholders better respond to this complex, and multi-dimensional problem, and leverage active collaboration by fostering and enabling interlinking of databases, and evidence-based deployment of preventative measures.<\/p>\n\n\n\n<h2 class=\"wp-block-heading\">Key partners <\/h2>\n\n\n\n<figure class=\"wp-block-table\"><table><tbody><tr><td>ARISTOTELIO PANEPISTIMIO THESSALONIKIS  (<strong>coordinator<\/strong>)<br>GEOSPATIAL INFORMATION TECHNOLOGIES P.C.<br>ERATOSTHENES CENTRE OF EXCELLENCE<br>CELLOCK LTD<br>KONINKLIJKE MUSEA VOOR KUNST EN GESCHIEDENIS<br>KENTRO MELETON ASFALEIAS<br>HELLENIC POLICE<br>HERITAGE MALTA<br>NOESIS TECHNOLOGIES<br>MIRALAB SARL<br>ANYSOLUTION S.L.<br>UNIVERSITY OF TURKU<\/td><td>Greece<br>Greece<br>Cyprus <br>Cyprus<br>Belgium<br>Greece<br>Greece<br>Malta<br>Greece<br>Switzerland<br>Spain<br>Finland<br><\/td><\/tr><\/tbody><\/table><figcaption class=\"wp-element-caption\">Consortium<\/figcaption><\/figure>\n\n\n\n<figure class=\"wp-block-image size-large\"><img loading=\"lazy\" decoding=\"async\" width=\"1024\" height=\"1024\" src=\"https:\/\/tt.utu.fi\/sweng\/wp-content\/uploads\/sites\/19\/2023\/03\/ENIGMAmapForPressRelease-1024x1024.png\" alt=\"\" class=\"wp-image-477\" srcset=\"https:\/\/tt.utu.fi\/sweng\/wp-content\/uploads\/sites\/19\/2023\/03\/ENIGMAmapForPressRelease-1024x1024.png 1024w, https:\/\/tt.utu.fi\/sweng\/wp-content\/uploads\/sites\/19\/2023\/03\/ENIGMAmapForPressRelease-300x300.png 300w, https:\/\/tt.utu.fi\/sweng\/wp-content\/uploads\/sites\/19\/2023\/03\/ENIGMAmapForPressRelease-150x150.png 150w, https:\/\/tt.utu.fi\/sweng\/wp-content\/uploads\/sites\/19\/2023\/03\/ENIGMAmapForPressRelease-768x768.png 768w, https:\/\/tt.utu.fi\/sweng\/wp-content\/uploads\/sites\/19\/2023\/03\/ENIGMAmapForPressRelease-1536x1536.png 1536w, https:\/\/tt.utu.fi\/sweng\/wp-content\/uploads\/sites\/19\/2023\/03\/ENIGMAmapForPressRelease.png 1695w\" sizes=\"auto, (max-width: 1024px) 100vw, 1024px\" \/><figcaption class=\"wp-element-caption\">Geographical distribution of partners<\/figcaption><\/figure>\n\n\n\n<h2 class=\"wp-block-heading\">Additional information <\/h2>\n\n\n\n<ul class=\"wp-block-list\">\n<li><a rel=\"noreferrer noopener\" href=\"https:\/\/cordis.europa.eu\/project\/id\/101094237\" target=\"_blank\">EU fact sheet <\/a><\/li>\n\n\n\n<li><a href=\"https:\/\/www.linkedin.com\/in\/enigma-euproject-8a0b6025b\/\" target=\"_blank\" rel=\"noreferrer noopener\">ENIGMA LinkedIn<\/a><\/li>\n\n\n\n<li><a href=\"https:\/\/www.facebook.com\/profile.php?id=100089814246649\" target=\"_blank\" rel=\"noreferrer noopener\">ENIGMA Facebook <\/a><\/li>\n\n\n\n<li><a href=\"https:\/\/twitter.com\/EnigmaEuproject\" target=\"_blank\" rel=\"noreferrer noopener\">ENIGMA Twitter<\/a><\/li>\n<\/ul>\n\n\n\n<h2 class=\"wp-block-heading\">Ask more <\/h2>\n\n\n\n<p><a href=\"https:\/\/www.utu.fi\/en\/people\/carolina-islas-sedano\" data-type=\"URL\" data-id=\"https:\/\/www.utu.fi\/en\/people\/carolina-islas-sedano\" target=\"_blank\" rel=\"noreferrer noopener\">Carolina Islas<\/a>, PhD   (UTU contact person)<\/p>\n\n\n\n<p><\/p>\n\n\n\n<h2 class=\"wp-block-heading\">Selected publication <\/h2>\n\n\n\n<p>V\u00e4h\u00e4m\u00e4ki, Santeri (2025). <em>Leveraging text extraction and language models for coin image classification<\/em> [Master&#8217;s Thesis, University of Turku]. <a href=\"https:\/\/www.utupub.fi\/handle\/10024\/181930\">https:\/\/www.utupub.fi\/handle\/10024\/181930<\/a><\/p>\n\n\n\n<p>Islas, C., J\u00e4rvi, A., Zelioli, L. and Vastenhoud, C. (2024 December) <em>Reflecting on the Concept of Similarity in Digital Cultural Heritage Domain<\/em>. Paper presentation at International Conference on Digital Heritage (EUROMED) Conference 2024, Limasol, Cyprus. <a href=\"https:\/\/euromed2024.eu\/wp-content\/uploads\/2024\/12\/EuroMed2024_BOOKLET_v034.pdf\">https:\/\/euromed2024.eu\/wp-content\/uploads\/2024\/12\/EuroMed2024_BOOKLET_v034.pdf<\/a><\/p>\n\n\n\n<p><\/p>\n","protected":false},"excerpt":{"rendered":"<div class=\"entry-summary\">\nENdorsIng safeGuarding, protection and provenance MAnagement of cultural heritage. Start 1.1.2023 &#8211; Finalizes 31.12.2025H2020 EU projectEU Grant Agreement ID: 101094327 Budget project: 3,993,500.00 \u20acBudget UTU: 345,000\u20ac Cultural Heritage is a testimony of past human activity. Within our heritage we find&hellip;\n<\/div>\n<div class=\"link-more\"><a href=\"https:\/\/tt.utu.fi\/sweng\/enigma\/\" class=\"more-link\">Continue reading<span class=\"screen-reader-text\"> &ldquo;ENIGMA&rdquo;<\/span>&hellip;<\/a><\/div>\n","protected":false},"author":1938,"featured_media":0,"parent":0,"menu_order":0,"comment_status":"closed","ping_status":"closed","template":"","meta":{"_acf_changed":false,"footnotes":""},"class_list":["post-424","page","type-page","status-publish","hentry","entry"],"acf":[],"_links":{"self":[{"href":"https:\/\/tt.utu.fi\/sweng\/wp-json\/wp\/v2\/pages\/424","targetHints":{"allow":["GET"]}}],"collection":[{"href":"https:\/\/tt.utu.fi\/sweng\/wp-json\/wp\/v2\/pages"}],"about":[{"href":"https:\/\/tt.utu.fi\/sweng\/wp-json\/wp\/v2\/types\/page"}],"author":[{"embeddable":true,"href":"https:\/\/tt.utu.fi\/sweng\/wp-json\/wp\/v2\/users\/1938"}],"replies":[{"embeddable":true,"href":"https:\/\/tt.utu.fi\/sweng\/wp-json\/wp\/v2\/comments?post=424"}],"version-history":[{"count":16,"href":"https:\/\/tt.utu.fi\/sweng\/wp-json\/wp\/v2\/pages\/424\/revisions"}],"predecessor-version":[{"id":848,"href":"https:\/\/tt.utu.fi\/sweng\/wp-json\/wp\/v2\/pages\/424\/revisions\/848"}],"wp:attachment":[{"href":"https:\/\/tt.utu.fi\/sweng\/wp-json\/wp\/v2\/media?parent=424"}],"curies":[{"name":"wp","href":"https:\/\/api.w.org\/{rel}","templated":true}]}}