{"id":113,"date":"2019-09-13T10:44:10","date_gmt":"2019-09-13T10:44:10","guid":{"rendered":"http:\/\/tt.utu.fi\/soft\/?page_id=7"},"modified":"2025-01-27T07:07:31","modified_gmt":"2025-01-27T07:07:31","slug":"publications","status":"publish","type":"page","link":"https:\/\/tt.utu.fi\/sweng\/publications\/","title":{"rendered":"Publications"},"content":{"rendered":"\n<p><\/p>\n\n\n\n<h2 class=\"wp-block-heading\" id=\"publications\">Latest Academic Publications<\/h2>\n\n\n<ul id=\"recent_publications_list\">\t<li class=\"publication_line\">\t\t<a class=\"publink\" href=\"https:\/\/ceur-ws.org\/Vol-4181\/paper12.pdf\" title=\"PDF\"><span class=\"dashicons dashicons-media-text\"><\/span><\/a>\t\t<a href=\"https:\/\/research.utu.fi\/converis\/portal\/Publication\/515825793\" title=\"Listing of the True and Practical Cyber Security Risks of Social Media: Why Is It a Dangerous Place For a Content Creator And a Business&lt;br \/&gt;Finska, Kia; Majanoja, Anne-Maarit; Hakkala, Antti\">Listing of the True and Practical Cyber Security Risks of Social Media: Why Is It a Dangerous Place For a Content Creator And a Business<\/a>\t\t\t\t<br\/>\t\t<small class=\"pubauthor\">Finska, Kia; Majanoja, Anne-Maarit; Hakkala, Antti<\/small>\t<\/li>\t<li class=\"publication_line\">\t\t<a class=\"publink\" href=\"https:\/\/ceur-ws.org\/Vol-4181\/paper10.pdf\" title=\"PDF\"><span class=\"dashicons dashicons-media-text\"><\/span><\/a>\t\t<a href=\"https:\/\/research.utu.fi\/converis\/portal\/Publication\/515825408\" title=\"Analyzing Third-Party Data Leaks on EU Healthcare Websites&lt;br \/&gt;Rajapaksha, Sammani; Heino, Timi; Puhtila, Panu; Rauti, Sampsa\">Analyzing Third-Party Data Leaks on EU Healthcare Websites<\/a>\t\t\t\t<br\/>\t\t<small class=\"pubauthor\">Rajapaksha, Sammani; Heino, Timi; Puhtila, Panu; Rauti, Sampsa<\/small>\t<\/li>\t<li class=\"publication_line\">\t\t<a class=\"publink\" href=\"https:\/\/doi.org\/10.12821\/ijispm140102\" title=\"PDF\"><span class=\"dashicons dashicons-media-text\"><\/span><\/a>\t\t<a href=\"https:\/\/research.utu.fi\/converis\/portal\/Publication\/509031884\" title=\"Quality, security, and privacy assurance in software development: proactive integration or just workflow-slowing checkpoints?&lt;br \/&gt;Majanoja, Anne-Maarit; Lepp\u00e4nen, Ville\">Quality, security, and privacy assurance in software development: proactive integration or just workflow-slowing checkpoints?<\/a>\t\t\t\t<br\/>\t\t<small class=\"pubauthor\">Majanoja, Anne-Maarit; Lepp\u00e4nen, Ville<\/small>\t<\/li>\t<li class=\"publication_line\">\t\t<a class=\"publink\" href=\"https:\/\/doi.org\/10.1007\/978-3-032-14518-5_5\" title=\"PDF\"><span class=\"dashicons dashicons-media-text\"><\/span><\/a>\t\t<a href=\"https:\/\/research.utu.fi\/converis\/portal\/Publication\/508884805\" title=\"Engineering Data Architectures for AI\/ML Integration in Regulated Manufacturing&lt;br \/&gt;Shubina, Viktoriia; Ranti, Tuomas; Juppo, Anne; M\u00e4kil\u00e4, Tuomas\">Engineering Data Architectures for AI\/ML Integration in Regulated Manufacturing<\/a>\t\t\t\t<br\/>\t\t<small class=\"pubauthor\">Shubina, Viktoriia; Ranti, Tuomas; Juppo, Anne; M\u00e4kil\u00e4, Tuomas<\/small>\t<\/li>\t<li class=\"publication_line\">\t\t<a class=\"publink\" href=\"https:\/\/ceur-ws.org\/Vol-4181\/paper02.pdf\" title=\"PDF\"><span class=\"dashicons dashicons-media-text\"><\/span><\/a>\t\t<a href=\"https:\/\/research.utu.fi\/converis\/portal\/Publication\/508258622\" title=\"Large Language Model Performance in Automatic Assessment on an Introductory Programming Course&lt;br \/&gt;Rytilahti, Juuso; Kaila, Erkki; Ingman, Valtteri\">Large Language Model Performance in Automatic Assessment on an Introductory Programming Course<\/a>\t\t\t\t<br\/>\t\t<small class=\"pubauthor\">Rytilahti, Juuso; Kaila, Erkki; Ingman, Valtteri<\/small>\t<\/li>\t<li class=\"publication_line\">\t\t<a class=\"publink\" href=\"https:\/\/ceur-ws.org\/Vol-4181\/paper01.pdf\" title=\"PDF\"><span class=\"dashicons dashicons-media-text\"><\/span><\/a>\t\t<a href=\"https:\/\/research.utu.fi\/converis\/portal\/Publication\/508257582\" title=\"Can GPT-4 Enhance Teaching? A Pilot Study on AI-Driven Analysis of Student Course Feedback&lt;br \/&gt;Weerakoon, Oshani; Puhtila, Panu; M\u00e4kil\u00e4, Tuomas; Kaila, Erkki\">Can GPT-4 Enhance Teaching? A Pilot Study on AI-Driven Analysis of Student Course Feedback<\/a>\t\t\t\t<br\/>\t\t<small class=\"pubauthor\">Weerakoon, Oshani; Puhtila, Panu; M\u00e4kil\u00e4, Tuomas; Kaila, Erkki<\/small>\t<\/li>\t<li class=\"publication_line\">\t\t<a class=\"publink\" href=\"https:\/\/doi.org\/10.1007\/978-3-032-14518-5_17\" title=\"PDF\"><span class=\"dashicons dashicons-media-text\"><\/span><\/a>\t\t<a href=\"https:\/\/research.utu.fi\/converis\/portal\/Publication\/508254637\" title=\"Enhancing Agile Workflows with AI-Driven, Sustainability-Aware Requirements Engineering: A Design Science Approach&lt;br \/&gt;Weerakoon, Oshani; Oyedeji, Shola; Samad, Md Abdus; Abubakar, Abdulkadir; Ishan, et al.\">Enhancing Agile Workflows with AI-Driven, Sustainability-Aware Requirements Engineering: A Design Science Approach<\/a>\t\t\t\t<br\/>\t\t<small class=\"pubauthor\">Weerakoon, Oshani; Oyedeji, Shola; Samad, Md Abdus;  Abubakar, Abdulkadir; Ishan, Ahsan; Shayan, Muhammad; M\u00e4kil\u00e4, Tuomas; Kaila, Erkki<\/small>\t<\/li>\t<li class=\"publication_line\">\t\t<a class=\"publink\" href=\" https:\/\/doi.org\/10.1007\/978-3-032-12313-8_15\" title=\"PDF\"><span class=\"dashicons dashicons-media-text\"><\/span><\/a>\t\t<a href=\"https:\/\/research.utu.fi\/converis\/portal\/Publication\/508231613\" title=\"Utilizing Large Language Model for Programming Course Exercise Generation&lt;br \/&gt;Kaila, Erkki; Rytilahti, Juuso; Lempinen, William; Lindgren, Luuka\">Utilizing Large Language Model for Programming Course Exercise Generation<\/a>\t\t\t\t<br\/>\t\t<small class=\"pubauthor\">Kaila, Erkki; Rytilahti, Juuso; Lempinen, William; Lindgren, Luuka<\/small>\t<\/li>\t<li class=\"publication_line\">\t\t<a class=\"publink\" href=\"https:\/\/doi.org\/10.1201\/9781003581642-3\" title=\"PDF\"><span class=\"dashicons dashicons-media-text\"><\/span><\/a>\t\t<a href=\"https:\/\/research.utu.fi\/converis\/portal\/Publication\/506133924\" title=\"Exploring Interactive Storytelling in Virtual Reality for Teaching Quantum Physics and Computation: A Comparative Analysis of Qwiz and Qplayground&lt;br \/&gt;Skult, Natasha; Piispanen, Laura; Smed, Jouni\">Exploring Interactive Storytelling in Virtual Reality for Teaching Quantum Physics and Computation: A Comparative Analysis of Qwiz and Qplayground<\/a>\t\t\t\t<br\/>\t\t<small class=\"pubauthor\">Skult, Natasha; Piispanen, Laura; Smed, Jouni<\/small>\t<\/li>\t<li class=\"publication_line\">\t\t<a class=\"publink\" href=\"https:\/\/doi.org\/10.1201\/9781003581642-2\" title=\"PDF\"><span class=\"dashicons dashicons-media-text\"><\/span><\/a>\t\t<a href=\"https:\/\/research.utu.fi\/converis\/portal\/Publication\/506133548\" title=\"Navigating Identities: Avatar Customization and Transgender Experiences in Social VR&lt;br \/&gt;Wiik, Joona; Suovuo, Tomi &quot;bgt&quot;; K\u00e4hk\u00f6nen, Lotta; Smed, Jouni\">Navigating Identities: Avatar Customization and Transgender Experiences in Social VR<\/a>\t\t\t\t<br\/>\t\t<small class=\"pubauthor\">Wiik, Joona; Suovuo, Tomi &quot;bgt&quot;; K\u00e4hk\u00f6nen, Lotta; Smed, Jouni<\/small>\t<\/li><\/ul><a class=\"morepubsbtn\" href=\"?more_publications=1#recent_publications_list\" title=\"Expand list...\">Expand\u2026<\/a><a title=\"View all publications and people\" class=\"morepubsbtn\" href=\"https:\/\/research.utu.fi\/converis\/portal\/Organisation\/1241971\">\ud83d\udd0d All publications<\/a><div style=\"clear: both;\"><\/div>\n\n\n\n<h3 class=\"wp-block-heading\">2024-2021<\/h3>\n\n\n<ul id=\"recent_publications_list\">\t<li class=\"publication_line\">\t\t<a class=\"publink\" href=\"https:\/\/link.springer.com\/chapter\/10.1007\/978-3-031-60224-5_17\" title=\"PDF\"><span class=\"dashicons dashicons-media-text\"><\/span><\/a>\t\t<a href=\"https:\/\/research.utu.fi\/converis\/portal\/Publication\/404719656\" title=\"Participating Elementary School Children in UI Design Process of Learning Environment: Case KidNet&lt;br \/&gt;Tapola Mirva, M\u00e4kil\u00e4 Tuomas, Erdmann Norbert, Mikkil\u00e4-Erdmann Mirjamaija\">Participating Elementary School Children in UI Design Process of Learning Environment: Case KidNet<\/a>\t\t<small class=\"pubyear\">(2024)<\/small>\t\t<br\/>\t\t<small class=\"pubauthor\">Tapola Mirva, M\u00e4kil\u00e4 Tuomas, Erdmann Norbert, Mikkil\u00e4-Erdmann Mirjamaija<\/small>\t<\/li>\t<li class=\"publication_line\">\t\t<a class=\"publink\" href=\"https:\/\/www.tandfonline.com\/doi\/full\/10.1080\/1362704X.2024.2339251\" title=\"PDF\"><span class=\"dashicons dashicons-media-text\"><\/span><\/a>\t\t<a href=\"https:\/\/research.utu.fi\/converis\/portal\/Publication\/393452079\" title=\"Fair Data is the New Black : Online Shopping, Data Leaks, and Broadening the Understanding of Sustainable Fashion&lt;br \/&gt;V\u00e4nsk\u00e4 Annamari, Rauti Sampsa, Heino Timi, Carlsson Robin, Mickelsson Sini, et al.\">Fair Data is the New Black : Online Shopping, Data Leaks, and Broadening the Understanding of Sustainable Fashion<\/a>\t\t<small class=\"pubyear\">(2024)<\/small>\t\t<br\/>\t\t<small class=\"pubauthor\">V\u00e4nsk\u00e4 Annamari, Rauti Sampsa, Heino Timi, Carlsson Robin, Mickelsson Sini, S\u00e4rm\u00e4kari Natalia<\/small>\t<\/li>\t<li class=\"publication_line\">\t\t<a class=\"publink\" href=\"https:\/\/doi.org\/10.1007\/978-3-031-45642-8_16\" title=\"PDF\"><span class=\"dashicons dashicons-media-text\"><\/span><\/a>\t\t<a href=\"https:\/\/research.utu.fi\/converis\/portal\/Publication\/387704148\" title=\"Several Online Pharmacies Leak Sensitive Health Data to Third Parties&lt;br \/&gt;Carlsson Robin, Rauti Sampsa, Mickelsson Sini, M\u00e4kil\u00e4 Tuomas, Heino Timi, et al.\">Several Online Pharmacies Leak Sensitive Health Data to\u00a0Third Parties<\/a>\t\t<small class=\"pubyear\">(2024)<\/small>\t\t<br\/>\t\t<small class=\"pubauthor\">Carlsson Robin, Rauti Sampsa, Mickelsson Sini, M\u00e4kil\u00e4 Tuomas, Heino Timi, Pirjatanniemi Elina, Lepp\u00e4nen Ville<\/small>\t<\/li>\t<li class=\"publication_line\">\t\t<a class=\"publink\" href=\"https:\/\/link.springer.com\/article\/10.1007\/s12553-024-00819-w\" title=\"PDF\"><span class=\"dashicons dashicons-media-text\"><\/span><\/a>\t\t<a href=\"https:\/\/research.utu.fi\/converis\/portal\/Publication\/386995639\" title=\"Analyzing third-party data leaks on online pharmacy websites&lt;br \/&gt;Rauti Sampsa, Carlsson Robin, Mickelsson Sini, M\u00e4kil\u00e4 Tuomas, Heino Timi, et al.\">Analyzing third-party data leaks on online pharmacy websites<\/a>\t\t<small class=\"pubyear\">(2024)<\/small>\t\t<br\/>\t\t<small class=\"pubauthor\">Rauti Sampsa, Carlsson Robin, Mickelsson Sini, M\u00e4kil\u00e4 Tuomas, Heino Timi, Pirjatanniemi Elina, Lepp\u00e4nen Ville<\/small>\t<\/li>\t<li class=\"publication_line\">\t\t<a class=\"publink\" href=\"https:\/\/www.mdpi.com\/2414-4088\/8\/2\/10\" title=\"PDF\"><span class=\"dashicons dashicons-media-text\"><\/span><\/a>\t\t<a href=\"https:\/\/research.utu.fi\/converis\/portal\/Publication\/381221026\" title=\"A Comparison of One- and Two-Handed Gesture User Interfaces in Virtual Reality\u2014A Task-Based Approach&lt;br \/&gt;Nyyss\u00f6nen Taneli, Helle Seppo, Lehtonen Teijo, Smed Jouni\">A Comparison of One- and Two-Handed Gesture User Interfaces in Virtual Reality\u2014A Task-Based Approach <\/a>\t\t<small class=\"pubyear\">(2024)<\/small>\t\t<br\/>\t\t<small class=\"pubauthor\">Nyyss\u00f6nen Taneli, Helle Seppo, Lehtonen Teijo, Smed Jouni<\/small>\t<\/li>\t<li class=\"publication_line\">\t\t<a class=\"publink\" href=\"https:\/\/urn.fi\/URN:NBN:fi-fe2023073192393\" title=\"PDF\"><span class=\"dashicons dashicons-media-text\"><\/span><\/a>\t\t<a href=\"https:\/\/research.utu.fi\/converis\/portal\/Publication\/387626258\" title=\"Using Low-Tech Prototype to Study Children\u2019s Preferences for UI Components : Case KidNet&lt;br \/&gt;Tapola Mirva\">Using Low-Tech Prototype to Study Children\u2019s Preferences for UI Components : Case KidNet<\/a>\t\t<small class=\"pubyear\">(2023)<\/small>\t\t<br\/>\t\t<small class=\"pubauthor\">Tapola Mirva<\/small>\t<\/li>\t<li class=\"publication_line\">\t\t<a class=\"publink\" href=\"https:\/\/ieeexplore.ieee.org\/document\/10474822\" title=\"PDF\"><span class=\"dashicons dashicons-media-text\"><\/span><\/a>\t\t<a href=\"https:\/\/research.utu.fi\/converis\/portal\/Publication\/387462263\" title=\"Privacy Risks of Third-Party Services on Women's Shelter Websites&lt;br \/&gt;Puhtila Panu, Carlsson Robin, Rauti Sampsa\">Privacy Risks of Third-Party Services on Women's Shelter Websites<\/a>\t\t<small class=\"pubyear\">(2023)<\/small>\t\t<br\/>\t\t<small class=\"pubauthor\">Puhtila Panu, Carlsson Robin, Rauti Sampsa<\/small>\t<\/li>\t<li class=\"publication_line\">\t\t<a class=\"publink\" href=\"https:\/\/ieeexplore.ieee.org\/document\/10475119\" title=\"PDF\"><span class=\"dashicons dashicons-media-text\"><\/span><\/a>\t\t<a href=\"https:\/\/research.utu.fi\/converis\/portal\/Publication\/387461474\" title=\"Data Leaks to Third-Party Services on Medical Websites&lt;br \/&gt;Rauti Sampsa, Vuorinen Esko, Carlsson Robin, Puhtila Panu\">Data Leaks to Third-Party Services on Medical Websites<\/a>\t\t<small class=\"pubyear\">(2023)<\/small>\t\t<br\/>\t\t<small class=\"pubauthor\">Rauti Sampsa, Vuorinen Esko, Carlsson Robin, Puhtila Panu<\/small>\t<\/li>\t<li class=\"publication_line\">\t\t<a class=\"publink\" href=\"https:\/\/ieeexplore.ieee.org\/document\/10473486\" title=\"PDF\"><span class=\"dashicons dashicons-media-text\"><\/span><\/a>\t\t<a href=\"https:\/\/research.utu.fi\/converis\/portal\/Publication\/387377463\" title=\"Composing Music Through Tile-based Games&lt;br \/&gt;Laato Samuli, Rauti Sampsa, Espeseth Alexander, S\u00f6bke Heinrich, Hamari Juho, et al.\">Composing Music Through Tile-based Games<\/a>\t\t<small class=\"pubyear\">(2023)<\/small>\t\t<br\/>\t\t<small class=\"pubauthor\">Laato Samuli, Rauti Sampsa, Espeseth Alexander, S\u00f6bke Heinrich, Hamari Juho, Buruk Oguz 'Oz'<\/small>\t<\/li>\t<li class=\"publication_line\">\t\t<a class=\"publink\" href=\"https:\/\/www.skrolli.fi\/numerot\/2023-4\/#skrolli\" title=\"PDF\"><span class=\"dashicons dashicons-media-text\"><\/span><\/a>\t\t<a href=\"https:\/\/research.utu.fi\/converis\/portal\/Publication\/380739154\" title=\"Verkkopalvelujen huomaamattomat tietovuodot kolmansille osapuolille&lt;br \/&gt;Rauti Sampsa\">Verkkopalvelujen huomaamattomat tietovuodot kolmansille osapuolille<\/a>\t\t<small class=\"pubyear\">(2023)<\/small>\t\t<br\/>\t\t<small class=\"pubauthor\">Rauti Sampsa<\/small>\t<\/li><\/ul><a class=\"morepubsbtn\" href=\"?more_publications=1#recent_publications_list\" title=\"Expand list...\">Expand\u2026<\/a><a title=\"View all publications and people\" class=\"morepubsbtn\" href=\"https:\/\/research.utu.fi\/converis\/portal\/Organisation\/50858379\">\ud83d\udd0d All publications<\/a><div style=\"clear: both;\"><\/div>\n\n\n\n<p>Data source: <a href=\"https:\/\/research.utu.fi\/converis\/portal\/detail\/Organisation\/50858379\">research.utu.fi<\/a> Our<em>CRIS system adds our publications here automatically as they are verified from publisher feeds and the library. Academic Publications before 2021 are not listed.<\/em><\/p>\n\n\n\n<p><\/p>\n\n\n\n<h2 class=\"wp-block-heading\" id=\"tools\">Published Tools and Services<\/h2>\n\n\n\n<p>An unordered collection of mostly open sourced project\/research artifacts and tools\/services made in or used by Software Engineering Laboratory. Also see <a href=\"https:\/\/tt.utu.fi\/ar\/showcase\/\">the showcase listing<\/a> and <a href=\"https:\/\/tt.utu.fi\/ar\/research\/open-source\/\">the open source listing<\/a> for the AR\/VR\/MR solutions made by <a href=\"https:\/\/tt.utu.fi\/ar\/\">the Mixed Reality Group<\/a>. For the information technology student projects see the <a href=\"https:\/\/capstone.utu.fi\/en-projects\">Capstone project listing<\/a>.<\/p>\n\n\n\n<figure class=\"wp-block-table is-style-stripes\"><table><thead><tr><th><strong>Name<\/strong><\/th><th><strong>Description<\/strong><\/th><th><strong>M<\/strong><\/th><th><strong>U<\/strong><\/th><th><strong>E<\/strong><\/th><th>A<\/th><\/tr><\/thead><tbody><tr><td><a href=\"https:\/\/vm.utu.fi\/\" data-type=\"URL\" data-id=\"https:\/\/vm.utu.fi\/\">UTU Virtual Machines<\/a>\n                <\/td><td>Virtual Machines for Coursework<\/td><td>M<\/td><td>U<\/td><td>E<\/td><td>A<\/td><\/tr><tr><td><a href=\"https:\/\/gitlab.utu.fi\/soft\/symbol-obfuscation\" data-type=\"URL\" data-id=\"https:\/\/gitlab.utu.fi\/soft\/symbol-obfuscation\">Symbol Obfuscation<\/a><\/td><td>Linux ELF symbol obfuscation tools for improved software security. <br><a href=\"https:\/\/tt.utu.fi\/soft\/diversification\/\"><sub>More information on diversification.<\/sub><\/a><\/td><td>M<\/td><td><\/td><td><\/td><td>2016<\/td><\/tr><tr><td><a href=\"https:\/\/github.com\/koivunen\/beamdefectdetect_dt2\/\">Beam Defect Detection<\/a><\/td><td>Computer vision based steel beam defect detector. Model by the <a href=\"https:\/\/www.utu.fi\/en\/university\/faculty-of-technology\/computing\/research\">ACI<\/a> Lab of the dept. Project led by SwEng. Adapted to Detectron2\/Colab by SwEng.<\/td><td>M<\/td><td><\/td><td><\/td><td>2022<\/td><\/tr><tr><td><a href=\"https:\/\/grader.utu.fi\/\">UTUGrader<\/a><\/td><td>Automatic grading of programming exercises via GitLab<\/td><td>M<\/td><td>U<\/td><td>E<\/td><td>2022<\/td><\/tr><tr><td><a href=\"https:\/\/kartta.virma.fi\/\" data-type=\"URL\" data-id=\"https:\/\/kartta.virma.fi\/\">Virma Kartta<\/a><\/td><td>An open source recreational travel mobile app for Southwest Finland<\/td><td>M<\/td><td><\/td><td><\/td><td>2022<\/td><\/tr><tr><td><a href=\"https:\/\/gitlab.utu.fi\/tech\/education\/git-opas\">Git Guide<\/a><\/td><td>A beginner-level git guide for students<\/td><td>M<\/td><td>U<\/td><td>E<\/td><td>2022<\/td><\/tr><tr><td><a href=\"https:\/\/capstone.utu.fi\/\" data-type=\"URL\" data-id=\"https:\/\/capstone.utu.fi\/\">Capstone Course<\/a><\/td><td>A crowdsourced webpage system for student project listings<\/td><td>M<\/td><td>U<\/td><td>E<\/td><td>A<\/td><\/tr><tr><td><a href=\"https:\/\/jobs.tech.utu.fi\/\" data-type=\"URL\" data-id=\"https:\/\/jobs.tech.utu.fi\/\">Tech Jobs<\/a><\/td><td>A simplified job portal for the faculty&#8217;s students and local companies<\/td><td><\/td><td>U<\/td><td>E<\/td><td>A<\/td><\/tr><tr><td><a href=\"http:\/\/intranet.tech.utu.fi\/\" data-type=\"URL\" data-id=\"http:\/\/intranet.tech.utu.fi\/\">Faculty Intranet Prototyping<\/a><\/td><td>An experimental git-based approach for building multilingual intranets<\/td><td>M<\/td><td>U<\/td><td>E<\/td><td>2022<\/td><\/tr><tr><td><a href=\"https:\/\/gitlab.utu.fi\/tech\/education\/ttspresentation\">Text To Speech Presentation Tool<\/a>\n                <\/td><td>Multimedia lectures in a multilingual way with automatic subtitles by the use of modern TTS services\n                <\/td><td>M<\/td><td><\/td><td>E<\/td><td>2022<\/td><\/tr><tr><td><a href=\"https:\/\/tt.utu.fi\/where\/\" data-type=\"URL\" data-id=\"https:\/\/tt.utu.fi\/where\/\">Dept. Staff Map<\/a><\/td><td>A crowdsourced map of staff and item locations for our department<\/td><td>M<\/td><td>U<\/td><td><\/td><td>A<\/td><\/tr><tr><td><a href=\"https:\/\/aplus.utu.fi\/\" data-type=\"URL\" data-id=\"https:\/\/aplus.utu.fi\/\">A+<\/a><\/td><td>Automatic assignment grader in evaluation for the dept. Developed in Aalto University.<\/td><td><\/td><td>U<\/td><td>E<\/td><td>A<\/td><\/tr><tr><td><a href=\"https:\/\/tex.soft.utu.fi\/\">ShareLaTeX<\/a><\/td><td>Used internally for thesis supervision and publication writing<\/td><td><\/td><td>U<\/td><td>E<\/td><td>A<\/td><\/tr><tr><td><a href=\"https:\/\/comp.utu.fi\/exerciser\/\">Exerciser<\/a><\/td><td>A service for allowing lecturers to easily track\/gather course returns via GitLab<\/td><td>M<\/td><td>U<\/td><td>E<\/td><td>A<\/td><\/tr><tr><td><a href=\"https:\/\/github.com\/koivunen\/connvis\">ConnVis<\/a><\/td><td>Graphical Real-Time Network connection Visualization of Mobile Devices for Privacy Research<\/td><td>M<\/td><td>U<\/td><td>E<\/td><td>2022<\/td><\/tr><tr><td><a href=\"https:\/\/gitlab.utu.fi\/tech\/soft\/imageorbit\">WP Imageorbit<\/a><\/td><td>A simple WordPress plugin for layouting links around an image (contracted work).<\/td><td>M<\/td><td><\/td><td><\/td><td>2019<\/td><\/tr><\/tbody><\/table><figcaption class=\"wp-element-caption\"><strong>Table explanation<br>M<\/strong>ade by the lab (<strong>M<\/strong>)<br><strong>U<\/strong>sed by the lab (<strong>U<\/strong>)<br><strong>E<\/strong>ducation tools and services (<strong>E<\/strong>)<br><strong>A<\/strong>ctive persistently \/ Last updated or last known activity year (<strong>A<\/strong>)<\/figcaption><\/figure>\n\n\n\n<p><\/p>\n","protected":false},"excerpt":{"rendered":"<div class=\"entry-summary\">\nLatest Academic Publications 2024-2021 Data source: research.utu.fi OurCRIS system adds our publications here automatically as they are verified from publisher feeds and the library. Academic Publications before 2021 are not listed. Published Tools and Services An unordered collection of mostly&hellip;\n<\/div>\n<div class=\"link-more\"><a href=\"https:\/\/tt.utu.fi\/sweng\/publications\/\" class=\"more-link\">Continue reading<span class=\"screen-reader-text\"> &ldquo;Publications&rdquo;<\/span>&hellip;<\/a><\/div>\n","protected":false},"author":3,"featured_media":0,"parent":0,"menu_order":0,"comment_status":"closed","ping_status":"closed","template":"","meta":{"_acf_changed":false,"footnotes":""},"class_list":["post-113","page","type-page","status-publish","hentry","entry"],"acf":[],"_links":{"self":[{"href":"https:\/\/tt.utu.fi\/sweng\/wp-json\/wp\/v2\/pages\/113","targetHints":{"allow":["GET"]}}],"collection":[{"href":"https:\/\/tt.utu.fi\/sweng\/wp-json\/wp\/v2\/pages"}],"about":[{"href":"https:\/\/tt.utu.fi\/sweng\/wp-json\/wp\/v2\/types\/page"}],"author":[{"embeddable":true,"href":"https:\/\/tt.utu.fi\/sweng\/wp-json\/wp\/v2\/users\/3"}],"replies":[{"embeddable":true,"href":"https:\/\/tt.utu.fi\/sweng\/wp-json\/wp\/v2\/comments?post=113"}],"version-history":[{"count":10,"href":"https:\/\/tt.utu.fi\/sweng\/wp-json\/wp\/v2\/pages\/113\/revisions"}],"predecessor-version":[{"id":769,"href":"https:\/\/tt.utu.fi\/sweng\/wp-json\/wp\/v2\/pages\/113\/revisions\/769"}],"wp:attachment":[{"href":"https:\/\/tt.utu.fi\/sweng\/wp-json\/wp\/v2\/media?parent=113"}],"curies":[{"name":"wp","href":"https:\/\/api.w.org\/{rel}","templated":true}]}}