{"id":5,"date":"2014-11-20T14:01:50","date_gmt":"2014-11-20T14:01:50","guid":{"rendered":"http:\/\/tt.utu.fi\/area\/?page_id=5"},"modified":"2015-06-16T15:21:14","modified_gmt":"2015-06-16T13:21:14","slug":"program","status":"publish","type":"page","link":"https:\/\/tt.utu.fi\/area15\/program\/","title":{"rendered":"Program"},"content":{"rendered":"<blockquote><p>The two day event consists of a workshop on Thursday the June 11 and a seminar and an expo on Friday the June 12.<\/p><\/blockquote>\n<p><strong><a title=\"Schedule\" href=\"http:\/\/tt.utu.fi\/area15\/program\/schedule\/\">Detailed schedule<\/a><\/strong><\/p>\n<h3>Keynotes<\/h3>\n<ul>\n<li><a title=\"Adrian David Cheok\" href=\"http:\/\/tt.utu.fi\/area15\/project\/adrian-david-cheok\/\">Adrian David Cheok<\/a> [<a href=\"http:\/\/tt.utu.fi\/area15\/wp-content\/uploads\/sites\/10\/2015\/06\/keynote-adrian-david-cheok.pdf\">Slides<\/a>]<\/li>\n<li><a title=\"Unity Technologies\" href=\"http:\/\/tt.utu.fi\/area15\/project\/unity-technologies\/\">Veli-Pekka Kokkonen, Unity Technologies<\/a> [<a href=\"http:\/\/tt.utu.fi\/area15\/wp-content\/uploads\/sites\/10\/2015\/06\/Keynote-Veli-Pekka-Kokkonen-Unity-Technologies.pdf\">Slides<\/a>]<\/li>\n<li><a title=\"Juhani Kostet\" href=\"http:\/\/tt.utu.fi\/area15\/project\/juhani-kostet\/\">Juhani Kostet<\/a> [<a href=\"http:\/\/tt.utu.fi\/area15\/wp-content\/uploads\/sites\/10\/2015\/06\/keynote-juhani-kostet-fact-or-fiction-technology-and-historical-reality.pdf\">Speech<\/a>]<\/li>\n<li><a title=\"Janne Kalhama\" href=\"http:\/\/tt.utu.fi\/area15\/project\/janne-kalhama\/\">Janne Kalhama<\/a><\/li>\n<\/ul>\n<h3><a title=\"Expo\" href=\"http:\/\/tt.utu.fi\/area15\/program\/expo\/\">The Expo<\/a><\/h3>\n<p><a title=\"The Expo\" href=\"http:\/\/tt.utu.fi\/area15\/program\/expo\/\">The ARea15 Expo<\/a>\u00a0is an all-around exhibition for companies &amp; institutions developing, researching and using augmented reality.<\/p>\n<h3 id=\"workshop\">Workshop Sessions<\/h3>\n<p>Presentations, discussions &amp; a collaborative workshop on the following\u00a0academic papers:<\/p>\n<ul>\n<li>Mikko Kylli\u00e4inen, Jere J\u00e4ppinen, Henry Niemi and Mikko Lindqvist: <strong>Presentation of acoustics of vanished concert halls in an exhibition on music history of Helsinki <\/strong>[<a href=\"http:\/\/tt.utu.fi\/area15\/wp-content\/uploads\/sites\/10\/2015\/06\/Presentation-of-acoustics-of-vanished-concert-halls-in-an-exhibition-on-music-history-of-Helsinki.pdf\">Slides<\/a>]<\/li>\n<li>Leo Sakari, Mikko Forsman, Minna Isom\u00e4ki, Vesa Keskitalo, Samuli Suomi and Tommi Tapaninaho:\u00a0<strong>Experience Report on Immersive Augmented Reality <\/strong>[<a href=\"http:\/\/tt.utu.fi\/area15\/wp-content\/uploads\/sites\/10\/2015\/06\/Experience-Report-on-Immersive-Augmented-Reality.pdf\">Slides<\/a>]<\/li>\n<li>Kari Rainio, Petri Honkamaa and Kaisa Spilling: <strong>Presenting Historical Photos using Augmented Reality <\/strong>[<a href=\"http:\/\/tt.utu.fi\/area15\/wp-content\/uploads\/sites\/10\/2015\/06\/Presenting-Historical-Photos-using-Augmented-Reality.pdf\">Slides<\/a>]<\/li>\n<li>Agnieszka Besz, Maciej G\u00f3rnicki, Mika Luimula and Jouni Smed:\u00a0<strong>Wow Guidance \u2013 Mobile Augmented Reality Game for Tourism and Entertainment<\/strong> [<a href=\"http:\/\/tt.utu.fi\/area15\/wp-content\/uploads\/sites\/10\/2015\/06\/Wow-Guidance-\u2013-Mobile-Augmented-Reality-Game-for-Tourism-and-Entertainment.pdf\">Slides<\/a>]<\/li>\n<li>Timo Korkalainen, Lauri Viinikkala, Seppo Helle, Juho P\u00e4\u00e4kyl\u00e4, Sami Jokela, Frans Saukko, Tuomas M\u00e4kil\u00e4, Olli Heimo and Teijo Lehtonen: <strong>Louhisaari Stories &#8211; Augmented Reality Cinema in a Historical Setting<\/strong> [<a href=\"http:\/\/tt.utu.fi\/area15\/wp-content\/uploads\/sites\/10\/2015\/06\/Louhisaari-Stories-Augmented-Reality-Cinema-in-a-Historical-Setting.pdf\">Slides<\/a>] <a href=\"https:\/\/www.youtube.com\/watch?v=5vWLx8kwbwE\"><i class=\"foundation-icon fi-social-youtube\"><\/i><\/a> <a href=\"https:\/\/vimeo.com\/110423642\"><i class=\"foundation-icon fi-social-vimeo\"><\/i><\/a><\/li>\n<\/ul>\n<h3 id=\"talks\">Talks Session<\/h3>\n<ul>\n<li>Kaisa Spilling, Mika Hakkarainen and Charles Woodward: <strong>Citizens Evaluating Building Plans by Mobile Augmented Reality <\/strong>[<a href=\"http:\/\/tt.utu.fi\/area15\/wp-content\/uploads\/sites\/10\/2015\/06\/Citizens-Evaluating-Building-Plans-by-Mobile-Augmented-Reality.pdf\">Slides<\/a>]<\/li>\n<li>Tuomas Jalamo: <strong>The Night of the Arts 2014 Living Art Map<\/strong><\/li>\n<li>Emmi Jouslehto: <strong>AUGMENTED BIRD POOP AND OTHER STORIES ABOUT INNOVATIVE MOVIE MARKETING &#8211; Case Lovemilla<\/strong> [<a href=\"http:\/\/tt.utu.fi\/area15\/wp-content\/uploads\/sites\/10\/2014\/11\/RN_Augmented_bird_poop.pdf\">Slides<\/a>]<\/li>\n<li>Ulla Clerc: <strong>Historical Model Square in Aboa Vetus &amp; Ars Nova<\/strong><\/li>\n<\/ul>\n<h3 id=\"demostrations\">On Site AR Demonstrations<\/h3>\n<ul>\n<li>Luostarinm\u00e4ki Adventure mobile adventure game demonstration at the Luostarinm\u00e4ki Handicrafts museum <a href=\"https:\/\/www.youtube.com\/watch?v=sVmjF4N67E4\"><i class=\"foundation-icon fi-social-youtube\"><\/i><\/a> <a href=\"https:\/\/vimeo.com\/99811337\"><i class=\"foundation-icon fi-social-vimeo\"><\/i><\/a><\/li>\n<li>Holy Ghost Church virtual reconstruction mobile application demonstration at the Holy Ghost Chapel at 6 pm <a href=\"https:\/\/www.youtube.com\/watch?v=oHcTcmUpVng\"><i class=\"foundation-icon fi-social-youtube\"><\/i><\/a> <a href=\"https:\/\/vimeo.com\/86882599\"><i class=\"foundation-icon fi-social-vimeo\"><\/i><\/a><\/li>\n<\/ul>\n<h3 id=\"dinner\">Conference Dinner<\/h3>\n<ul>\n<li>Takes place in the Svenska Klubben restaurant at 7 pm<\/li>\n<\/ul>\n<p><em>Program subject to changes.<\/em><\/p>\n","protected":false},"excerpt":{"rendered":"<p><b>Thursday June 11<\/b><br \/> Workshop &#038; Dinner<br \/>\n<b>Friday June 12<\/b><br \/> Seminar &#038; Expo<br \/>\n<a href=\"http:\/\/tt.utu.fi\/area15\/program\/\">Read more<\/a><\/p>\n","protected":false},"author":2,"featured_media":0,"parent":0,"menu_order":3,"comment_status":"closed","ping_status":"open","template":"","meta":{"_acf_changed":false,"footnotes":""},"class_list":["post-5","page","type-page","status-publish","hentry"],"acf":[],"_links":{"self":[{"href":"https:\/\/tt.utu.fi\/area15\/wp-json\/wp\/v2\/pages\/5","targetHints":{"allow":["GET"]}}],"collection":[{"href":"https:\/\/tt.utu.fi\/area15\/wp-json\/wp\/v2\/pages"}],"about":[{"href":"https:\/\/tt.utu.fi\/area15\/wp-json\/wp\/v2\/types\/page"}],"author":[{"embeddable":true,"href":"https:\/\/tt.utu.fi\/area15\/wp-json\/wp\/v2\/users\/2"}],"replies":[{"embeddable":true,"href":"https:\/\/tt.utu.fi\/area15\/wp-json\/wp\/v2\/comments?post=5"}],"version-history":[{"count":50,"href":"https:\/\/tt.utu.fi\/area15\/wp-json\/wp\/v2\/pages\/5\/revisions"}],"predecessor-version":[{"id":597,"href":"https:\/\/tt.utu.fi\/area15\/wp-json\/wp\/v2\/pages\/5\/revisions\/597"}],"wp:attachment":[{"href":"https:\/\/tt.utu.fi\/area15\/wp-json\/wp\/v2\/media?parent=5"}],"curies":[{"name":"wp","href":"https:\/\/api.w.org\/{rel}","templated":true}]}}