{"id":414,"date":"2015-04-17T18:41:01","date_gmt":"2015-04-17T16:41:01","guid":{"rendered":"http:\/\/tt.utu.fi\/area15\/?page_id=414"},"modified":"2015-06-09T17:06:42","modified_gmt":"2015-06-09T15:06:42","slug":"expo","status":"publish","type":"page","link":"https:\/\/tt.utu.fi\/area15\/program\/expo\/","title":{"rendered":"The Expo"},"content":{"rendered":"<blockquote><p>The ARea15 Expo is an all-around exhibition for companies &amp; institutions developing, researching and using augmented reality.<\/p><\/blockquote>\n<p><strong><a title=\"Call for Exhibitors\" href=\"http:\/\/tt.utu.fi\/area15\/submission\/call-for-papers\/\">Submission details<\/a><\/strong><\/p>\n<h3>Exhibitors<\/h3>\n<ul>\n<li><strong>Robust North<\/strong>\u00a0(<a href=\"http:\/\/robustnorth.fi\" target=\"_blank\">robustnorth.fi<\/a>)<\/li>\n<li><strong>Flowpark<\/strong> (<a href=\"http:\/\/flowpark.fi\" target=\"_blank\">flowpark.fi<\/a>)<\/li>\n<li>Himmee Creative: <strong>flyAR &#8211; The Augmented Reality Flyer<\/strong> (<a href=\"http:\/\/flyar.fi\/\" target=\"_blank\">flyar.fi<\/a> \/ <a href=\"http:\/\/himmee.fi\/\" target=\"_blank\">himmee.fi<\/a>)<\/li>\n<li>John Nurminen Foundation: <strong>Loki Pilot: Digital Maritime Culture\u00a0<\/strong>(<a href=\"http:\/\/www.johnnurmisensaatio.fi\/en\/\" target=\"_blank\">johnnurmisensaatio.fi<\/a>)<\/li>\n<li>Panu Savolainen<\/li>\n<li><strong>VTT Department of Future Technologies of Finland, AR Research<\/strong> (<a href=\"http:\/\/www.vttresearch.com\/services\/digital-society\/data-driven-solutions\/user-interfaces\/augmented-reality-and-3d-tracking\" target=\"_blank\">vtt.fi<\/a>)<\/li>\n<li><strong>University of Helsinki Science Centre Pedagogy<\/strong> (<a href=\"http:\/\/blogs.helsinki.fi\/tiedekeskuspedagogiikka\/in-english\/\" target=\"_blank\">blogs.helsinki.fi<\/a>)<\/li>\n<li><strong>University of Tampere, School of Information Sciences<\/strong> (<a href=\"http:\/\/www.uta.fi\/sis\/en\/index.html\" target=\"_blank\">uta.fi<\/a>)<\/li>\n<li><strong>Department of Future Technologies at the University of Turku<\/strong>\u00a0(<a href=\"http:\/\/tt.utu.fi\" target=\"_blank\">tech.utu.fi<\/a>)<\/li>\n<li>Timo Korkalainen, Lauri Viinikkala, Seppo Helle, Juho P\u00e4\u00e4kyl\u00e4, Sami Jokela, Frans Saukko, Tuomas M\u00e4kil\u00e4, Olli Heimo, Teijo Lehtonen: <strong>Louhisaari Stories &#8211; Augmented Reality Cinema in a Historical Setting<\/strong> (<a href=\"http:\/\/tt.utu.fi\/ar\/project\/louhisaari\/\" target=\"_blank\">ar.utu.fi<\/a>)<\/li>\n<li>Agnieszka Besz, Maciej G\u00f3rnicki, Mika Luimula and Jouni Smed: <strong>Wow Guidance \u2013 Mobile Augmented Reality Game for Tourism and Entertainment<\/strong><\/li>\n<li>Leo Sakari, Mikko Forsman, Minna Isom\u00e4ki, Vesa Keskitalo, Samuli Suomi and Tommi Tapaninaho: <strong>Experience Report on Immersive Augmented Reality: A-Rally<\/strong><\/li>\n<\/ul>\n","protected":false},"excerpt":{"rendered":"<p><strong>Friday June 12<\/strong><br \/>An all-around exhibition for companies and institutions developing, researching and using augmented reality.<br \/><a href=\"program\/expo\/\">Read more<\/a><\/p>\n","protected":false},"author":2,"featured_media":0,"parent":5,"menu_order":0,"comment_status":"closed","ping_status":"open","template":"","meta":{"_acf_changed":false,"footnotes":""},"class_list":["post-414","page","type-page","status-publish","hentry"],"acf":[],"_links":{"self":[{"href":"https:\/\/tt.utu.fi\/area15\/wp-json\/wp\/v2\/pages\/414","targetHints":{"allow":["GET"]}}],"collection":[{"href":"https:\/\/tt.utu.fi\/area15\/wp-json\/wp\/v2\/pages"}],"about":[{"href":"https:\/\/tt.utu.fi\/area15\/wp-json\/wp\/v2\/types\/page"}],"author":[{"embeddable":true,"href":"https:\/\/tt.utu.fi\/area15\/wp-json\/wp\/v2\/users\/2"}],"replies":[{"embeddable":true,"href":"https:\/\/tt.utu.fi\/area15\/wp-json\/wp\/v2\/comments?post=414"}],"version-history":[{"count":24,"href":"https:\/\/tt.utu.fi\/area15\/wp-json\/wp\/v2\/pages\/414\/revisions"}],"predecessor-version":[{"id":558,"href":"https:\/\/tt.utu.fi\/area15\/wp-json\/wp\/v2\/pages\/414\/revisions\/558"}],"up":[{"embeddable":true,"href":"https:\/\/tt.utu.fi\/area15\/wp-json\/wp\/v2\/pages\/5"}],"wp:attachment":[{"href":"https:\/\/tt.utu.fi\/area15\/wp-json\/wp\/v2\/media?parent=414"}],"curies":[{"name":"wp","href":"https:\/\/api.w.org\/{rel}","templated":true}]}}