{"id":341,"date":"2015-04-16T13:18:21","date_gmt":"2015-04-16T11:18:21","guid":{"rendered":"http:\/\/tt.utu.fi\/area15\/?page_id=341"},"modified":"2015-06-09T17:13:45","modified_gmt":"2015-06-09T15:13:45","slug":"schedule","status":"publish","type":"page","link":"https:\/\/tt.utu.fi\/area15\/program\/schedule\/","title":{"rendered":"Schedule"},"content":{"rendered":"<h3>Thursday, June 11<\/h3>\n<table class=\"program\">\n<tbody>\n<tr class=\"title\">\n<td>8.30<\/td>\n<td>Morning Coffee &amp; Registration<\/td>\n<td class=\"venue\"><a title=\"Venues\" href=\"http:\/\/tt.utu.fi\/area15\/home\/venue\/#pharma-city\">Lounge<\/a><\/td>\n<td class=\"no-expo\"><\/td>\n<\/tr>\n<tr class=\"title\">\n<td>9.10<\/td>\n<td>Keynote Session<\/td>\n<td class=\"venue\"><a title=\"Venues\" href=\"http:\/\/tt.utu.fi\/area15\/home\/venue\/#pharma-city\">Pharma 1<\/a><\/td>\n<td class=\"no-expo\"><\/td>\n<\/tr>\n<tr>\n<td><\/td>\n<td>\n<ul>\n<li>Opening Words: Program Chair Tuomas M\u00e4kil\u00e4<\/li>\n<li>Keynote:\u00a0<a href=\"http:\/\/tt.utu.fi\/area15\/project\/unity-technologies\/\">Veli-Pekka Kokkonen<\/a><\/li>\n<\/ul>\n<\/td>\n<td><\/td>\n<td class=\"no-expo\"><\/td>\n<\/tr>\n<tr class=\"title\">\n<td>10.00<\/td>\n<td><a title=\"Program\" href=\"http:\/\/tt.utu.fi\/area15\/program\/#workshop\">Workshop Session 1<\/a><\/td>\n<td class=\"venue\"><a title=\"Venues\" href=\"http:\/\/tt.utu.fi\/area15\/home\/venue\/#pharma-city\">Pharma 1<\/a><\/td>\n<td class=\"no-expo\"><\/td>\n<\/tr>\n<tr>\n<td><\/td>\n<td>\n<ul>\n<li>A. Besz, M. G\u00f3rnicki, M. Luimula and J. Smed: <em>Wow Guidance \u2013 Mobile Augmented Reality Game for Tourism and Entertainment<\/em><\/li>\n<li>K. Rainio, P. Honkamaa and K. Spilling: <em>Presenting Historical Photos using Augmented Reality<\/em><\/li>\n<\/ul>\n<\/td>\n<td><\/td>\n<td class=\"no-expo\"><\/td>\n<\/tr>\n<tr class=\"title\">\n<td>10.40<\/td>\n<td>Break<\/td>\n<td class=\"venue\"><a title=\"Venues\" href=\"http:\/\/tt.utu.fi\/area15\/home\/venue\/#pharma-city\">Lounge<\/a><\/td>\n<td class=\"no-expo\"><\/td>\n<\/tr>\n<tr class=\"title\">\n<td>11.00<\/td>\n<td><a title=\"Program\" href=\"http:\/\/tt.utu.fi\/area15\/program\/#workshop\">Workshop Session 2<\/a><\/td>\n<td class=\"venue\"><a title=\"Venues\" href=\"http:\/\/tt.utu.fi\/area15\/home\/venue\/#pharma-city\">Pharma 1<\/a><\/td>\n<td class=\"no-expo\"><\/td>\n<\/tr>\n<tr>\n<td><\/td>\n<td>\n<ul>\n<li>T. Korkalainen, L. Viinikkala, S. Helle, J. P\u00e4\u00e4kyl\u00e4,\u00a0S. Jokela, F. Saukko, T. M\u00e4kil\u00e4, O. Heimo and T.\u00a0Lehtonen: <em>Louhisaari Stories \u2013 Augmented Reality\u00a0<\/em><em>Cinema in a Historical Setting<\/em><\/li>\n<li>M. Kylli\u00e4inen, J. J\u00e4ppinen, H. Niemi and M.\u00a0Lindqvist: <em>Presentation of acoustics of vanished concert\u00a0<\/em><em>halls in an exhibition on music history of Helsinki<\/em><\/li>\n<li>L. Sakari, M. Forsman, M. Isom\u00e4ki, V. Keskitalo,\u00a0S. Suomi and T. Tapaninaho:<em> Experience Report on\u00a0<\/em><em>Immersive Augmented Reality<\/em><\/li>\n<\/ul>\n<\/td>\n<td><\/td>\n<td class=\"no-expo\"><\/td>\n<\/tr>\n<tr class=\"title\">\n<td>12.00<\/td>\n<td>Lunch<\/td>\n<td class=\"venue\"><a title=\"Venues\" href=\"http:\/\/tt.utu.fi\/area15\/home\/venue\/#pharma-city\">Lounge<\/a><\/td>\n<td class=\"no-expo\"><\/td>\n<\/tr>\n<tr class=\"title\">\n<td>13.00<\/td>\n<td><a title=\"Program\" href=\"http:\/\/tt.utu.fi\/area15\/program\/#workshop\">Workshop Session 3<\/a><\/td>\n<td class=\"venue\"><a title=\"Venues\" href=\"http:\/\/tt.utu.fi\/area15\/home\/venue\/#pharma-city\">Pharma 2,3,5<\/a><\/td>\n<td class=\"no-expo\"><\/td>\n<\/tr>\n<tr>\n<td><\/td>\n<td>Group discussion: <em>Unsolved challenges and unredeemed opportunities of AR<\/em>, Technical program\u00a0commitee and workshop participants<\/td>\n<td><\/td>\n<td class=\"no-expo\"><\/td>\n<\/tr>\n<tr class=\"title\">\n<td>14.00<\/td>\n<td>Workshop Summary<\/td>\n<td class=\"venue\"><a title=\"Venues\" href=\"http:\/\/tt.utu.fi\/area15\/home\/venue\/#pharma-city\">Pharma 1<\/a><\/td>\n<td class=\"no-expo\"><\/td>\n<\/tr>\n<tr class=\"title\">\n<td>14.30<\/td>\n<td>Break<\/td>\n<td class=\"venue\"><\/td>\n<td class=\"no-expo\"><\/td>\n<\/tr>\n<tr class=\"title\">\n<td>15.00<\/td>\n<td>Coffee &amp; <a href=\"http:\/\/tt.utu.fi\/ar\/project\/luostarinmaki-adventure\/\" target=\"_blank\">Luostarinm\u00e4ki Adventure<\/a> demonstration<\/td>\n<td class=\"venue\"><\/td>\n<td class=\"no-expo\"><\/td>\n<\/tr>\n<tr>\n<td><\/td>\n<td>At the <a title=\"Venues\" href=\"http:\/\/tt.utu.fi\/area15\/home\/venue\/#luostarinmaki\">Luostarinm\u00e4ki Handicrafts Museum<\/a><\/td>\n<td><\/td>\n<td class=\"no-expo\"><\/td>\n<\/tr>\n<tr class=\"title\">\n<td>18.00<\/td>\n<td><a href=\"http:\/\/tt.utu.fi\/ar\/project\/holy-ghost-church\/\" target=\"_blank\">Holy Ghost Church<\/a> demonstration<\/td>\n<td class=\"venue\"><\/td>\n<td class=\"no-expo\"><\/td>\n<\/tr>\n<tr>\n<td><\/td>\n<td>In the <a title=\"Venues\" href=\"http:\/\/tt.utu.fi\/area15\/home\/venue\/#holy-ghost-chappel\">Holy Ghost Chapel<\/a><\/td>\n<td><\/td>\n<td class=\"no-expo\"><\/td>\n<\/tr>\n<tr class=\"title\">\n<td>19.00<\/td>\n<td><a title=\"Program\" href=\"http:\/\/tt.utu.fi\/area15\/program\/#dinner\">Conference Dinner<\/a><\/td>\n<td class=\"venue\"><\/td>\n<td class=\"no-expo\"><\/td>\n<\/tr>\n<tr>\n<td><\/td>\n<td>At the restaurant <a title=\"Venues\" href=\"http:\/\/tt.utu.fi\/area15\/home\/venue\/#svenska-klubben\">Svenska Klubben<\/a><\/td>\n<td><\/td>\n<td class=\"no-expo\"><\/td>\n<\/tr>\n<\/tbody>\n<\/table>\n<p>&nbsp;<\/p>\n<h3>Friday, June 12<\/h3>\n<table class=\"program\">\n<tbody>\n<tr class=\"title\">\n<td>8.30<\/td>\n<td>Morning Coffee &amp; Registration<\/td>\n<td class=\"venue\"><a title=\"Venues\" href=\"http:\/\/tt.utu.fi\/area15\/home\/venue\/#pharma-city\">Lounge<\/a><\/td>\n<td class=\"no-expo\"><\/td>\n<\/tr>\n<tr class=\"title\">\n<td>9.10<\/td>\n<td>Keynote Session 1<\/td>\n<td class=\"venue\"><a title=\"Venues\" href=\"http:\/\/tt.utu.fi\/area15\/home\/venue\/#pharma-city\">Pharma 1<\/a><\/td>\n<td class=\"no-expo\"><\/td>\n<\/tr>\n<tr>\n<td><\/td>\n<td>\n<ul>\n<li>Opening Words: Conference Chair Teijo Lehtonen<\/li>\n<li>Keynote: <a href=\"http:\/\/tt.utu.fi\/area15\/project\/adrian-david-cheok\/\">Adrian David Cheok<\/a><\/li>\n<li>Keynote: <a href=\"http:\/\/tt.utu.fi\/area15\/project\/juhani-kostet\/\">Juhani Kostet<\/a><\/li>\n<\/ul>\n<\/td>\n<td><\/td>\n<td class=\"no-expo\"><\/td>\n<\/tr>\n<tr class=\"title\">\n<td>10.50<\/td>\n<td>Break &amp; Coffee<\/td>\n<td class=\"venue\"><a title=\"Venues\" href=\"http:\/\/tt.utu.fi\/area15\/home\/venue\/#pharma-city\">Pharma 2<\/a><\/td>\n<td class=\"expo\"><a title=\"The Expo\" href=\"http:\/\/tt.utu.fi\/area15\/program\/expo\/\"><strong>Expo<\/strong><\/a><\/td>\n<\/tr>\n<tr class=\"title\">\n<td>11.20<\/td>\n<td><a title=\"Program\" href=\"http:\/\/tt.utu.fi\/area15\/program\/#talks\">Talks Session 1<\/a><\/td>\n<td class=\"venue\"><a title=\"Venues\" href=\"http:\/\/tt.utu.fi\/area15\/home\/venue\/#pharma-city\">Pharma 1<\/a><\/td>\n<td class=\"venue expo\"><a title=\"Venues\" href=\"http:\/\/tt.utu.fi\/area15\/home\/venue\/#pharma-city\">Pharma 2<\/a><\/td>\n<\/tr>\n<tr>\n<td><\/td>\n<td>\n<ul>\n<li>E. Jouslehto, Robust North: <em>Augmented Bird Poop\u00a0and Other Stories About Innovative Movie Marketing &#8211;\u00a0Case Lovemilla<\/em><\/li>\n<li>T. Jalamo, Taiste: <em>The Night of the Arts 2014 Living\u00a0Art Map<\/em><\/li>\n<\/ul>\n<\/td>\n<td><\/td>\n<td class=\"expo\"><\/td>\n<\/tr>\n<tr class=\"title\">\n<td>12.00<\/td>\n<td>Lunch<\/td>\n<td class=\"venue\"><a title=\"Venues\" href=\"http:\/\/tt.utu.fi\/area15\/home\/venue\/#pharma-city\">Lounge<\/a><\/td>\n<td class=\"expo\"><\/td>\n<\/tr>\n<tr class=\"title\">\n<td>13.00<\/td>\n<td><a title=\"Program\" href=\"http:\/\/tt.utu.fi\/area15\/program\/#talks\">Talks Session 2<\/a><\/td>\n<td class=\"venue\"><a title=\"Venues\" href=\"http:\/\/tt.utu.fi\/area15\/home\/venue\/#pharma-city\">Pharma 1<\/a><\/td>\n<td class=\"expo\"><\/td>\n<\/tr>\n<tr>\n<td><\/td>\n<td>\n<ul>\n<li>Robust North<\/li>\n<li>K. Spilling, M. Hakkarainen, C. Woodward,\u00a0VTT:<em> Citizens Evaluating Building Plans by Mobile\u00a0Augmented Reality<\/em><\/li>\n<li>U. Clerc, Aboa Vetus &amp; Ars Nova: <em>Historical Model\u00a0Square in Aboa Vetus &amp; Ars Nova<\/em><\/li>\n<\/ul>\n<\/td>\n<td><\/td>\n<td class=\"expo\"><\/td>\n<\/tr>\n<tr class=\"title\">\n<td>14.00<\/td>\n<td>Coffee &amp; Expo<\/td>\n<td class=\"venue\"><a href=\"http:\/\/tt.utu.fi\/area15\/home\/venue\/#pharma-city\">Pharma 2<\/a><\/td>\n<td class=\"expo\"><\/td>\n<\/tr>\n<tr class=\"title\">\n<td>15.30<\/td>\n<td>Keynote Session 2<\/td>\n<td class=\"venue\"><a title=\"Venues\" href=\"http:\/\/tt.utu.fi\/area15\/home\/venue\/#pharma-city\">Pharma 1<\/a><\/td>\n<td class=\"no-expo\"><\/td>\n<\/tr>\n<tr>\n<td><\/td>\n<td>\n<ul>\n<li>Keynote:\u00a0<a href=\"http:\/\/tt.utu.fi\/area15\/project\/janne-kalhama\/\">Janne Kalhama<\/a><\/li>\n<li>Announcement of ARea16 Conference<\/li>\n<li>Closing Words: Conference Chair Teijo Lehtonen<\/li>\n<\/ul>\n<\/td>\n<td><\/td>\n<td class=\"no-expo\"><\/td>\n<\/tr>\n<\/tbody>\n<\/table>\n<p><em>Program subject to changes.<\/em><\/p>\n","protected":false},"excerpt":{"rendered":"<p><strong>Thursday June 11<\/strong><br \/>09.10 Workshop &#038; Demos<br \/>19.00 Dinner<br \/>\n<strong>Friday June 12<\/strong><br \/>09.10 &#8211; 16.30 Seminar<br \/>10.50 &#8211; 15.30 Expo<br \/>\n<a href=\"program\/schedule\">Read more<\/a><\/p>\n","protected":false},"author":2,"featured_media":0,"parent":5,"menu_order":0,"comment_status":"closed","ping_status":"open","template":"page-full-width.php","meta":{"_acf_changed":false,"footnotes":""},"class_list":["post-341","page","type-page","status-publish","hentry"],"acf":[],"_links":{"self":[{"href":"https:\/\/tt.utu.fi\/area15\/wp-json\/wp\/v2\/pages\/341","targetHints":{"allow":["GET"]}}],"collection":[{"href":"https:\/\/tt.utu.fi\/area15\/wp-json\/wp\/v2\/pages"}],"about":[{"href":"https:\/\/tt.utu.fi\/area15\/wp-json\/wp\/v2\/types\/page"}],"author":[{"embeddable":true,"href":"https:\/\/tt.utu.fi\/area15\/wp-json\/wp\/v2\/users\/2"}],"replies":[{"embeddable":true,"href":"https:\/\/tt.utu.fi\/area15\/wp-json\/wp\/v2\/comments?post=341"}],"version-history":[{"count":55,"href":"https:\/\/tt.utu.fi\/area15\/wp-json\/wp\/v2\/pages\/341\/revisions"}],"predecessor-version":[{"id":564,"href":"https:\/\/tt.utu.fi\/area15\/wp-json\/wp\/v2\/pages\/341\/revisions\/564"}],"up":[{"embeddable":true,"href":"https:\/\/tt.utu.fi\/area15\/wp-json\/wp\/v2\/pages\/5"}],"wp:attachment":[{"href":"https:\/\/tt.utu.fi\/area15\/wp-json\/wp\/v2\/media?parent=341"}],"curies":[{"name":"wp","href":"https:\/\/api.w.org\/{rel}","templated":true}]}}