
{"id":8,"date":"2014-01-30T11:33:35","date_gmt":"2014-01-30T11:33:35","guid":{"rendered":"http:\/\/tt.utu.fi\/ar\/?page_id=8"},"modified":"2025-04-24T10:10:16","modified_gmt":"2025-04-24T07:10:16","slug":"futuristic-history","status":"publish","type":"page","link":"https:\/\/tt.utu.fi\/ar\/research\/futuristic-history\/","title":{"rendered":"Futuristic History"},"content":{"rendered":"\n<blockquote class=\"wp-block-quote is-layout-flow wp-block-quote-is-layout-flow\">\n<p>2013\u20132014<br>Budget UTU: 580 000 \u20ac<br>Completed<\/p>\n<\/blockquote>\n\n\n\n<div class=\"wp-block-columns is-layout-flex wp-container-core-columns-is-layout-9d6595d7 wp-block-columns-is-layout-flex\">\n<div class=\"wp-block-column is-layout-flow wp-block-column-is-layout-flow\"><a class=\"iheg-wrapper\" href=\"https:\/\/tt.utu.fi\/ar\/project\/holy-ghost-church\/\"  ><div class=\"eihe-box eihe-zoom-in\" style=\"background: rgba(0,0,0,0.5);border-radius:0px 0px 0px 0px;\"><img decoding=\"async\" src=\"https:\/\/tt.utu.fi\/ar\/wp-content\/uploads\/sites\/5\/2023\/04\/HolyGhostChurch_hoverSquare-600x600.png\" alt=\"Holy Ghost Church VR application\"><div class=\"eihe-caption\" style=\"background: rgba(0,0,0,0.5);padding:20px 20px 20px 20px;\"><div class=\"eihe-title-cover\"><span style=\"font-size: 20px;\" class=\"eihe-title\">Holy<br>Ghost<br>Church<\/span>\t<\/div><p style=\"font-size: 16px;\">Showcase<\/p><\/div><\/div><\/a><\/div>\n\n\n\n<div class=\"wp-block-column is-layout-flow wp-block-column-is-layout-flow\"><a class=\"iheg-wrapper\" href=\"https:\/\/tt.utu.fi\/ar\/project\/luostarinmaki-adventure\/\"  ><div class=\"eihe-box eihe-zoom-in\" style=\"background: rgba(0,0,0,0.5);border-radius:0px 0px 0px 0px;\"><img decoding=\"async\" src=\"https:\/\/tt.utu.fi\/ar\/wp-content\/uploads\/sites\/5\/2023\/04\/LuostarimakiAdventure_hoverSquare-600x600.png\" alt=\"Luostarim\u00e4ki Adventure AR application\"><div class=\"eihe-caption\" style=\"background: rgba(0,0,0,0.5);padding:12px 12px 12px 12px;\"><div class=\"eihe-title-cover\"><span style=\"font-size: 20px;\" class=\"eihe-title\">Luostarim\u00e4ki<br>Adventure<\/span>\t<\/div><p style=\"font-size: 16px;\">Showcase<\/p><\/div><\/div><\/a><\/div>\n\n\n\n<div class=\"wp-block-column is-layout-flow wp-block-column-is-layout-flow\"><a class=\"iheg-wrapper\" href=\"https:\/\/tt.utu.fi\/ar\/project\/louhisaari\/\"  ><div class=\"eihe-box eihe-zoom-in\" style=\"background: rgba(0,0,0,0.5);border-radius:0px 0px 0px 0px;\"><img decoding=\"async\" src=\"https:\/\/tt.utu.fi\/ar\/wp-content\/uploads\/sites\/5\/2023\/04\/LouhisaariStories_hoverSquare.png\" alt=\"Louhisaari Stories AR application\"><div class=\"eihe-caption\" style=\"background: rgba(0,0,0,0.5);\"><div class=\"eihe-title-cover\"><span style=\"font-size: 20px;\" class=\"eihe-title\">Louhisaari<br>Stories<\/span>\t<\/div><p style=\"font-size: 16px;\">Showcase<\/p><\/div><\/div><\/a><\/div>\n<\/div>\n\n\n<div class=\"wp-block-image\">\n<figure class=\"alignleft is-resized\"><a href=\"http:\/\/tt.utu.fi\/ar\/wp-content\/uploads\/sites\/5\/2014\/10\/04.jpg\"><img loading=\"lazy\" decoding=\"async\" src=\"http:\/\/tt.utu.fi\/ar\/wp-content\/uploads\/sites\/5\/2014\/10\/04-500x281.jpg\" alt=\"Luostarinm\u00e4ki Adventure\" class=\"wp-image-471\" width=\"360\" height=\"202\" srcset=\"https:\/\/tt.utu.fi\/ar\/wp-content\/uploads\/sites\/5\/2014\/10\/04-500x281.jpg 500w, https:\/\/tt.utu.fi\/ar\/wp-content\/uploads\/sites\/5\/2014\/10\/04-1024x576.jpg 1024w, https:\/\/tt.utu.fi\/ar\/wp-content\/uploads\/sites\/5\/2014\/10\/04.jpg 1600w\" sizes=\"auto, (max-width: 360px) 100vw, 360px\" \/><\/a><\/figure>\n<\/div>\n\n\n<p>Futuristic History was a research project developing augmented reality -based solutions and business models for tourism and culture. The project was completed in the end of 2014, and it developed technology demonstrations presenting historical locations and events in new, interesting ways. It also studied economical and efficient ways to make such content and business models that can be profitably used in various cases.<\/p>\n\n\n<div class=\"wp-block-image\">\n<figure class=\"alignleft is-resized\"><a href=\"http:\/\/tt.utu.fi\/ar\/wp-content\/uploads\/sites\/5\/2001\/07\/IMG_2230.jpg\"><img loading=\"lazy\" decoding=\"async\" src=\"http:\/\/tt.utu.fi\/ar\/wp-content\/uploads\/sites\/5\/2001\/07\/IMG_2230-500x333.jpg\" alt=\"IMG_2230\" class=\"wp-image-560\" width=\"361\" height=\"240\" srcset=\"https:\/\/tt.utu.fi\/ar\/wp-content\/uploads\/sites\/5\/2001\/07\/IMG_2230-500x333.jpg 500w, https:\/\/tt.utu.fi\/ar\/wp-content\/uploads\/sites\/5\/2001\/07\/IMG_2230-1024x682.jpg 1024w, https:\/\/tt.utu.fi\/ar\/wp-content\/uploads\/sites\/5\/2001\/07\/IMG_2230.jpg 1200w\" sizes=\"auto, (max-width: 361px) 100vw, 361px\" \/><\/a><\/figure>\n<\/div>\n\n\n<p>Augmented and mixed reality applications and content are becoming widely available in consumer platforms, like mobile phones and tablets. There is still a lot of work to be done to make the solutions work flawlessly and to create great user experiences. Everything must begin with a good story, and it must be offered in interesting and entertaining ways. Improving all aspects in the offering should result in raised income for historical sites as well as improved economic opportunities in the surroundings. Eventually, high know-how in virtual environment related technology and economy could turn out to generate a lot of new business at the national level.<\/p>\n\n\n<div class=\"wp-block-image\">\n<figure class=\"alignleft is-resized\"><a href=\"http:\/\/tt.utu.fi\/ar\/wp-content\/uploads\/sites\/5\/2014\/01\/hgc_model_03.jpg\"><img loading=\"lazy\" decoding=\"async\" src=\"http:\/\/tt.utu.fi\/ar\/wp-content\/uploads\/sites\/5\/2014\/01\/hgc_model_03-300x158.jpg\" alt=\"Holy Ghost Church\" class=\"wp-image-263\" width=\"362\" height=\"191\" srcset=\"https:\/\/tt.utu.fi\/ar\/wp-content\/uploads\/sites\/5\/2014\/01\/hgc_model_03-300x158.jpg 300w, https:\/\/tt.utu.fi\/ar\/wp-content\/uploads\/sites\/5\/2014\/01\/hgc_model_03-1024x540.jpg 1024w, https:\/\/tt.utu.fi\/ar\/wp-content\/uploads\/sites\/5\/2014\/01\/hgc_model_03.jpg 1920w\" sizes=\"auto, (max-width: 362px) 100vw, 362px\" \/><\/a><\/figure>\n<\/div>\n\n\n<p>The project has <a title=\"Publications\" href=\"http:\/\/tt.utu.fi\/ar\/publications\/\">published <\/a>several papers and been presented in conferences and seminars. An application offering a virtual tour inside the <a href=\"http:\/\/tt.utu.fi\/ar\/project\/holy-ghost-church\/\">Holy Ghost Church<\/a> was published for iOS and Android platforms.<\/p>\n\n<!-- <p>The project has <a title=\"Publications\" href=\"http:\/\/tt.utu.fi\/ar\/publications\/\">published <\/a>several papers and been presented in conferences and seminars. An application offering a virtual tour inside the <a href=\"http:\/\/tt.utu.fi\/ar\/project\/holy-ghost-church\/\">Holy Ghost Church<\/a> has been published for <a href=\"https:\/\/itunes.apple.com\/fi\/app\/holy-ghost-church\/id808651153?mt=8&amp;ign-mpt=uo%3D4\" target=\"_blank\" rel=\"noopener\">iOS <\/a>and <a href=\"https:\/\/play.google.com\/store\/apps\/details?id=com.UTU.HolyGhostChurch\" target=\"_blank\" rel=\"noopener\">Android <\/a>platforms.<\/p> -->\n\n\n\n<p>The project produced research applications that are not available in public. The <a href=\"http:\/\/tt.utu.fi\/ar\/project\/louhisaari\/\">Louhisaari Stories<\/a> app is a collection of short episodes taking place at the Louhisaari manor in Askainen in the 19th century. The <a href=\"http:\/\/tt.utu.fi\/ar\/project\/luostarinmaki-adventure\/\">Luostarinm\u00e4ki Adventure<\/a> in an interactive app where the visitor to the <a href=\"http:\/\/www.turku.fi\/public\/default.aspx?nodeid=4550\" target=\"_blank\" rel=\"noopener\">Luostarinm\u00e4ki Handicrafts Museum<\/a> is virtually transferred to 1850s at the same location and is participating the daily life and arrangements of a wedding there.<\/p>\n\n\n\n<figure class=\"wp-block-image\"><a href=\"http:\/\/tt.utu.fi\/ar\/wp-content\/uploads\/sites\/5\/2014\/01\/Louhisaari1000.png\"><img loading=\"lazy\" decoding=\"async\" width=\"1000\" height=\"689\" src=\"http:\/\/tt.utu.fi\/ar\/wp-content\/uploads\/sites\/5\/2014\/01\/Louhisaari1000.png\" alt=\"Louhisaari1000\" class=\"wp-image-205\" srcset=\"https:\/\/tt.utu.fi\/ar\/wp-content\/uploads\/sites\/5\/2014\/01\/Louhisaari1000.png 1000w, https:\/\/tt.utu.fi\/ar\/wp-content\/uploads\/sites\/5\/2014\/01\/Louhisaari1000-300x206.png 300w\" sizes=\"auto, (max-width: 1000px) 100vw, 1000px\" \/><\/a><\/figure>\n\n\n\n<p><em>The main building of the Louhisaari Manor dates from the 1650s.<\/em><\/p>\n\n\n\n<h3 class=\"wp-block-heading\">Partners<strong><br><\/strong><\/h3>\n\n\n\n<ul class=\"wp-block-list\">\n<li><a href=\"http:\/\/www.utu.fi\/fi\/yksikot\/braheakeskus\/kehittamispalvelut\/Sivut\/home.aspx\" target=\"_blank\" rel=\"noopener\">University of Turku, Development Services, Brahea Center<\/a><\/li>\n\n\n\n<li><a href=\"http:\/\/www.utu.fi\/en\/units\/hum\/Pages\/home.aspx\" target=\"_blank\" rel=\"noopener\">University of Turku, Faculty of Humanities, Department of Finnish History<\/a><\/li>\n\n\n\n<li><a href=\"http:\/\/virtual.vtt.fi\/virtual\/proj2\/multimedia\/\" target=\"_blank\" rel=\"noopener\">VTT Technical Research Centre of Finland,&nbsp; Multimedia<\/a><\/li>\n\n\n\n<li><a href=\"http:\/\/www.visitfinland.com\/about-us\/\" target=\"_blank\" rel=\"noopener\">Finnish Tourist Board<\/a><\/li>\n\n\n\n<li><a href=\"http:\/\/paikkatietokeskus.lounaispaikka.fi\/fi\/etusivu\/\" target=\"_blank\" rel=\"noopener\">Lounaispaikka<\/a><\/li>\n\n\n\n<li><a href=\"http:\/\/metaverstas.fi\/in-english\/\" target=\"_blank\" rel=\"noopener\">Metaverstas Ltd.<\/a><\/li>\n\n\n\n<li><a href=\"http:\/\/www.nba.fi\/en\/index\" target=\"_blank\" rel=\"noopener\">National Board of Antiquities<\/a><\/li>\n\n\n\n<li><a href=\"http:\/\/www.museumcentreturku.fi\/\" target=\"_blank\" rel=\"noopener\">The Museum Centre of Turku<\/a><\/li>\n\n\n\n<li><a href=\"http:\/\/www.seriousgamesfinland.fi\/\" target=\"_blank\" rel=\"noopener\">Serious Games Finland<\/a><\/li>\n\n\n\n<li><a href=\"http:\/\/www.visitturku.fi\/en\" target=\"_blank\" rel=\"noopener\">Turku Touring<\/a><\/li>\n\n\n\n<li><a title=\"Muuritutkimus ky\" href=\"http:\/\/www.muuritutkimus.com\/\" target=\"_blank\" rel=\"noopener\">Muuritutkimus<\/a><\/li>\n\n\n\n<li><a title=\"KOy Casagrandentalo\" href=\"http:\/\/www.casagrandentalo.fi\/\" target=\"_blank\" rel=\"noopener\">KOy Casagrandentalo<\/a><\/li>\n<\/ul>\n\n\n\n<h3 class=\"wp-block-heading\">Publications<\/h3>\n\n\n<div class=\"wpap\"><ul><li><p class=\"publication publication781\"><span class=\"publication-authors\">L. Viinikkala, O-P. Leskinen, O. Heimo, T. Korkalainen, T. M\u00e4kil\u00e4, S. Helle, V. P\u00f6nni, J-P. Arimaa, F. Saukko, J. P\u00e4\u00e4kyl\u00e4, S. Jokela and T. Lehtonen<\/span><span class=\"publication-title\">The Luostarinm\u00e4ki Adventure \u2013 An Augmented Reality Game in an Open Air Museum<\/span><span class=\"publication-conference\">NODEM 2014 \u2013 Engaging Spaces \u2013 Interpretation, Design and Digital Strategies<\/span><span class=\"publication-date\">2014<\/span><\/p><p class=\"publication-links\">[<a href=\"https:\/\/tt.utu.fi\/ar\/wp-content\/uploads\/2014\/12\/nodem2014-viinikkala.pdf\">paper<\/a>] [<a href=\"https:\/\/tt.utu.fi\/ar\/wp-content\/uploads\/2014\/12\/Luostarinmaki-Adventure-NODEM2014-slides.pdf\">slides<\/a>]<\/p><\/li><li><p class=\"publication publication779\"><span class=\"publication-authors\">L. Viinikkala<\/span><span class=\"publication-title\">Kun sein\u00e4t alkoivat puhua \u2013 Futuristic History -hanke ja yhdistetyn todellisuuden mahdollisuudet<\/span><span class=\"publication-conference\">Popular article in 2014 yearbook of Kotiseutuliitto<\/span><span class=\"publication-date\">10\/2014<\/span><\/p><p class=\"publication-links\">[<a href=\"http:\/\/www.kotiseutuliitto.fi\/julkaisut-ja-tuotteet\/kotiseutu-vuosikirja\">website<\/a>]<\/p><\/li><li><p class=\"publication publication552\"><span class=\"publication-authors\">K. Uotila, A. Vilkuna, I. Huvila, L. Viinikkala and H. B\u00e4fner<\/span><span class=\"publication-title\">Augmented reality and post medieval church &#8211; ruins of Holy Ghost Church in Turku<\/span><span class=\"publication-conference\">Conference on Church Archaeology in the Baltic Sea Region<\/span><span class=\"publication-date\">2013<\/span><\/p><p class=\"publication-links\">[<a href=\"http:\/\/tt.utu.fi\/ar\/wp-content\/uploads\/2014\/02\/Poster_Uotila_2013.pdf\" target=\"_blank\">poster<\/a>]<\/p><\/li><li><p class=\"publication publication551\"><span class=\"publication-authors\">L. Viinikkala, T. Korkalainen, J.P. Arimaa, T. Lehtonen, S. Helle, T. M\u00e4kil\u00e4, V. P\u00f6nni, O. Heimo<\/span><span class=\"publication-title\">Mixed reality and the Holy Ghost Church in Turku<\/span><span class=\"publication-conference\">Nordic Digital Excellence in Museums NODEM 2013 Conference, Stockholm, Sweden<\/span><span class=\"publication-date\">December 2013<\/span><\/p><p class=\"publication-links\">[<a href=\"http:\/\/repo.nodem.org\/?objectId=158\" target=\"_blank\">paper<\/a>]<\/p><\/li><li><p class=\"publication publication550\"><span class=\"publication-authors\">T. M\u00e4kil\u00e4, S. Helle, L. Viinikkala, T. Lehtonen, J.P. Arimaa, O. Heimo, P. Nikkola, T. Korkalainen, and V. P\u00f6nni<\/span><span class=\"publication-title\">The Futuristic History project: recreating history with augmented reality solutions<\/span><span class=\"publication-conference\">Nordic Digital Excellence in Museums NODEM 2013 Conference, Stockholm, Sweden<\/span><span class=\"publication-date\">December 2013<\/span><\/p><p class=\"publication-links\">[<a href=\"http:\/\/repo.nodem.org\/?objectId=130\" target=\"_blank\">paper<\/a>]<\/p><\/li><li><p class=\"publication publication548\"><span class=\"publication-authors\">O. I. Heimo, K. Kimppa, S. Helle, T. Korkalainen and T. Lehtonen<\/span><span class=\"publication-title\">Augmented Reality \u2013 Towards Ethical Fantasy<\/span><span class=\"publication-conference\">2014 IEEE International Symposium on Ethics in Engineering, Science, and Technology ETHICS 2014, Chicago, IL, USA<\/span><span class=\"publication-date\">May 2014<\/span><\/p><p class=\"publication-links\">[<a href=\"https:\/\/ieeexplore.ieee.org\/document\/6893423\" target=\"_blank\">paper<\/a>]<\/p><\/li><\/ul><\/div>\n\n\n\n<h3 class=\"wp-block-heading\">Ask more<\/h3>\n\n\n<style><\/style><div class=\"staff-member-listing futuristic-history-contact\"><div class=\"staff-member even \">\r\n\t<img decoding=\"async\" class=\"staff-member-photo\" src=\"https:\/\/tt.utu.fi\/ar\/wp-content\/uploads\/2013\/12\/teijo_lehtonen1.jpg\" title=\"Teijo Lehtonen : Senior Research Fellow\" id=\"teijo-lehtonen\">\r\n\t<div class=\"staff-member-info-wrap\">\r\n\t\t<h3 class=\"staff-member-name\">Teijo Lehtonen<\/h3>\r\n\t\t<h4 class=\"staff-member-position\">Senior Research Fellow<\/h4>\r\n\t\t\r\n\t\t<a class=\"staff-member-email\" href=\"mailto:&#116;&#101;&#105;&#106;&#111;&#046;&#108;&#101;&#104;t&#111;nen&#064;ut&#117;&#046;f&#105;\" title=\"Email Teijo Lehtonen\">t&#101;i&#106;o&#046;&#108;&#101;h&#116;&#111;&#110;en&#064;ut&#117;.&#102;&#105;<\/a>\r\n                +358 (0)44 440 0005\r\n\t\t\r\n                \r\n\t<\/div>\r\n<\/div> <!-- Close staff-member --><div class=\"staff-member odd  last\">\r\n\t<img decoding=\"async\" class=\"staff-member-photo\" src=\"https:\/\/tt.utu.fi\/ar\/wp-content\/uploads\/2013\/12\/seppo_helle.jpg\" title=\"Seppo Helle : Senior Researcher Emeritus\" id=\"seppo-helle\">\r\n\t<div class=\"staff-member-info-wrap\">\r\n\t\t<h3 class=\"staff-member-name\">Seppo Helle<\/h3>\r\n\t\t<h4 class=\"staff-member-position\">Senior Researcher Emeritus<\/h4>\r\n\t\t\r\n\t\t<a class=\"staff-member-email\" href=\"mailto:se&#112;&#112;o.he&#108;l&#101;&#064;&#117;t&#117;&#046;&#102;&#105;\" title=\"Email Seppo Helle\">se&#112;&#112;&#111;&#046;&#104;&#101;&#108;&#108;e&#064;&#117;&#116;&#117;&#046;&#102;&#105;<\/a>\r\n                \r\n\t\t\r\n                \r\n\t<\/div>\r\n<\/div> <!-- Close staff-member --><\/div> <!-- Close staff-member-listing -->\n","protected":false},"excerpt":{"rendered":"<p>A Two-year research project developing augmented reality \u2013based solutions and business models for tourism and culture.<\/p>\n","protected":false},"author":2,"featured_media":0,"parent":39,"menu_order":0,"comment_status":"closed","ping_status":"open","template":"","meta":{"_acf_changed":false,"footnotes":""},"class_list":["post-8","page","type-page","status-publish","hentry"],"acf":[],"_links":{"self":[{"href":"https:\/\/tt.utu.fi\/ar\/wp-json\/wp\/v2\/pages\/8","targetHints":{"allow":["GET"]}}],"collection":[{"href":"https:\/\/tt.utu.fi\/ar\/wp-json\/wp\/v2\/pages"}],"about":[{"href":"https:\/\/tt.utu.fi\/ar\/wp-json\/wp\/v2\/types\/page"}],"author":[{"embeddable":true,"href":"https:\/\/tt.utu.fi\/ar\/wp-json\/wp\/v2\/users\/2"}],"replies":[{"embeddable":true,"href":"https:\/\/tt.utu.fi\/ar\/wp-json\/wp\/v2\/comments?post=8"}],"version-history":[{"count":42,"href":"https:\/\/tt.utu.fi\/ar\/wp-json\/wp\/v2\/pages\/8\/revisions"}],"predecessor-version":[{"id":3034,"href":"https:\/\/tt.utu.fi\/ar\/wp-json\/wp\/v2\/pages\/8\/revisions\/3034"}],"up":[{"embeddable":true,"href":"https:\/\/tt.utu.fi\/ar\/wp-json\/wp\/v2\/pages\/39"}],"wp:attachment":[{"href":"https:\/\/tt.utu.fi\/ar\/wp-json\/wp\/v2\/media?parent=8"}],"curies":[{"name":"wp","href":"https:\/\/api.w.org\/{rel}","templated":true}]}}