
{"id":747,"date":"2014-12-18T15:19:33","date_gmt":"2014-12-18T13:19:33","guid":{"rendered":"http:\/\/tt.utu.fi\/ar\/?page_id=747"},"modified":"2023-04-19T13:33:00","modified_gmt":"2023-04-19T10:33:00","slug":"miracle","status":"publish","type":"page","link":"https:\/\/tt.utu.fi\/ar\/research\/miracle\/","title":{"rendered":"MIRACLE"},"content":{"rendered":"\n<blockquote class=\"wp-block-quote is-layout-flow wp-block-quote-is-layout-flow\">\n<p>2015-2016<br>Tekes<br>Budget UTU: 972 380 \u20ac<br>Completed<\/p>\n<\/blockquote>\n\n\n\n<div class=\"wp-block-columns is-layout-flex wp-container-core-columns-is-layout-9d6595d7 wp-block-columns-is-layout-flex\">\n<div class=\"wp-block-column is-layout-flow wp-block-column-is-layout-flow\"><a class=\"iheg-wrapper\" href=\"https:\/\/tt.utu.fi\/ar\/project\/wordsmith\/\"  ><div class=\"eihe-box eihe-zoom-in\" style=\"background: rgba(0,0,0,0.5);border-radius:0px 0px 0px 0px;\"><img decoding=\"async\" src=\"https:\/\/tt.utu.fi\/ar\/wp-content\/uploads\/sites\/5\/2023\/04\/Wordsmith_hoverSquare-600x600.png\" alt=\"AR application in Turku Cathedral\"><div class=\"eihe-caption\" style=\"background: rgba(0,0,0,0.5);padding:20px 20px 20px 20px;\"><div class=\"eihe-title-cover\"><span style=\"font-size: 20px;\" class=\"eihe-title\">Wordsmith<\/span>\t<\/div><p style=\"font-size: 16px;\">Showcase<\/p><\/div><\/div><\/a><\/div>\n\n\n\n<div class=\"wp-block-column is-layout-flow wp-block-column-is-layout-flow\"><a class=\"iheg-wrapper\" href=\"https:\/\/tt.utu.fi\/ar\/project\/transformations-of-the-knights-hall\/\"  ><div class=\"eihe-box eihe-zoom-in\" style=\"background: rgba(0,0,0,0.5);border-radius:0px 0px 0px 0px;\"><img decoding=\"async\" src=\"https:\/\/tt.utu.fi\/ar\/wp-content\/uploads\/sites\/5\/2023\/04\/KnightsHall_hoverSquare-600x600.png\" alt=\"AR application in H\u00e4me Castle\"><div class=\"eihe-caption\" style=\"background: rgba(0,0,0,0.5);padding:12px 12px 12px 12px;\"><div class=\"eihe-title-cover\"><span style=\"font-size: 20px;\" class=\"eihe-title\">Transformations of<br>the Knights&#8217; Hall<\/span>\t<\/div><p style=\"font-size: 16px;\">Showcase<\/p><\/div><\/div><\/a><\/div>\n\n\n\n<div class=\"wp-block-column is-layout-flow wp-block-column-is-layout-flow\"><a class=\"iheg-wrapper\" href=\"https:\/\/tt.utu.fi\/ar\/project\/miracle-handbook\/\"  ><div class=\"eihe-box eihe-zoom-in\" style=\"background: rgba(0,0,0,0.5);border-radius:0px 0px 0px 0px;\"><img decoding=\"async\" src=\"https:\/\/tt.utu.fi\/ar\/wp-content\/uploads\/sites\/5\/2023\/04\/Casagrande_hoverSquare-600x600.png\" alt=\"Casagrande building\"><div class=\"eihe-caption\" style=\"background: rgba(0,0,0,0.5);\"><div class=\"eihe-title-cover\"><span style=\"font-size: 20px;\" class=\"eihe-title\">MIRACLE<br>Handbook<\/span>\t<\/div><p style=\"font-size: 16px;\">Showcase<\/p><\/div><\/div><\/a><\/div>\n<\/div>\n\n\n\n<p><br>MIRACLE is a two-year research project by University of Turku, VTT Technical Research Centre of Finland, University of Tampere, and University of Helsinki. There are a number of project partners from public organizations as well as private enterprises. MIRACLE is based on research done in the <a title=\"Futuristic History\" href=\"http:\/\/tt.utu.fi\/ar\/research\/futuristic-history\/\">Futuristic History<\/a> project during 2013 &amp; 2014.<\/p>\n\n\n\n<p>Museums and other culture-related attractions are competing fiercely about people&#8217;s time with everything else, so they must offer appealing and individual experiences to draw people&#8217;s attention. Mixed reality is one possible means of doing that, but the cost of building good applications is often too high. The MIRACLE vision is to find cost-efficient ways to create attractive mixed reality applications for cultural travel and out-of-classroom learning, by multi-disciplinary teams and in co-operation with local businesses.<\/p>\n\n\n\n<p>As a result, the tourist sites as well as other local businesses are expected to benefit from growing number of visitors. New businesses will emerge that can sell their expertise and products to tourist attractions worldwide. Learning experiences will be developed that are expected to be more efficient and enjoyable than traditional methods. Mixed reality also offers ways for handicapped visitors to access locations.<\/p>\n\n\n\n<p>The project will be executed through demonstrator applications for a number of pilot cases.&nbsp; As its final output, the project collects knowledge into a toolkit and a handbook that define the recipe for efficiently and economically developing attractive applications and running businesses around them. The toolkit contains elements for actually developing the applications, while the handbook is intended to help humanists, engineers and business professionals better understand each other\u2019s needs and vocabulary.<\/p>\n\n\n\n<h3 class=\"wp-block-heading\">Research partners<\/h3>\n\n\n\n<ul class=\"wp-block-list\">\n<li><a href=\"http:\/\/tt.utu.fi\" target=\"_blank\" rel=\"noopener noreferrer\">University of Turku, Department of Future Technologies<\/a><\/li>\n\n\n\n<li><a href=\"http:\/\/www.utu.fi\/en\/units\/hum\/units\/finnish-history\/Pages\/home.aspx\" target=\"_blank\" rel=\"noopener noreferrer\">University of Turku, Department of Finnish History<\/a><\/li>\n\n\n\n<li><a href=\"http:\/\/www.vttresearch.com\/services\/digital-society\/data-driven-solutions\/user-interfaces\/augmented-reality-and-3d-tracking\" target=\"_blank\" rel=\"noopener noreferrer\">VTT Technical Research Centre of Finland, ICT \u2013 Digital Systems and Services<\/a><\/li>\n\n\n\n<li><a href=\"http:\/\/www.uta.fi\/sis\/en\/\" target=\"_blank\" rel=\"noopener noreferrer\">University of Tampere, School of Information Sciences<\/a><\/li>\n\n\n\n<li><a href=\"http:\/\/www.helsinki.fi\/teachereducation\/\" target=\"_blank\" rel=\"noopener noreferrer\">University of Helsinki, Department of Teacher Education<\/a><\/li>\n<\/ul>\n\n\n\n<h3 class=\"wp-block-heading\">Industry partners<\/h3>\n\n\n\n<ul class=\"wp-block-list\">\n<li><a href=\"http:\/\/www.amosanderson.fi\" target=\"_blank\" rel=\"noopener noreferrer\">Amos Anderson Art Museum<\/a><\/li>\n\n\n\n<li><a href=\"http:\/\/www.casagrandentalo.fi\/\" target=\"_blank\" rel=\"noopener noreferrer\">KOy Casagrandentalo<\/a><\/li>\n\n\n\n<li><a href=\"http:\/\/www.kemianteollisuus.fi\/en\/\" target=\"_blank\" rel=\"noopener noreferrer\">The Chemical Industry Federation of Finland<\/a><\/li>\n\n\n\n<li><a href=\"http:\/\/www.enkeliravintola.fi\/in-english\" target=\"_blank\" rel=\"noopener noreferrer\">EnkeliGroup Oy<\/a><\/li>\n\n\n\n<li><a href=\"http:\/\/evl.fi\/EVLen.nsf\" target=\"_blank\" rel=\"noopener noreferrer\">Evangelical Lutheran Church of Finland<\/a><\/li>\n\n\n\n<li><a href=\"http:\/\/www.ilmailumuseo.fi\/?page=home-eng\" target=\"_blank\" rel=\"noopener noreferrer\">Finnish Aviation Museum<\/a><\/li>\n\n\n\n<li><a href=\"http:\/\/www.kilt.fi\/?p=main&amp;l=en\" target=\"_blank\" rel=\"noopener noreferrer\">Kilt Oy<\/a><\/li>\n\n\n\n<li><a href=\"http:\/\/www.merikeskusvellamo.fi\/en\/\" target=\"_blank\" rel=\"noopener noreferrer\">Maritime Centre Vellamo <\/a>\/ <a href=\"http:\/\/www.merikeskusvellamo.fi\/en\/Museums\/Museum%20of%20Kymenlaakso\" target=\"_blank\" rel=\"noopener noreferrer\">Museum of Kymenlaakso<\/a><\/li>\n\n\n\n<li><a href=\"http:\/\/www.mobilia.fi\/english.html\" target=\"_blank\" rel=\"noopener noreferrer\">Automobile and road museum Mobilia<\/a><\/li>\n\n\n\n<li><a href=\"http:\/\/www.steerpath.com\" target=\"_blank\" rel=\"noopener noreferrer\">Nimble Devices Oy<\/a><\/li>\n\n\n\n<li><a href=\"http:\/\/www.silencio.fi\/\" target=\"_blank\" rel=\"noopener noreferrer\">Silencio Oy<\/a><\/li>\n\n\n\n<li><a href=\"http:\/\/www.museumcentreturku.fi\/\" target=\"_blank\" rel=\"noopener noreferrer\">The Museum Centre of Turku<\/a><\/li>\n\n\n\n<li><a href=\"http:\/\/www.tekniikanmuseo.fi\/engl_info.html\" target=\"_blank\" rel=\"noopener noreferrer\">Museum of Technology<\/a><\/li>\n\n\n\n<li><a href=\"http:\/\/www.muuritutkimus.com\/\" target=\"_blank\" rel=\"noopener noreferrer\">Muuritutkimus Ky<\/a><\/li>\n\n\n\n<li><a href=\"http:\/\/www.nba.fi\/en\/\" target=\"_blank\" rel=\"noopener noreferrer\">National Board of Antiquities<\/a><\/li>\n\n\n\n<li><a href=\"https:\/\/www.turunseurakunnat.fi\/portal\/en\" target=\"_blank\" rel=\"noopener noreferrer\">Turku and Kaarina Parish Union<\/a><\/li>\n\n\n\n<li><a href=\"http:\/\/vapriikki.fi\/en\/\" target=\"_blank\" rel=\"noopener noreferrer\">Museum Centre Vapriikki<\/a><\/li>\n\n\n\n<li>Vucom<\/li>\n<\/ul>\n\n\n\n<h3 class=\"wp-block-heading\">Other partners<\/h3>\n\n\n\n<ul class=\"wp-block-list\">\n<li><a href=\"http:\/\/www.bryggman.fi\/english\/homepage\/\" target=\"_blank\" rel=\"noopener noreferrer\">Bryggman Foundation<\/a><\/li>\n\n\n\n<li><a href=\"http:\/\/www.varsinais-suomi.fi\/en\/frontpage\" target=\"_blank\" rel=\"noopener noreferrer\">Regional Council of Southwest Finland<\/a> \/ <a href=\"http:\/\/www.lounaispaikka.fi\/\">Lounaispaikka<\/a><\/li>\n<\/ul>\n\n\n\n<h3 class=\"wp-block-heading\">Publications<\/h3>\n\n\n<div class=\"wpap\"><ul><li><p class=\"publication publication6703\"><span class=\"publication-authors\">Olli I. Heimo, Kai K. Kimppa, Laura Yli-Sepp\u00e4l\u00e4, Lauri Viinikkala, Timo Korkalainen, Tuomas M\u00e4kil\u00e4 and Teijo Lehtonen<\/span><span class=\"publication-title\">Ethical Problems in Creating Historically Accurate Mixed Reality Make-beliefs<\/span><span class=\"publication-conference\">CEPE\/ETHICOMP 2017 - Values in Emerging Science and Technology<\/span><span class=\"publication-date\">June 5-8 2017<\/span><\/p><\/li><li><p class=\"publication publication6700\"><span class=\"publication-authors\">Seppo Helle, Hannu Salmi, Markku Turunen, Charles Woodward, Teijo Lehtonen (Eds.)<\/span><span class=\"publication-title\">MIRACLE Handbook \u2013 Guidelines for Mixed Reality Applications for Culture and Learning Experiences<\/span><span class=\"publication-conference\">University of Turku<\/span><span class=\"publication-date\">July 2017<\/span><em class=\"note\">ISBN 978-951-29-6884-8<\/em><\/p><p class=\"publication-links\">[<a href=\"http:\/\/urn.fi\/URN:ISBN:978-951-29-6884-8\" target=\"_blank\">paper<\/a>]<\/p><\/li><li><p class=\"publication publication1143\"><span class=\"publication-authors\">L. Viinikkala<\/span><span class=\"publication-title\">Digital but Authentic? Defining Authenticity of Two Church Interiors Reconstructed with Mixed Reality Technology<\/span><span class=\"publication-conference\">Finskt museum<\/span><span class=\"publication-date\">12\/2016<\/span><\/p><\/li><li><p class=\"publication publication1142\"><span class=\"publication-authors\">L. Viinikkala<\/span><span class=\"publication-title\">Yhdistetty todellisuus ja menneisyyden esitt\u00e4minen. Narratiivin ja historiallisen tiedon suhde Louhisaaren tarinat -sovelluksessa<\/span><span class=\"publication-conference\">Digitaalinen historiantutkimus, Historia Mirabilis 12<\/span><span class=\"publication-date\">10\/2016<\/span><\/p><\/li><li><p class=\"publication publication1141\"><span class=\"publication-authors\">O. I. Heimo, T. M\u00e4kil\u00e4, T. Korkalainen, L. Viinikkala and T. Lehtonen<\/span><span class=\"publication-title\">B2C Business Models for Museum and Cultural Travel Mixed Reality Solutions<\/span><span class=\"publication-conference\">20th International Academic Mindtrek Conference in Tampere, Finland<\/span><span class=\"publication-date\">10\/2016<\/span><\/p><p class=\"publication-links\">[<a href=\"https:\/\/www.utupub.fi\/handle\/10024\/169252\" target=\"_blank\">paper<\/a>]<\/p><\/li><li><p class=\"publication publication1140\"><span class=\"publication-authors\">L. Viinikkala, L. Yli-Sepp\u00e4l\u00e4, O. I. Heimo, S. Helle, L. H\u00e4rk\u00e4nen, S. Jokela, L. J\u00e4rvenp\u00e4\u00e4, T. Korkalainen, J. Latvala, J. P\u00e4\u00e4kyl\u00e4, K. Sepp\u00e4l\u00e4, T. M\u00e4kil\u00e4 and T. Lehtonen<\/span><span class=\"publication-title\">Reforming the Reformation Representation. Mixed Reality narratives in communicating tangible and intangible heritage<\/span><span class=\"publication-conference\">DIHA & NODEM Special Session at 22nd International Conference on Virtual Systems and Multimedia VSMM 2016, Kuala Lumpur<\/span><span class=\"publication-date\">10\/2016<\/span><\/p><p class=\"publication-links\">[<a href=\"https:\/\/ieeexplore.ieee.org\/document\/7863203\" target=\"_blank\">paper<\/a>]<\/p><\/li><li><p class=\"publication publication1139\"><span class=\"publication-authors\">K. Sepp\u00e4l\u00e4, O.I. Heimo, T. Korkalainen, J. P\u00e4\u00e4kyl\u00e4, J. Latvala, S. Helle, L. H\u00e4rk\u00e4nen, S. Jokela, L. J\u00e4rvenp\u00e4\u00e4, F. Saukko, L. Viinikkala, T. M\u00e4kil\u00e4 and T. Lehtonen<\/span><span class=\"publication-title\">Examining User Experience in an Augmented Reality Adventure Game: Case Luostarinm\u00e4ki Handicrafts Museum<\/span><span class=\"publication-conference\">12th IFIP TC9 Human Choice and Computers Conference<\/span><span class=\"publication-date\">7th-9th Sept 2016<\/span><\/p><p class=\"publication-links\">[<a href=\"https:\/\/link.springer.com\/chapter\/10.1007\/978-3-319-44805-3_21\" target=\"_blank\">paper<\/a>]<\/p><\/li><\/ul><\/div>\n\n\n\n<h3 class=\"wp-block-heading\">Press material<\/h3>\n\n\n\n<ul class=\"wp-block-list\">\n<li><a href=\"http:\/\/www.utu.fi\/fi\/Ajankohtaista\/mediatiedotteet\/Sivut\/yhdistetysta-todellisuudesta-nostetta-kulttuurimatkailuun.aspx\" target=\"_blank\" rel=\"noopener noreferrer\">January 19 2015, University of Turku on project kick-off (in Finnish)<\/a><\/li>\n<\/ul>\n\n\n\n<h3 class=\"wp-block-heading\">Ask more<\/h3>\n\n\n<style><\/style><div class=\"staff-member-listing miracle-contact\"><div class=\"staff-member even \">\r\n\t<img decoding=\"async\" class=\"staff-member-photo\" src=\"https:\/\/tt.utu.fi\/ar\/wp-content\/uploads\/2013\/12\/teijo_lehtonen1.jpg\" title=\"Teijo Lehtonen : Senior Research Fellow\" id=\"teijo-lehtonen\">\r\n\t<div class=\"staff-member-info-wrap\">\r\n\t\t<h3 class=\"staff-member-name\">Teijo Lehtonen<\/h3>\r\n\t\t<h4 class=\"staff-member-position\">Senior Research Fellow<\/h4>\r\n\t\t\r\n\t\t<a class=\"staff-member-email\" href=\"mailto:&#116;&#101;&#105;j&#111;.&#108;&#101;&#104;to&#110;e&#110;&#064;u&#116;&#117;.&#102;&#105;\" title=\"Email Teijo Lehtonen\">&#116;&#101;&#105;&#106;o.le&#104;tonen&#064;u&#116;u.&#102;i<\/a>\r\n                +358 (0)44 440 0005\r\n\t\t\r\n                \r\n\t<\/div>\r\n<\/div> <!-- Close staff-member --><div class=\"staff-member odd  last\">\r\n\t<img decoding=\"async\" class=\"staff-member-photo\" src=\"https:\/\/tt.utu.fi\/ar\/wp-content\/uploads\/2013\/12\/seppo_helle.jpg\" title=\"Seppo Helle : Senior Researcher Emeritus\" id=\"seppo-helle\">\r\n\t<div class=\"staff-member-info-wrap\">\r\n\t\t<h3 class=\"staff-member-name\">Seppo Helle<\/h3>\r\n\t\t<h4 class=\"staff-member-position\">Senior Researcher Emeritus<\/h4>\r\n\t\t\r\n\t\t<a class=\"staff-member-email\" href=\"mailto:&#115;&#101;p&#112;o.h&#101;lle&#064;&#117;tu&#046;f&#105;\" title=\"Email Seppo Helle\">&#115;&#101;p&#112;o.&#104;&#101;lle&#064;&#117;&#116;&#117;.&#102;i<\/a>\r\n                \r\n\t\t\r\n                \r\n\t<\/div>\r\n<\/div> <!-- Close staff-member --><\/div> <!-- Close staff-member-listing -->\n","protected":false},"excerpt":{"rendered":"<p>A two-year research project on mixed reality applications for culture and learning experiences with the Universities of Helsinki and Tampere, VTT and numerous industry partners. <\/p>\n","protected":false},"author":2,"featured_media":2092,"parent":39,"menu_order":0,"comment_status":"closed","ping_status":"closed","template":"","meta":{"_acf_changed":false,"footnotes":""},"class_list":["post-747","page","type-page","status-publish","has-post-thumbnail","hentry"],"acf":[],"_links":{"self":[{"href":"https:\/\/tt.utu.fi\/ar\/wp-json\/wp\/v2\/pages\/747","targetHints":{"allow":["GET"]}}],"collection":[{"href":"https:\/\/tt.utu.fi\/ar\/wp-json\/wp\/v2\/pages"}],"about":[{"href":"https:\/\/tt.utu.fi\/ar\/wp-json\/wp\/v2\/types\/page"}],"author":[{"embeddable":true,"href":"https:\/\/tt.utu.fi\/ar\/wp-json\/wp\/v2\/users\/2"}],"replies":[{"embeddable":true,"href":"https:\/\/tt.utu.fi\/ar\/wp-json\/wp\/v2\/comments?post=747"}],"version-history":[{"count":41,"href":"https:\/\/tt.utu.fi\/ar\/wp-json\/wp\/v2\/pages\/747\/revisions"}],"predecessor-version":[{"id":2828,"href":"https:\/\/tt.utu.fi\/ar\/wp-json\/wp\/v2\/pages\/747\/revisions\/2828"}],"up":[{"embeddable":true,"href":"https:\/\/tt.utu.fi\/ar\/wp-json\/wp\/v2\/pages\/39"}],"wp:featuredmedia":[{"embeddable":true,"href":"https:\/\/tt.utu.fi\/ar\/wp-json\/wp\/v2\/media\/2092"}],"wp:attachment":[{"href":"https:\/\/tt.utu.fi\/ar\/wp-json\/wp\/v2\/media?parent=747"}],"curies":[{"name":"wp","href":"https:\/\/api.w.org\/{rel}","templated":true}]}}