
{"id":3223,"date":"2026-02-24T16:06:55","date_gmt":"2026-02-24T14:06:55","guid":{"rendered":"https:\/\/tt.utu.fi\/ar\/?page_id=3223"},"modified":"2026-03-02T11:31:10","modified_gmt":"2026-03-02T09:31:10","slug":"xr-ope","status":"publish","type":"page","link":"https:\/\/tt.utu.fi\/ar\/xr-ope\/","title":{"rendered":"XR-ope"},"content":{"rendered":"\n<blockquote class=\"wp-block-quote is-layout-flow wp-block-quote-is-layout-flow\">\n<div class=\"wp-block-columns is-layout-flex wp-container-core-columns-is-layout-9d6595d7 wp-block-columns-is-layout-flex\">\n<div class=\"wp-block-column is-layout-flow wp-block-column-is-layout-flow\" style=\"flex-basis:50%\">\n<p>Terveysalan kouluttajien XR-menetelmien osaamisen vahvistaminen<br>1.1.2026 \u2013 31.12.2027<br>ESR+<br>Budjetti UTU: 119 707\u20ac<br>K\u00e4ynniss\u00e4<br><\/p>\n<\/div>\n\n\n\n<div class=\"wp-block-column is-layout-flow wp-block-column-is-layout-flow\" style=\"flex-basis:25%\">\n<figure class=\"wp-block-image size-large is-resized\"><img loading=\"lazy\" decoding=\"async\" width=\"600\" height=\"443\" src=\"https:\/\/tt.utu.fi\/ar\/wp-content\/uploads\/sites\/5\/2026\/03\/XR-ope_logo_a@4x-600x443.png\" alt=\"\" class=\"wp-image-3258\" style=\"aspect-ratio:1.3543657269389102;width:185px;height:auto\" srcset=\"https:\/\/tt.utu.fi\/ar\/wp-content\/uploads\/sites\/5\/2026\/03\/XR-ope_logo_a@4x-600x443.png 600w, https:\/\/tt.utu.fi\/ar\/wp-content\/uploads\/sites\/5\/2026\/03\/XR-ope_logo_a@4x-350x258.png 350w, https:\/\/tt.utu.fi\/ar\/wp-content\/uploads\/sites\/5\/2026\/03\/XR-ope_logo_a@4x-768x567.png 768w, https:\/\/tt.utu.fi\/ar\/wp-content\/uploads\/sites\/5\/2026\/03\/XR-ope_logo_a@4x.png 963w\" sizes=\"auto, (max-width: 600px) 100vw, 600px\" \/><\/figure>\n<\/div>\n\n\n\n<div class=\"wp-block-column is-layout-flow wp-block-column-is-layout-flow\" style=\"flex-basis:25%\">\n<figure class=\"wp-block-image size-large is-resized\"><img loading=\"lazy\" decoding=\"async\" width=\"525\" height=\"600\" src=\"https:\/\/tt.utu.fi\/ar\/wp-content\/uploads\/sites\/5\/2026\/03\/FI_co-funded-by-VERTICAL-RGB_POS-525x600.png\" alt=\"\" class=\"wp-image-3256\" style=\"aspect-ratio:0.8750066648049076;width:178px;height:auto\" srcset=\"https:\/\/tt.utu.fi\/ar\/wp-content\/uploads\/sites\/5\/2026\/03\/FI_co-funded-by-VERTICAL-RGB_POS-525x600.png 525w, https:\/\/tt.utu.fi\/ar\/wp-content\/uploads\/sites\/5\/2026\/03\/FI_co-funded-by-VERTICAL-RGB_POS-306x350.png 306w, https:\/\/tt.utu.fi\/ar\/wp-content\/uploads\/sites\/5\/2026\/03\/FI_co-funded-by-VERTICAL-RGB_POS-768x877.png 768w, https:\/\/tt.utu.fi\/ar\/wp-content\/uploads\/sites\/5\/2026\/03\/FI_co-funded-by-VERTICAL-RGB_POS.png 828w\" sizes=\"auto, (max-width: 525px) 100vw, 525px\" \/><\/figure>\n<\/div>\n<\/div>\n<\/blockquote>\n\n\n<div class=\"wp-block-image\">\n<figure class=\"aligncenter size-large\"><img loading=\"lazy\" decoding=\"async\" width=\"600\" height=\"400\" src=\"https:\/\/tt.utu.fi\/ar\/wp-content\/uploads\/sites\/5\/2026\/02\/DSC05872-600x400.jpg\" alt=\"\" class=\"wp-image-3245\" style=\"aspect-ratio:16\/9;object-fit:cover\" srcset=\"https:\/\/tt.utu.fi\/ar\/wp-content\/uploads\/sites\/5\/2026\/02\/DSC05872-600x400.jpg 600w, https:\/\/tt.utu.fi\/ar\/wp-content\/uploads\/sites\/5\/2026\/02\/DSC05872-350x233.jpg 350w\" sizes=\"auto, (max-width: 600px) 100vw, 600px\" \/><\/figure>\n<\/div>\n\n\n<p><\/p>\n\n\n\n<p>XR-teknologia tuo merkitt\u00e4vi\u00e4 mahdollisuuksia terveysalan koulutukseen, mutta sen k\u00e4ytt\u00f6 on v\u00e4h\u00e4ist\u00e4 johtuen terveysalan kouluttajien riitt\u00e4m\u00e4tt\u00f6m\u00e4st\u00e4 osaamisesta ja teknisist\u00e4 haasteista. XR-teknologian avulla voidaan tukea suurten ryhmien opetusta, parantaa opetuksen laatua, huomioida opiskelijoiden yksil\u00f6lliset oppimistarpeet ja tehostaa opettajien resurssien kohdentamista. Nopeasti kehittyv\u00e4 teknologia my\u00f6s haastaa pysym\u00e4\u00e4n kehityksen mukana.<\/p>\n\n\n\n<p><a href=\"https:\/\/www.turkuamk.fi\/projekti\/terveysalan-kouluttajien-xr-menetelmien-osaamisen-vahvistaminen\/\" target=\"_blank\" rel=\"noreferrer noopener\">Turun Ammattikorkeakoulun koordinoima XR-ope -hanke<\/a> lis\u00e4\u00e4 terveysalan kouluttajien osaamista XR-teknologian k\u00e4ytt\u00e4misest\u00e4 opetuksessa ja madaltaa kynnyst\u00e4 k\u00e4ytt\u00e4\u00e4 XR-laitteita, kuten VR-laseja. Hanke kouluttaa terveysalan kouluttajan luomaan itsen\u00e4isesti omaa, esimerkiksi VR-laseilla opiskeltavaa opetusmateriaalia ilman ulkopuolista teknist\u00e4 apua. Hanke lis\u00e4\u00e4 ymm\u00e4rryst\u00e4 XR:n ja oppimateriaalien kehityksen periaatteista, jota he pystyv\u00e4t hy\u00f6dynt\u00e4m\u00e4\u00e4n tulevaisuuden kehitysalustoilla. Turun yliopistolta XR-ope -hankkeeseen osallistuvat tietotekniikan laitos ja bioteknologian laitos.<\/p>\n\n\n\n<p>XR-ope -hankkeessa toteutetaan kohdennettuja XR-koulutuksia, kehitet\u00e4\u00e4n laadukkaita XR-teknologiaa hy\u00f6dynt\u00e4vi\u00e4 opetusmateriaaleja terveysalan kouluttajien kanssa ja rakennetaan XR-teknologian k\u00e4yt\u00f6n laajentamista ja vaikuttavuutta terveysalan koulutuksessa tukeva, alueellinen yhteisty\u00f6alusta terveysalan kouluttajille.<\/p>\n\n\n\n<div class=\"wp-block-columns is-layout-flex wp-container-core-columns-is-layout-9d6595d7 wp-block-columns-is-layout-flex\">\n<div class=\"wp-block-column is-layout-flow wp-block-column-is-layout-flow\" style=\"flex-basis:100%\"><div class=\"wp-block-image\">\n<figure class=\"aligncenter size-full\"><img loading=\"lazy\" decoding=\"async\" width=\"2560\" height=\"311\" src=\"https:\/\/tt.utu.fi\/ar\/wp-content\/uploads\/sites\/5\/2026\/02\/XR-ope-logot-kollaasi-scaled.png\" alt=\"\" class=\"wp-image-3239\" srcset=\"https:\/\/tt.utu.fi\/ar\/wp-content\/uploads\/sites\/5\/2026\/02\/XR-ope-logot-kollaasi-scaled.png 2560w, https:\/\/tt.utu.fi\/ar\/wp-content\/uploads\/sites\/5\/2026\/02\/XR-ope-logot-kollaasi-350x42.png 350w, https:\/\/tt.utu.fi\/ar\/wp-content\/uploads\/sites\/5\/2026\/02\/XR-ope-logot-kollaasi-600x73.png 600w, https:\/\/tt.utu.fi\/ar\/wp-content\/uploads\/sites\/5\/2026\/02\/XR-ope-logot-kollaasi-768x93.png 768w, https:\/\/tt.utu.fi\/ar\/wp-content\/uploads\/sites\/5\/2026\/02\/XR-ope-logot-kollaasi-1536x186.png 1536w, https:\/\/tt.utu.fi\/ar\/wp-content\/uploads\/sites\/5\/2026\/02\/XR-ope-logot-kollaasi-2048x248.png 2048w\" sizes=\"auto, (max-width: 2560px) 100vw, 2560px\" \/><\/figure>\n<\/div><\/div>\n<\/div>\n\n\n\n<p><\/p>\n\n\n\n<h2 class=\"wp-block-heading\">Ask more&nbsp;<\/h2>\n\n\n<style><\/style><div class=\"staff-member-listing xr-ope-contact\"><div class=\"staff-member even \">\r\n\t<img decoding=\"async\" class=\"staff-member-photo\" src=\"https:\/\/tt.utu.fi\/ar\/wp-content\/uploads\/2021\/05\/Taneli-Nyyssonen2.png\" title=\"Taneli Nyyss\u00f6nen : Senior Researcher\" id=\"taneli-nyyssonen\">\r\n\t<div class=\"staff-member-info-wrap\">\r\n\t\t<h3 class=\"staff-member-name\">Taneli Nyyss\u00f6nen<\/h3>\r\n\t\t<h4 class=\"staff-member-position\">Senior Researcher<\/h4>\r\n\t\t\r\n\t\t<a class=\"staff-member-email\" href=\"mailto:&#116;tj&#110;&#121;&#121;&#064;&#117;&#116;u&#046;f&#105;\" title=\"Email Taneli Nyyss\u00f6nen\">&#116;tjn&#121;&#121;&#064;ut&#117;&#046;f&#105;<\/a>\r\n                \r\n\t\t\r\n                \r\n\t<\/div>\r\n<\/div> <!-- Close staff-member --><div class=\"staff-member odd  last\">\r\n\t<img decoding=\"async\" class=\"staff-member-photo\" src=\"https:\/\/tt.utu.fi\/ar\/wp-content\/uploads\/2021\/05\/70x100.png\" title=\"Markus Krusberg : Project Researcher\" id=\"markus-krusberg\">\r\n\t<div class=\"staff-member-info-wrap\">\r\n\t\t<h3 class=\"staff-member-name\">Markus Krusberg<\/h3>\r\n\t\t<h4 class=\"staff-member-position\">Project Researcher<\/h4>\r\n\t\t\r\n\t\t<a class=\"staff-member-email\" href=\"mailto:m&#112;&#107;&#114;&#117;s&#064;&#117;&#116;&#117;&#046;f&#105;\" title=\"Email Markus Krusberg\">mp&#107;r&#117;&#115;&#064;&#117;tu.&#102;i<\/a>\r\n                \r\n\t\t\r\n                \r\n\t<\/div>\r\n<\/div> <!-- Close staff-member --><\/div> <!-- Close staff-member-listing -->\n","protected":false},"excerpt":{"rendered":"<p>XR-ope -hanke lis\u00e4\u00e4 terveysalan kouluttajien osaamista XR-teknologian k\u00e4ytt\u00e4misest\u00e4 opetuksessa ja madaltaa kynnyst\u00e4 k\u00e4ytt\u00e4\u00e4 XR-laitteita, kuten VR-laseja. Hanke kouluttaa terveysalan kouluttajan luomaan itsen\u00e4isesti omaa, esimerkiksi VR-laseilla opiskeltavaa opetusmateriaalia ilman ulkopuolista teknist\u00e4 apua.<\/p>\n","protected":false},"author":1872,"featured_media":3265,"parent":0,"menu_order":0,"comment_status":"closed","ping_status":"closed","template":"","meta":{"_acf_changed":false,"footnotes":""},"class_list":["post-3223","page","type-page","status-publish","has-post-thumbnail","hentry"],"acf":[],"_links":{"self":[{"href":"https:\/\/tt.utu.fi\/ar\/wp-json\/wp\/v2\/pages\/3223","targetHints":{"allow":["GET"]}}],"collection":[{"href":"https:\/\/tt.utu.fi\/ar\/wp-json\/wp\/v2\/pages"}],"about":[{"href":"https:\/\/tt.utu.fi\/ar\/wp-json\/wp\/v2\/types\/page"}],"author":[{"embeddable":true,"href":"https:\/\/tt.utu.fi\/ar\/wp-json\/wp\/v2\/users\/1872"}],"replies":[{"embeddable":true,"href":"https:\/\/tt.utu.fi\/ar\/wp-json\/wp\/v2\/comments?post=3223"}],"version-history":[{"count":21,"href":"https:\/\/tt.utu.fi\/ar\/wp-json\/wp\/v2\/pages\/3223\/revisions"}],"predecessor-version":[{"id":3264,"href":"https:\/\/tt.utu.fi\/ar\/wp-json\/wp\/v2\/pages\/3223\/revisions\/3264"}],"wp:featuredmedia":[{"embeddable":true,"href":"https:\/\/tt.utu.fi\/ar\/wp-json\/wp\/v2\/media\/3265"}],"wp:attachment":[{"href":"https:\/\/tt.utu.fi\/ar\/wp-json\/wp\/v2\/media?parent=3223"}],"curies":[{"name":"wp","href":"https:\/\/api.w.org\/{rel}","templated":true}]}}