
{"id":2965,"date":"2025-05-05T16:58:59","date_gmt":"2025-05-05T13:58:59","guid":{"rendered":"https:\/\/tt.utu.fi\/ar\/?page_id=2965"},"modified":"2025-10-27T12:06:12","modified_gmt":"2025-10-27T10:06:12","slug":"vastuullisuus-meriteollisuuden-toimittajaverkostossa","status":"publish","type":"page","link":"https:\/\/tt.utu.fi\/ar\/vastuullisuus-meriteollisuuden-toimittajaverkostossa\/","title":{"rendered":"Vastuullisuus meriteollisuuden toimittajaverkostossa"},"content":{"rendered":"\n<blockquote class=\"wp-block-quote is-layout-flow wp-block-quote-is-layout-flow\">\n<p class=\"has-text-align-center\">&#8211; Merimerkit &amp; SusFlow -yhteisseminaari<\/p>\n\n\n\n<p class=\"has-text-align-center\">9.6.2025 klo 9.00-15.30<br>Forum Marinum, Ruuma-auditorio &amp; Messi, Linnankatu 72, Turku<br><\/p>\n<\/blockquote>\n\n\n<div class=\"wp-block-image\">\n<figure class=\"aligncenter size-large\"><img loading=\"lazy\" decoding=\"async\" width=\"600\" height=\"284\" src=\"https:\/\/tt.utu.fi\/ar\/wp-content\/uploads\/sites\/5\/2025\/04\/Paivankakkara_Jorma_Kontio_rajattu-2-600x284.jpg\" alt=\"\" class=\"wp-image-3044\" srcset=\"https:\/\/tt.utu.fi\/ar\/wp-content\/uploads\/sites\/5\/2025\/04\/Paivankakkara_Jorma_Kontio_rajattu-2-600x284.jpg 600w, https:\/\/tt.utu.fi\/ar\/wp-content\/uploads\/sites\/5\/2025\/04\/Paivankakkara_Jorma_Kontio_rajattu-2-350x166.jpg 350w, https:\/\/tt.utu.fi\/ar\/wp-content\/uploads\/sites\/5\/2025\/04\/Paivankakkara_Jorma_Kontio_rajattu-2-768x364.jpg 768w, https:\/\/tt.utu.fi\/ar\/wp-content\/uploads\/sites\/5\/2025\/04\/Paivankakkara_Jorma_Kontio_rajattu-2-1536x728.jpg 1536w, https:\/\/tt.utu.fi\/ar\/wp-content\/uploads\/sites\/5\/2025\/04\/Paivankakkara_Jorma_Kontio_rajattu-2-2048x971.jpg 2048w\" sizes=\"auto, (max-width: 600px) 100vw, 600px\" \/><\/figure>\n<\/div>\n\n\n<p><\/p>\n\n\n\n<p>P\u00e4iv\u00e4n aikana kuulet tutkijoiden puheenvuorojen lis\u00e4ksi yli kymmenen yrityksen n\u00e4kemyksi\u00e4 vastuullisuudesta meriteollisuudessa. Esille tuodaan my\u00f6s mahdollisuuksia p\u00e4\u00e4st\u00e4 mukaan toimittajaverkostoihin.<\/p>\n\n\n\n<p>Osallistumiseen sis\u00e4ltyy p\u00e4\u00e4sy Forum Marinumin n\u00e4yttelyrakennuksiin.<\/p>\n\n\n\n<p>Tilaisuus on osallistujille maksuton ja osa Merimerkit- ja SusFlow-hankkeiden toteutusta. Tilaisuus on suunnattu niin meriklusterissa jo mukana oleville kuin siit\u00e4 kiinnostuneillekin yrityksille.<\/p>\n\n\n\n<p>Osallistujien tulee ilmoittautua etuk\u00e4teen viimeist\u00e4\u00e4n 1.6.2025. Aamup\u00e4iv\u00e4n osuuteen on mahdollista osallistua soveltuvin osin my\u00f6s et\u00e4yhteydell\u00e4. Iltap\u00e4iv\u00e4osuus on vain l\u00e4hitilaisuus. Ohjelma- ja aikataulumuutokset ovat mahdollisia.<\/p>\n\n\n\n<h2 class=\"wp-block-heading\">Ohjelma<\/h2>\n\n\n\n<figure class=\"wp-block-table is-style-stripes\" style=\"font-size:16px\"><table><tbody><tr><td><strong>9:00<\/strong><\/td><td><strong>Ilmoittautuminen ja verkostoitumiskahvit<\/strong><\/td><td><\/td><\/tr><tr><td><strong>9:30<\/strong><\/td><td><strong>Tervetuloa seminaariin \/ SusFlow ja Merimerkit esitt\u00e4ytyv\u00e4t<\/strong><br>Teijo Lehtonen, erikoistutkija, Teknillinen tiedekunta, Turun yliopisto<br>Anne E. Suominen, erikoissuunnittelija, Kauppakorkeakoulu, Turun yliopisto<br><br><strong>Meriteollisuusverkoston vastuullinen innovointi ja uudet toimintamallit<\/strong><br>Elisa Aro, projektiasiantuntija, Kauppakorkeakoulu, Turun yliopisto<\/td><td><\/td><\/tr><tr><td><strong>9:45<\/strong><\/td><td><strong>Mit\u00e4 vastuullisuus ja yrityksen vastuullisuus tarkoittavat?<\/strong><br>Katariina Heikkil\u00e4, projektiasiantuntija, Kauppakorkeakoulu, Turun yliopisto<\/td><td><\/td><\/tr><tr><td><strong>10:00<\/strong><\/td><td><strong>Telakan rooli vastuullisuuden veturina meriteollisuusverkostossa<\/strong><br>Teemu Kyl\u00e4kallio, Head of Department, R&amp;D, Rauma Marine Constructions<\/td><td><\/td><\/tr><tr><td><strong>10:25<\/strong><\/td><td><strong>Meriteollisuuden kokonaistoimittajan kriteerit PK-yrityksille<\/strong><br>Jaana Gustafsson, Executive Vice President, Europlan Engineering<\/td><td><\/td><\/tr><tr><td><strong>10:50<\/strong><\/td><td><strong>N\u00e4k\u00f6kulmia PK-yrityksilt\u00e4<\/strong><br><br><strong>Meriteollisuusverkostoon yhteiskehitt\u00e4misen avulla<\/strong><br>Johanna Normiala, teknologia- ja tuotejohtaja, Woodio<br><br><strong>Meriteollisuuden aallon harjalla pysyminen<\/strong><br>Juha Lehtonen, Managing Director, Pedro<\/td><td><\/td><\/tr><tr><td><strong>11:25<\/strong><\/td><td><strong>Merimerkit-aamup\u00e4iv\u00e4n yhteenveto ja webinaarin loppusanat<\/strong><\/td><td><\/td><\/tr><tr><td><strong>11:30<\/strong><\/td><td><strong>Lounas<\/strong><\/td><td><\/td><\/tr><tr><td><strong>12:30<\/strong><\/td><td><strong>SusFlow \u2013 seminaarin avaus<\/strong><br>Teijo Lehtonen, erikoistutkija, Teknillinen tiedekunta, Turun yliopisto<\/td><td><\/td><\/tr><tr><td><strong>12:35<\/strong><\/td><td><strong><a href=\"https:\/\/tt.utu.fi\/ar\/wp-content\/uploads\/sites\/5\/2025\/10\/Meyer-Vahala-Liina-AVATAR-250609.pdf\" data-type=\"attachment\" data-id=\"3192\" target=\"_blank\" rel=\"noreferrer noopener\">AVATAR: P\u00e4\u00e4st\u00f6v\u00e4hennykset ovat monien tekij\u00f6iden summa<\/a><\/strong><br>Liina Vahala, Head of Product Development, Meyer Turku<\/td><td><\/td><\/tr><tr><td><strong>12:50<\/strong><\/td><td><strong><a href=\"https:\/\/tt.utu.fi\/ar\/wp-content\/uploads\/sites\/5\/2025\/10\/NIT-Maattanen-Juhani-250609.pdf\" data-type=\"attachment\" data-id=\"3188\" target=\"_blank\" rel=\"noreferrer noopener\">Kest\u00e4vyytt\u00e4 tietovirran ja digitaalisten suunnitteluteknologioiden avulla<\/a><\/strong><br>Juhani M\u00e4\u00e4tt\u00e4nen, Director, Design &amp; Engineering, NIT Naval Interior Team<\/td><td><\/td><\/tr><tr><td><strong>13:00<\/strong><\/td><td><strong><a href=\"https:\/\/tt.utu.fi\/ar\/wp-content\/uploads\/sites\/5\/2025\/10\/Majaniemi-Sami-Verkosto-LCA-250609.pdf\" data-type=\"attachment\" data-id=\"3191\" target=\"_blank\" rel=\"noreferrer noopener\">Verkosto-LCA: Hiilijalanj\u00e4lkilaskentaa alihankintaketjuille<\/a><\/strong><br>Sami Majaniemi, erikoistutkija, VTT<\/td><td><\/td><\/tr><tr><td><strong>13:15<\/strong><\/td><td><strong><a href=\"https:\/\/tt.utu.fi\/ar\/wp-content\/uploads\/sites\/5\/2025\/10\/Evac-Jokela-Jari-Nothing-to-Waste-250609.pdf\" data-type=\"attachment\" data-id=\"3189\" target=\"_blank\" rel=\"noreferrer noopener\">Kest\u00e4v\u00e4 kiertotalousratkaisu risteilij\u00f6ille<\/a><\/strong><br>Jari Jokela, Head of Research and Development, Evac<\/td><td><\/td><\/tr><tr><td><strong>13:25<\/strong><\/td><td><strong>pH-reaktiivisen putkenhuoltoaineen kehitt\u00e4minen<\/strong><br>Mikko Eskola, Tutkimus- ja tuotekehitysjohtaja, SmartPipe System<\/td><td><\/td><\/tr><tr><td><strong>13:35<\/strong><\/td><td><strong><a href=\"https:\/\/tt.utu.fi\/ar\/wp-content\/uploads\/sites\/5\/2025\/10\/Haaja-Saarni-Mita-vastuullisuuden-kehittamiselta-odotetaan.pdf\" data-type=\"attachment\" data-id=\"3190\" target=\"_blank\" rel=\"noreferrer noopener\">Mit\u00e4 vastuullisuuden kehitt\u00e4miselt\u00e4 odotetaan laivanrakennuksen liiketoimintaymp\u00e4rist\u00f6ss\u00e4?<\/a> <\/strong><br>Eini Haaja, tutkijatohtori, Kauppakorkeakoulu, Turun yliopisto<br>Jouni Saarni, kehitysp\u00e4\u00e4llikk\u00f6, Kauppakorkeakoulu, Turun yliopisto<\/td><td><\/td><\/tr><tr><td><strong>13:50<\/strong><\/td><td><strong>Paneelikeskustelu \u2013 Milt\u00e4 n\u00e4ytt\u00e4\u00e4 vastuullisuuden tulevaisuus?<\/strong><br>Elina Andersson, toimitusjohtaja, Meriteollisuus ry<br>Hanna Haaksi, Head of ESG, Meyer Turku<br>Harri Lepp\u00e4nen, Head of EHS, SSAB Europe<br>Tiina Vainio-Kaila, erikoistutkija, VTT<br>Tapani Wendelin, Vice President, HSEQ &amp; Sustainability, ALMACO group<br>Puheenjohtajana Leena Jokinen, koulutusp\u00e4\u00e4llikk\u00f6, Kauppakorkeakoulu, Turun yliopisto<\/td><td><\/td><\/tr><tr><td><strong>14:20<\/strong><\/td><td><strong>Yhteenveto ja posterien esittely<\/strong><br>Teijo Lehtonen ja Anne E. Suominen, Turun yliopisto<\/td><td><\/td><\/tr><tr><td><strong>14:30<\/strong><\/td><td><strong>Iltap\u00e4iv\u00e4kahvi ja posterit<\/strong><\/td><td><\/td><\/tr><tr><td><\/td><td><strong>Tutustuminen Forum Marinumin n\u00e4yttelyyn<\/strong> (museo sulkeutuu klo 18:00)<\/td><td><\/td><\/tr><\/tbody><\/table><\/figure>\n\n\n\n<p><p><\/p>\n<p>Lis\u00e4tietoja:<br>Merimerkit | Elisa Aro | 050 505 8741 | elisa.aro@utu.fi<br>SusFlow | Teijo Lehtonen | 044 440 0005 | teijo.lehtonen@utu.fi<\/p><\/p>\n\n\n\n<p><a href=\"http:\/\/www.merimerkit.fi\">Merimerkit-ryhm\u00e4hanke<\/a> (R-00018) on Euroopan unionin osarahoittama hanke, jota toteuttavat Lahden Seudun Kehitys LADEC Oy ja Turun yliopisto. <a href=\"https:\/\/ar.utu.fi\/susflow\">SusFlow<\/a> on Business Finlandin rahoituksella Turun yliopiston ja VTT:n toteuttama hanke.<\/p>\n\n\n\n<p>Ilmoittautumalla tapahtumaamme hyv\u00e4ksyt henkil\u00f6tietojesi tallentamisen ja k\u00e4yt\u00f6n t\u00e4m\u00e4n tilaisuuden tarkoituksiin. Osallistuneet organisaatiot raportoidaan osana Merimerkit-hankkeen tuotoksia ja tuloksia.<\/p>\n\n\n\n<p><\/p>\n\n\n\n<p><p><\/p>\n<br>\n<p>Kuva: Forum Marinum<\/p><\/p>\n","protected":false},"excerpt":{"rendered":"<p>&#8211; Merimerkit &amp; SusFlow -yhteisseminaari 9.6.2025 klo 9.00-15.30Forum Marinum, Ruuma-auditorio &amp; Messi, Linnankatu 72, Turku P\u00e4iv\u00e4n aikana kuulet tutkijoiden puheenvuorojen lis\u00e4ksi yli kymmenen yrityksen n\u00e4kemyksi\u00e4 vastuullisuudesta meriteollisuudessa. Esille tuodaan my\u00f6s mahdollisuuksia p\u00e4\u00e4st\u00e4 mukaan toimittajaverkostoihin. Osallistumiseen sis\u00e4ltyy p\u00e4\u00e4sy Forum Marinumin n\u00e4yttelyrakennuksiin. Tilaisuus on osallistujille maksuton ja osa Merimerkit- ja SusFlow-hankkeiden toteutusta. Tilaisuus on suunnattu niin meriklusterissa [&hellip;]<\/p>\n","protected":false},"author":1872,"featured_media":0,"parent":0,"menu_order":0,"comment_status":"closed","ping_status":"closed","template":"","meta":{"_acf_changed":false,"footnotes":""},"class_list":["post-2965","page","type-page","status-publish","hentry"],"acf":[],"_links":{"self":[{"href":"https:\/\/tt.utu.fi\/ar\/wp-json\/wp\/v2\/pages\/2965","targetHints":{"allow":["GET"]}}],"collection":[{"href":"https:\/\/tt.utu.fi\/ar\/wp-json\/wp\/v2\/pages"}],"about":[{"href":"https:\/\/tt.utu.fi\/ar\/wp-json\/wp\/v2\/types\/page"}],"author":[{"embeddable":true,"href":"https:\/\/tt.utu.fi\/ar\/wp-json\/wp\/v2\/users\/1872"}],"replies":[{"embeddable":true,"href":"https:\/\/tt.utu.fi\/ar\/wp-json\/wp\/v2\/comments?post=2965"}],"version-history":[{"count":80,"href":"https:\/\/tt.utu.fi\/ar\/wp-json\/wp\/v2\/pages\/2965\/revisions"}],"predecessor-version":[{"id":3198,"href":"https:\/\/tt.utu.fi\/ar\/wp-json\/wp\/v2\/pages\/2965\/revisions\/3198"}],"wp:attachment":[{"href":"https:\/\/tt.utu.fi\/ar\/wp-json\/wp\/v2\/media?parent=2965"}],"curies":[{"name":"wp","href":"https:\/\/api.w.org\/{rel}","templated":true}]}}