
{"id":2908,"date":"2024-06-10T09:45:36","date_gmt":"2024-06-10T06:45:36","guid":{"rendered":"https:\/\/tt.utu.fi\/ar\/?page_id=2908"},"modified":"2024-09-25T16:13:42","modified_gmt":"2024-09-25T13:13:42","slug":"susflow-syyswebinaari-vastuullisuustieto-virtaamaan","status":"publish","type":"page","link":"https:\/\/tt.utu.fi\/ar\/susflow-syyswebinaari-vastuullisuustieto-virtaamaan\/","title":{"rendered":"SusFlow syyswebinaari &#8211; vastuullisuustieto virtaamaan!"},"content":{"rendered":"\n<figure class=\"wp-block-image size-full is-resized\"><img loading=\"lazy\" decoding=\"async\" width=\"611\" height=\"272\" src=\"https:\/\/tt.utu.fi\/ar\/wp-content\/uploads\/sites\/5\/2023\/06\/kuva.png\" alt=\"\" class=\"wp-image-2870\" style=\"width:838px;height:373px\" srcset=\"https:\/\/tt.utu.fi\/ar\/wp-content\/uploads\/sites\/5\/2023\/06\/kuva.png 611w, https:\/\/tt.utu.fi\/ar\/wp-content\/uploads\/sites\/5\/2023\/06\/kuva-350x156.png 350w, https:\/\/tt.utu.fi\/ar\/wp-content\/uploads\/sites\/5\/2023\/06\/kuva-600x267.png 600w\" sizes=\"auto, (max-width: 611px) 100vw, 611px\" \/><\/figure>\n\n\n\n<p><strong>27.9.2024<\/strong> klo <strong>9:00-11:00<\/strong>, webinaari (teams-\/zoom-linkki toimitetaan ilmoittautuneille)<\/p>\n\n\n\n<p>Tervetuloa kest\u00e4v\u00e4\u00e4 kehityst\u00e4 ja vastuullisuutta laivanrakennuksessa tutkivan <a href=\"https:\/\/tt.utu.fi\/ar\/susflow\/\">SusFlow-hankkeen<\/a> (Sustainability through Information Flows) webinaariin.<\/p>\n\n\n\n<p>Ilmoittautuminen webinaariin <a href=\"https:\/\/konsta.utu.fi\/Default.aspx?tabid=88&amp;tap=18882\">t\u00e4m\u00e4n linkin<\/a> kautta 26.9.2024 klo 15:00 menness\u00e4. Osallistumislinkin toimitamme ilmoittautuneille hieman ennen webinaaria.<\/p>\n\n\n\n<p>Webinaarin aiheina vastuullisuuden perusk\u00e4sitteet ja ymp\u00e4rist\u00f6vastuullisuuden elinkaariarviointi (LCA), verkosto-LCA-konsepti ja sen soveltaminen telakan toimittajaverkostossa, sek\u00e4 LCA:n liiketoiminnalliset hy\u00f6dyt. Puhujina tutkijoita Turun yliopistosta ja VTT:lt\u00e4 sek\u00e4 asiantuntijoita yrityksist\u00e4 Meyer Turku, Piikkio Works ja Naval Interior Team (NIT).<\/p>\n\n\n\n<figure class=\"wp-block-table\"><table><tbody><tr><td><strong>9:00<\/strong><\/td><td>Seminaarin avaus<\/td><td><em>Teijo Lehtonen<\/em><strong>, <\/strong><em>Turun yliopisto<\/em><\/td><\/tr><tr><td><strong>9:05<\/strong><\/td><td>Vastuullisuuden kokonaiskuva ja k\u00e4sitteet<\/td><td><em>Katariina Heikkil\u00e4,Turun yliopisto<\/em><\/td><\/tr><tr><td><strong>9:20<\/strong><\/td><td>Ymp\u00e4rist\u00f6vaikutusten arviointi<\/td><td><em>Tiina Vainio-Kaila, VTT<\/em><\/td><\/tr><tr><td><strong>9:45<\/strong><\/td><td>Verkosto-LCA<\/td><td><em>Sami Majaniemi, VTT<\/em><\/td><\/tr><tr><td><strong>10:10<\/strong><\/td><td>Telakan visio LCA-tiedon ker\u00e4\u00e4misest\u00e4 verkostosta<\/td><td><em>Jami Kuusisto, Meyer Turku<\/em><\/td><\/tr><tr><td><strong>10:20<\/strong><\/td><td>Datan toimittajan puheenvuoro<\/td><td><em>Risto-Matti Pyykk\u00f6nen, Piikkio Works<\/em><\/td><\/tr><tr><td><strong>10:30<\/strong><\/td><td>Liiketoiminnallinen hy\u00f6ty<\/td><td><em>Tuomas Vainio, NIT<\/em><\/td><\/tr><tr><td><strong>10:45<\/strong><\/td><td>Keskustelu<\/td><td><\/td><\/tr><tr><td><strong>11:00<\/strong><\/td><td>Tilaisuus p\u00e4\u00e4ttyy<\/td><td><\/td><\/tr><\/tbody><\/table><\/figure>\n","protected":false},"excerpt":{"rendered":"<p>27.9.2024 klo 9:00-11:00, webinaari (teams-\/zoom-linkki toimitetaan ilmoittautuneille) Tervetuloa kest\u00e4v\u00e4\u00e4 kehityst\u00e4 ja vastuullisuutta laivanrakennuksessa tutkivan SusFlow-hankkeen (Sustainability through Information Flows) webinaariin. Ilmoittautuminen webinaariin t\u00e4m\u00e4n linkin kautta 26.9.2024 klo 15:00 menness\u00e4. Osallistumislinkin toimitamme ilmoittautuneille hieman ennen webinaaria. Webinaarin aiheina vastuullisuuden perusk\u00e4sitteet ja ymp\u00e4rist\u00f6vastuullisuuden elinkaariarviointi (LCA), verkosto-LCA-konsepti ja sen soveltaminen telakan toimittajaverkostossa, sek\u00e4 LCA:n liiketoiminnalliset hy\u00f6dyt. Puhujina tutkijoita [&hellip;]<\/p>\n","protected":false},"author":1872,"featured_media":0,"parent":0,"menu_order":0,"comment_status":"closed","ping_status":"closed","template":"","meta":{"_acf_changed":false,"footnotes":""},"class_list":["post-2908","page","type-page","status-publish","hentry"],"acf":[],"_links":{"self":[{"href":"https:\/\/tt.utu.fi\/ar\/wp-json\/wp\/v2\/pages\/2908","targetHints":{"allow":["GET"]}}],"collection":[{"href":"https:\/\/tt.utu.fi\/ar\/wp-json\/wp\/v2\/pages"}],"about":[{"href":"https:\/\/tt.utu.fi\/ar\/wp-json\/wp\/v2\/types\/page"}],"author":[{"embeddable":true,"href":"https:\/\/tt.utu.fi\/ar\/wp-json\/wp\/v2\/users\/1872"}],"replies":[{"embeddable":true,"href":"https:\/\/tt.utu.fi\/ar\/wp-json\/wp\/v2\/comments?post=2908"}],"version-history":[{"count":22,"href":"https:\/\/tt.utu.fi\/ar\/wp-json\/wp\/v2\/pages\/2908\/revisions"}],"predecessor-version":[{"id":2953,"href":"https:\/\/tt.utu.fi\/ar\/wp-json\/wp\/v2\/pages\/2908\/revisions\/2953"}],"wp:attachment":[{"href":"https:\/\/tt.utu.fi\/ar\/wp-json\/wp\/v2\/media?parent=2908"}],"curies":[{"name":"wp","href":"https:\/\/api.w.org\/{rel}","templated":true}]}}