
{"id":2869,"date":"2023-06-22T09:42:49","date_gmt":"2023-06-22T06:42:49","guid":{"rendered":"https:\/\/tt.utu.fi\/ar\/?page_id=2869"},"modified":"2023-09-12T09:50:24","modified_gmt":"2023-09-12T06:50:24","slug":"vastuullisuus-meriteollisuudessa-webinaari","status":"publish","type":"page","link":"https:\/\/tt.utu.fi\/ar\/vastuullisuus-meriteollisuudessa-webinaari\/","title":{"rendered":"Mist\u00e4 puhumme, kun puhumme vastuullisuudesta?"},"content":{"rendered":"\n<p><strong>\u2013 johdanto vastuullisuuteen meriteollisuudessa<\/strong><\/p>\n\n\n\n<figure class=\"wp-block-image size-full is-resized\"><img loading=\"lazy\" decoding=\"async\" src=\"https:\/\/tt.utu.fi\/ar\/wp-content\/uploads\/sites\/5\/2023\/06\/kuva.png\" alt=\"\" class=\"wp-image-2870\" width=\"838\" height=\"373\" srcset=\"https:\/\/tt.utu.fi\/ar\/wp-content\/uploads\/sites\/5\/2023\/06\/kuva.png 611w, https:\/\/tt.utu.fi\/ar\/wp-content\/uploads\/sites\/5\/2023\/06\/kuva-350x156.png 350w, https:\/\/tt.utu.fi\/ar\/wp-content\/uploads\/sites\/5\/2023\/06\/kuva-600x267.png 600w\" sizes=\"auto, (max-width: 838px) 100vw, 838px\" \/><\/figure>\n\n\n\n<p><strong>13.9.2023<\/strong> klo <strong>14:00-15:30<\/strong>, webinaari (zoom-linkki toimitetaan <a href=\"https:\/\/konsta.utu.fi\/Default.aspx?tabid=88&amp;tap=15788\" target=\"_blank\" rel=\"noreferrer noopener\">ilmoittautuneille<\/a>)<\/p>\n\n\n\n<p>Tervetuloa kest\u00e4v\u00e4\u00e4 kehityst\u00e4 ja vastuullisuutta laivanrakennuksessa tutkivan <a href=\"https:\/\/tt.utu.fi\/ar\/susflow\/\">SusFlow-hankkeen<\/a> (Sustainability through Information Flows) kaikille avoimeen webinaar<strong>i<\/strong>in.<\/p>\n\n\n\n<p>Ohjelmassa perehdytys vastuullisuuden perusk\u00e4sitteisiin ja kokonaiskuvaan, katsaus ymp\u00e4rist\u00f6vastuullisuuteen ja elinkaariarviointiin (LCA), sek\u00e4 puheenvuoroja vastuullisilla toimintatavoilla vaikuttamisesta liiketoiminnassa. Tilaisuuden j\u00e4lkeen mahdollisuus jatkaa keskustelua tutkijoiden kanssa.<\/p>\n\n\n\n<figure class=\"wp-block-table\"><table><tbody><tr><td><strong>14:00<\/strong><\/td><td>Seminaarin avaus<\/td><td><em>Teijo Lehtonen<\/em><strong>, <\/strong><em>Turun yliopisto<\/em><\/td><\/tr><tr><td><strong>14:05<\/strong><\/td><td>Vastuullisuuden kokonaiskuva ja k\u00e4sitteet<\/td><td><em>Katariina Heikkil\u00e4,<\/em><strong> <\/strong><em>Turun yliopisto<\/em><\/td><\/tr><tr><td><strong>14:25<\/strong><\/td><td>Ymp\u00e4rist\u00f6vastuullisuus<\/td><td><em>Hanna Pihkola, VTT<\/em><\/td><\/tr><tr><td><strong>14:45<\/strong><\/td><td>Ymp\u00e4rist\u00f6vaikutusten arviointi<\/td><td><em>Tiina Vainio-Kaila, VTT<\/em><\/td><\/tr><tr><td><strong>15:05<\/strong><\/td><td>Vastuullisuudella vaikuttaminen liiketoimintaymp\u00e4rist\u00f6\u00f6n<\/td><td><em>Jouni Saarni, Turun yliopisto<\/em><\/td><\/tr><tr><td><strong>15:25<\/strong><\/td><td>Call to action<\/td><td><em>Riku M\u00e4kel\u00e4, Business Finland<\/em><\/td><\/tr><tr><td><strong>15:30<\/strong><\/td><td>Tilaisuus p\u00e4\u00e4ttyy<\/td><td>&nbsp;<\/td><\/tr><\/tbody><\/table><\/figure>\n","protected":false},"excerpt":{"rendered":"<p>\u2013 johdanto vastuullisuuteen meriteollisuudessa 13.9.2023 klo 14:00-15:30, webinaari (zoom-linkki toimitetaan ilmoittautuneille) Tervetuloa kest\u00e4v\u00e4\u00e4 kehityst\u00e4 ja vastuullisuutta laivanrakennuksessa tutkivan SusFlow-hankkeen (Sustainability through Information Flows) kaikille avoimeen webinaariin. Ohjelmassa perehdytys vastuullisuuden perusk\u00e4sitteisiin ja kokonaiskuvaan, katsaus ymp\u00e4rist\u00f6vastuullisuuteen ja elinkaariarviointiin (LCA), sek\u00e4 puheenvuoroja vastuullisilla toimintatavoilla vaikuttamisesta liiketoiminnassa. Tilaisuuden j\u00e4lkeen mahdollisuus jatkaa keskustelua tutkijoiden kanssa. 14:00 Seminaarin avaus Teijo Lehtonen, [&hellip;]<\/p>\n","protected":false},"author":1872,"featured_media":0,"parent":0,"menu_order":0,"comment_status":"closed","ping_status":"closed","template":"","meta":{"_acf_changed":false,"footnotes":""},"class_list":["post-2869","page","type-page","status-publish","hentry"],"acf":[],"_links":{"self":[{"href":"https:\/\/tt.utu.fi\/ar\/wp-json\/wp\/v2\/pages\/2869","targetHints":{"allow":["GET"]}}],"collection":[{"href":"https:\/\/tt.utu.fi\/ar\/wp-json\/wp\/v2\/pages"}],"about":[{"href":"https:\/\/tt.utu.fi\/ar\/wp-json\/wp\/v2\/types\/page"}],"author":[{"embeddable":true,"href":"https:\/\/tt.utu.fi\/ar\/wp-json\/wp\/v2\/users\/1872"}],"replies":[{"embeddable":true,"href":"https:\/\/tt.utu.fi\/ar\/wp-json\/wp\/v2\/comments?post=2869"}],"version-history":[{"count":7,"href":"https:\/\/tt.utu.fi\/ar\/wp-json\/wp\/v2\/pages\/2869\/revisions"}],"predecessor-version":[{"id":2907,"href":"https:\/\/tt.utu.fi\/ar\/wp-json\/wp\/v2\/pages\/2869\/revisions\/2907"}],"wp:attachment":[{"href":"https:\/\/tt.utu.fi\/ar\/wp-json\/wp\/v2\/media?parent=2869"}],"curies":[{"name":"wp","href":"https:\/\/api.w.org\/{rel}","templated":true}]}}