
{"id":2682,"date":"2023-04-24T09:38:21","date_gmt":"2023-04-24T06:38:21","guid":{"rendered":"https:\/\/tt.utu.fi\/ar\/?page_id=2682"},"modified":"2023-04-24T09:38:22","modified_gmt":"2023-04-24T06:38:22","slug":"kestavyys-ja-vastuullisuus-meriteollisuudessa-tuloksia-suscon-hankkeesta","status":"publish","type":"page","link":"https:\/\/tt.utu.fi\/ar\/kestavyys-ja-vastuullisuus-meriteollisuudessa-tuloksia-suscon-hankkeesta\/","title":{"rendered":"Kest\u00e4vyys ja vastuullisuus meriteollisuudessa &#8211; tuloksia SusCon-hankkeesta"},"content":{"rendered":"\n<figure class=\"wp-block-image size-full is-resized\"><img loading=\"lazy\" decoding=\"async\" src=\"https:\/\/tt.utu.fi\/ar\/wp-content\/uploads\/sites\/5\/2021\/05\/suscon-image-500x2801-1.png\" alt=\"Suscon\" class=\"wp-image-2533\" width=\"839\" height=\"469\" srcset=\"https:\/\/tt.utu.fi\/ar\/wp-content\/uploads\/sites\/5\/2021\/05\/suscon-image-500x2801-1.png 500w, https:\/\/tt.utu.fi\/ar\/wp-content\/uploads\/sites\/5\/2021\/05\/suscon-image-500x2801-1-350x196.png 350w\" sizes=\"auto, (max-width: 839px) 100vw, 839px\" \/><\/figure>\n\n\n\n<p>SusCon-hankkeen (Sustainable Shipbuilding Concepts) tulosseminaari j\u00e4rjestettiin 9.11.2022 Kokoushotelli Hanasaaressa, Espoossa. Ohjelmassa oli puheenvuoroja muun muassa innovaatioyhteisty\u00f6st\u00e4 laivanrakennusverkostossa, hiilijalanj\u00e4lkilaskennasta ja metaversumin hy\u00f6dynt\u00e4misest\u00e4 laivanrakennuksessa. Paikalla oli tavattavissa edustajia hankkeessa mukana olleista yrityksist\u00e4 ja tutkimusyksik\u00f6ist\u00e4.<\/p>\n\n\n\n<h2 class=\"wp-block-heading\">Ohjelma<\/h2>\n\n\n\n<figure class=\"wp-block-table\"><table><tbody><tr><td><strong>10:00<\/strong><\/td><td>Seminaarin avaus<\/td><td><em>Teijo Lehtonen<\/em><strong>, <\/strong><em>Turun yliopisto<\/em><\/td><\/tr><tr><td><strong>10:05<\/strong><\/td><td><a href=\"https:\/\/tt.utu.fi\/ar\/wp-content\/uploads\/sites\/5\/2023\/04\/SusCon-tulosseminaari-2022_Heikkila-ja-Jokinen.pdf\" target=\"_blank\" rel=\"noreferrer noopener\">Tulevaisuuslukutaitoa ja tietol\u00e4hteit\u00e4 vastuullisuuden kehitt\u00e4miseksi<\/a><\/td><td><em>Katariina Heikkil\u00e4, Leena Jokinen<\/em><strong>, <\/strong><em>Turun yliopisto<\/em><\/td><\/tr><tr><td><strong>10:25<\/strong><\/td><td><a href=\"https:\/\/tt.utu.fi\/ar\/wp-content\/uploads\/sites\/5\/2023\/04\/SusCon_CCR_09112022_Haaja-Saarni.pdf\" target=\"_blank\" rel=\"noreferrer noopener\">Innovaatioyhteisty\u00f6n haasteet ja mahdollisuudet laivanrakennusverkostossa<\/a><\/td><td><em>Eini Haaja, Jouni Saarni<\/em><strong>, <\/strong><em>Turun yliopisto<\/em><\/td><\/tr><tr><td><strong>10:40<\/strong><\/td><td><a href=\"https:\/\/tt.utu.fi\/ar\/wp-content\/uploads\/sites\/5\/2023\/04\/SUSCON-VTT-Tulosseminaari-091122.pdf\" target=\"_blank\" rel=\"noreferrer noopener\">Ymp\u00e4rist\u00f6vastuullisuuden arvioiminen meriteollisuudessa<\/a><\/td><td><em>Saara H\u00e4nninen, Saija Vatanen<\/em><strong>, <\/strong><em>VTT<\/em><\/td><\/tr><tr><td><strong>10:55<\/strong><\/td><td><a href=\"https:\/\/tt.utu.fi\/ar\/wp-content\/uploads\/sites\/5\/2023\/04\/Evac_SusCon_loppuseminaariesitys_09112022_rev2.pdf\" target=\"_blank\" rel=\"noreferrer noopener\">Ymp\u00e4rist\u00f6vastuullinen j\u00e4tehuolto tulevaisuuden risteilij\u00f6iss\u00e4<\/a><\/td><td><em>Jari Jokela<\/em><strong>, <\/strong><em>Evac<\/em><\/td><\/tr><tr><td><strong>11:05<\/strong><\/td><td><a href=\"https:\/\/tt.utu.fi\/ar\/wp-content\/uploads\/sites\/5\/2023\/04\/MT-SusCon-tulosseminaari-9.11.2022.pdf\" target=\"_blank\" rel=\"noreferrer noopener\">Telakan hiilijalanj\u00e4lkilaskennan ja laivakohtaisen vastuullisuusraportin kehitys<\/a><\/td><td><em>Mirja Rasi-M\u00e4ki, Jami Kuusisto<\/em><strong>, <\/strong><em>Meyer Turku<\/em><\/td><\/tr><tr><td><strong>11:20<\/strong><\/td><td><a href=\"https:\/\/tt.utu.fi\/ar\/wp-content\/uploads\/sites\/5\/2023\/04\/SusCon-loppuseminaari-9.11.2022-Lautex.pdf\" target=\"_blank\" rel=\"noreferrer noopener\">Askeleita vastuullisuuteen<\/a><\/td><td><em>Antti Niemel\u00e4<\/em><strong>, <\/strong><em>Lautex<\/em><\/td><\/tr><tr><td><strong>11:30<\/strong><\/td><td><a href=\"https:\/\/tt.utu.fi\/ar\/wp-content\/uploads\/sites\/5\/2023\/04\/Laivanrakennusta-metaversumissa-2022-11-08.pdf\" target=\"_blank\" rel=\"noreferrer noopener\">Laivanrakennusta Metaversumissa<\/a><\/td><td><em>Seppo Helle<\/em><strong>, <\/strong><em>Turun yliopisto<\/em><\/td><\/tr><tr><td><strong>11:40<\/strong><\/td><td>Kokemuksia VR-piloteista <strong>&nbsp;<\/strong><\/td><td><em>Juhani M\u00e4\u00e4tt\u00e4nen, NIT<\/em> <em>Jarkko Oja, Paattimaakarit<\/em><\/td><\/tr><tr><td><strong>11:55<\/strong><\/td><td>Yhteenveto<\/td><td>&nbsp;<\/td><\/tr><tr><td><strong>12:00<\/strong><\/td><td>Tilaisuus p\u00e4\u00e4ttyy<\/td><td>&nbsp;<\/td><\/tr><\/tbody><\/table><figcaption class=\"wp-element-caption\">(Presentaatiot voi ladata PDF-muodossa yll\u00e4 olevasta seminaariohjelmasta)<\/figcaption><\/figure>\n\n\n\n<p><\/p>\n","protected":false},"excerpt":{"rendered":"<p>SusCon-hankkeen (Sustainable Shipbuilding Concepts) tulosseminaari j\u00e4rjestettiin 9.11.2022 Kokoushotelli Hanasaaressa, Espoossa. Ohjelmassa oli puheenvuoroja muun muassa innovaatioyhteisty\u00f6st\u00e4 laivanrakennusverkostossa, hiilijalanj\u00e4lkilaskennasta ja metaversumin hy\u00f6dynt\u00e4misest\u00e4 laivanrakennuksessa. Paikalla oli tavattavissa edustajia hankkeessa mukana olleista yrityksist\u00e4 ja tutkimusyksik\u00f6ist\u00e4. Ohjelma 10:00 Seminaarin avaus Teijo Lehtonen, Turun yliopisto 10:05 Tulevaisuuslukutaitoa ja tietol\u00e4hteit\u00e4 vastuullisuuden kehitt\u00e4miseksi Katariina Heikkil\u00e4, Leena Jokinen, Turun yliopisto 10:25 Innovaatioyhteisty\u00f6n haasteet [&hellip;]<\/p>\n","protected":false},"author":1872,"featured_media":0,"parent":0,"menu_order":0,"comment_status":"closed","ping_status":"closed","template":"","meta":{"_acf_changed":false,"footnotes":""},"class_list":["post-2682","page","type-page","status-publish","hentry"],"acf":[],"_links":{"self":[{"href":"https:\/\/tt.utu.fi\/ar\/wp-json\/wp\/v2\/pages\/2682","targetHints":{"allow":["GET"]}}],"collection":[{"href":"https:\/\/tt.utu.fi\/ar\/wp-json\/wp\/v2\/pages"}],"about":[{"href":"https:\/\/tt.utu.fi\/ar\/wp-json\/wp\/v2\/types\/page"}],"author":[{"embeddable":true,"href":"https:\/\/tt.utu.fi\/ar\/wp-json\/wp\/v2\/users\/1872"}],"replies":[{"embeddable":true,"href":"https:\/\/tt.utu.fi\/ar\/wp-json\/wp\/v2\/comments?post=2682"}],"version-history":[{"count":9,"href":"https:\/\/tt.utu.fi\/ar\/wp-json\/wp\/v2\/pages\/2682\/revisions"}],"predecessor-version":[{"id":2848,"href":"https:\/\/tt.utu.fi\/ar\/wp-json\/wp\/v2\/pages\/2682\/revisions\/2848"}],"wp:attachment":[{"href":"https:\/\/tt.utu.fi\/ar\/wp-json\/wp\/v2\/media?parent=2682"}],"curies":[{"name":"wp","href":"https:\/\/api.w.org\/{rel}","templated":true}]}}