
{"id":2655,"date":"2023-03-23T15:40:51","date_gmt":"2023-03-23T13:40:51","guid":{"rendered":"https:\/\/tt.utu.fi\/ar\/?page_id=2655"},"modified":"2025-10-27T10:26:46","modified_gmt":"2025-10-27T08:26:46","slug":"susflow","status":"publish","type":"page","link":"https:\/\/tt.utu.fi\/ar\/research\/susflow\/","title":{"rendered":"SusFlow"},"content":{"rendered":"\n<blockquote class=\"wp-block-quote is-layout-flow wp-block-quote-is-layout-flow\">\n<p>Sustainability through Information Flows<br>1 January 2023 \u2013 31 August 2025<br>Business Finland<br>Budget UTU: 1 111 610 \u20ac<br>Ongoing<\/p>\n<\/blockquote>\n\n\n\n<figure class=\"wp-block-image size-full\"><img loading=\"lazy\" decoding=\"async\" width=\"512\" height=\"351\" src=\"https:\/\/tt.utu.fi\/ar\/wp-content\/uploads\/sites\/5\/2023\/03\/SusFlow.jpg\" alt=\"Ship design\" class=\"wp-image-2673\" srcset=\"https:\/\/tt.utu.fi\/ar\/wp-content\/uploads\/sites\/5\/2023\/03\/SusFlow.jpg 512w, https:\/\/tt.utu.fi\/ar\/wp-content\/uploads\/sites\/5\/2023\/03\/SusFlow-350x240.jpg 350w\" sizes=\"auto, (max-width: 512px) 100vw, 512px\" \/><\/figure>\n\n\n\n<p class=\"has-text-align-center\"><\/p>\n\n\n\n<p>The SusFlow project applies a multidisciplinary approach for shared solutions within a network of enterprises representing a multitude of competence areas with an LCA-driven focus. The project promotes sustainability assessments based on real data, a seamless flow of information, and a possibility to discover innovations to benefit the incorporation of sustainability as a practice within the shipyard ecosystem. The aforementioned assessments combined with our company partners\u2019 expertise in value chain sustainability measurement and data generation increase overall sustainability. With strategic collaboration and good flow of information this will improve innovation stimulation, generation, and detection within the shipyard supplier network. The models by which these processes can be implemented are investigated in the wider network and utilized in communicating network sustainability to various interest groups.<\/p>\n\n\n\n<p>The approach creates a multitude of business potential varying from clear savings, enhanced efficiency and innovation potential, social values, environmental values, and raw marketing value. The approach will have an effect and create demand on customer standards and purchasing behavior through a market shaping ideology, thus increasing sustainability transparency requirements in the market. At first the main beneficiaries are the shipyard, shipbuilding network, and shipping companies, internally. The solutions can be scaled, formalized, and incorporated to give the Finnish marine industry a competitive advantage in the cruise ship market.<\/p>\n\n\n\n<p>This project is a collaborative consortium project led by research organizations, University of Turku and VTT, including multiple parallel projects from industry stakeholders throughout the value chain. The publications from our previous projects of the same research area can be found from the following links: <a rel=\"noreferrer noopener\" href=\"https:\/\/tt.utu.fi\/ar\/research\/sustis\/#sustis-publications\" target=\"_blank\">SUSTIS<\/a> and <a rel=\"noreferrer noopener\" href=\"https:\/\/tt.utu.fi\/ar\/research\/suscon\/#suscon-publications\" target=\"_blank\">SusCon<\/a>.<\/p>\n\n\n\n<p><strong>Research Partners<\/strong><\/p>\n\n\n\n<ul class=\"wp-block-list\">\n<li><a href=\"https:\/\/www.utu.fi\/en\">University of Turku<\/a>\n<ul class=\"wp-block-list\">\n<li><a href=\"http:\/\/tt.utu.fi\">Department of Computing<\/a>, <a href=\"https:\/\/www.utu.fi\/en\/university\/faculty-of-technology\">Faculty of Technology<\/a><\/li>\n\n\n\n<li><a href=\"https:\/\/www.utu.fi\/en\/university\/turku-school-of-economics\/ccr\">Centre for Collaborative Research<\/a>, <a href=\"https:\/\/www.utu.fi\/en\/university\/turku-school-of-economics\">Turku School of Economics<\/a><\/li>\n\n\n\n<li><a href=\"https:\/\/www.utu.fi\/en\/university\/turku-school-of-economics\/finland-futures-research-centre\">Finland Futures Research Centre<\/a>, <a href=\"https:\/\/www.utu.fi\/en\/university\/turku-school-of-economics\">Turku School of Economics<\/a><\/li>\n<\/ul>\n<\/li>\n\n\n\n<li><a href=\"http:\/\/vtt.fi\">VTT Technical Research Centre of Finland Ltd<\/a><\/li>\n<\/ul>\n\n\n\n<p><strong>Industry and Supporting Partners<\/strong><\/p>\n\n\n\n<ul class=\"wp-block-list\">\n<li><a href=\"http:\/\/www.almaco.cc\/\">ALMACO Group Oy<\/a><\/li>\n\n\n\n<li><a href=\"http:\/\/www.evac.com\/\">Evac Oy<\/a><\/li>\n\n\n\n<li><a href=\"http:\/\/lautex.com\/\">Lautex Oy<\/a><\/li>\n\n\n\n<li><a href=\"http:\/\/meriteollisuus.teknologiateollisuus.fi\/\">Meriteollisuus ry<\/a><\/li>\n\n\n\n<li><a href=\"http:\/\/www.meyerturku.fi\/en\/meyerturku_com\/index.jsp\">Meyer Turku Oy<\/a><\/li>\n\n\n\n<li><a href=\"http:\/\/www.nit.fi\/\">Oy NIT Naval Interior Team Ltd.<\/a><\/li>\n\n\n\n<li><a href=\"https:\/\/www.piikkioworks.fi\/\">Piikkio Works Oy<\/a><\/li>\n\n\n\n<li><a href=\"https:\/\/www.royalcaribbeangroup.com\/\">Royal Caribbean Group<\/a><\/li>\n\n\n\n<li><a href=\"http:\/\/www.semantum.fi\/\">Semantum Oy<\/a><\/li>\n\n\n\n<li><a href=\"http:\/\/www.smartpipe.fi\/\">SmartPipe System Oy<\/a><\/li>\n\n\n\n<li><a href=\"http:\/\/www.ssab.com\/\">SSAB Europe Oy<\/a><\/li>\n<\/ul>\n\n\n\n<p><strong>Press Material<\/strong><\/p>\n\n\n\n<ul class=\"wp-block-list\">\n<li><a href=\"https:\/\/tt.utu.fi\/ar\/susflow-media-release\/\" target=\"_blank\" rel=\"noreferrer noopener\">Media Release<\/a><\/li>\n\n\n\n<li><a rel=\"noreferrer noopener\" href=\"https:\/\/www.utu.fi\/fi\/ajankohtaista\/mediatiedote\/risteilyalusten-vastuullinen-rakentaminen-edellyttaa-kehittamista\" target=\"_blank\">Media Release (in Finnish)<\/a><\/li>\n<\/ul>\n\n\n\n<h3 class=\"wp-block-heading\">Events<\/h3>\n\n\n\n<p>13.9.2023, webinaari: <a href=\"https:\/\/tt.utu.fi\/ar\/vastuullisuus-meriteollisuudessa-webinaari\/\">Mist\u00e4 puhumme, kun puhumme vastuullisuudesta? &#8211; johdanto vastuullisuuteen meriteollisuudessa<\/a><\/p>\n\n\n\n<p>27.9.2024, SusFlow-webinaari: <a href=\"https:\/\/tt.utu.fi\/ar\/susflow-syyswebinaari-vastuullisuustieto-virtaamaan\/\" target=\"_blank\" rel=\"noreferrer noopener\">Vastuullisuustieto virtaamaan<\/a><\/p>\n\n\n\n<p>9.6.2025, <a href=\"https:\/\/tt.utu.fi\/ar\/vastuullisuus-meriteollisuuden-toimittajaverkostossa\/\">Vastuullisuus meriteollisuuden toimittajaverkostossa<\/a> &#8211; Merimerkit &amp; SusFlow -yhteisseminaari<\/p>\n\n\n\n<h3 class=\"wp-block-heading\">Publications<\/h3>\n\n\n\n<p>The publications from our previous projects of the same research area can be found from the following links: <a rel=\"noreferrer noopener\" href=\"https:\/\/tt.utu.fi\/ar\/research\/sustis\/#sustis-publications\" target=\"_blank\">SUSTIS<\/a> and <a rel=\"noreferrer noopener\" href=\"https:\/\/tt.utu.fi\/ar\/research\/suscon\/#suscon-publications\" target=\"_blank\">SusCon<\/a>.<\/p>\n\n\n<div class=\"wpap\"><ul><li><p class=\"publication publication9001\"><span class=\"publication-authors\">Eero Nirhamo Olli I. Heimo Teijo Lehtonen<\/span><span class=\"publication-title\">Virtual Reality for Environmental Sustainability: Case Cruise Entertainment<\/span><span class=\"publication-conference\">Electronic Imaging,  2026,  pp 344-1 - 344-7<\/span><span class=\"publication-date\">2026<\/span><\/p><p class=\"publication-links\">[<a href=\"https:\/\/doi.org\/10.2352\/EI.2026.38.2.SDA-344\" target=\"_blank\">paper<\/a>]<\/p><\/li><li><p class=\"publication publication8998\"><span class=\"publication-authors\">S. Majaniemi (VTT) and M. Eklund (Semantum)<\/span><span class=\"publication-title\">Network LCA requirements in shipbuilding<\/span><span class=\"publication-conference\"><\/span><span class=\"publication-date\">2025<\/span><\/p><p class=\"publication-links\">[<a href=\"https:\/\/tt.utu.fi\/ar\/wp-content\/uploads\/2025\/12\/Majaniemi_Eklund_Network-LCA-requirements-in-shipbuilding.pdf\">paper<\/a>]<\/p><\/li><li><p class=\"publication publication8957\"><span class=\"publication-authors\">Tommi Immonen<\/span><span class=\"publication-title\">Metaverse-Based Demonstrators as an Alternative to Traditional Presentations: Case Fossil-Free Steelmaking Processes<\/span><span class=\"publication-conference\">M.Sc. (Tech.) Thesis, University of Turku, 2025<\/span><span class=\"publication-date\">2025<\/span><\/p><p class=\"publication-links\">[<a href=\"https:\/\/urn.fi\/URN:NBN:fi-fe2025062674971\" target=\"_blank\">paper<\/a>]<\/p><\/li><li><p class=\"publication publication8956\"><span class=\"publication-authors\">Eini Haaja, Carolin Lusby<\/span><span class=\"publication-title\">Enhancing sustainability in the cruise industry \u2013 Empirical insights from Florida<\/span><span class=\"publication-conference\">Presentation at the World Leisure Congress in August 2025 in Breda, the Netherlands<\/span><span class=\"publication-date\">2025<\/span><\/p><\/li><li><p class=\"publication publication8954\"><span class=\"publication-authors\">Ed. Eini Haaja<\/span><span class=\"publication-title\">Sustainable Maritime Industry (2024) Special Issue in Baltic Rim Economies 3\/2024<\/span><span class=\"publication-conference\">Centrum Balticum<\/span><span class=\"publication-date\">2024<\/span><\/p><p class=\"publication-links\">[<a href=\"https:\/\/tt.utu.fi\/ar\/wp-content\/uploads\/2025\/10\/BRE_3_2024.pdf\">paper<\/a>]<\/p><\/li><li><p class=\"publication publication8953\"><span class=\"publication-authors\">Eini Haaja, Marjo Keiramo<\/span><span class=\"publication-title\">Exploring sustainability enhancement in cruise shipbuilding<\/span><span class=\"publication-conference\"><\/span><span class=\"publication-date\"><\/span><em class=\"note\">Manuscript, in review<\/em><\/p><\/li><li><p class=\"publication publication8952\"><span class=\"publication-authors\">Eini Haaja, Carolin Lusby<\/span><span class=\"publication-title\">Exploring Sustainable Development in the Cruise Industry<\/span><span class=\"publication-conference\">Presentation at the Twenty-first International Conference on Environmental, Cultural, Economic & Social Sustainability: Sustainable Development for a Dynamic Planet: Lessons, Priorities, and Solutions 23\u201325 January 2025, Miami, USA<\/span><span class=\"publication-date\">2025<\/span><em class=\"note\">Conference abstract<\/em><\/p><\/li><li><p class=\"publication publication8951\"><span class=\"publication-authors\">Eero Nirhamo, Olli I. Heimo and Teijo Lehtonen<\/span><span class=\"publication-title\">Virtual Reality for Environmental Sustainability: Case Cruise Entertainment<\/span><span class=\"publication-conference\"><\/span><span class=\"publication-date\"><\/span><em class=\"note\">In publication process<\/em><\/p><\/li><li><p class=\"publication publication8949\"><span class=\"publication-authors\">Seppo Helle, Taneli Nyyss\u00f6nen, Olli Heimo, Leo Sakari, Teijo Lehtonen<\/span><span class=\"publication-title\">Virtual Reality Applied to Design Reviews in Shipbuilding<\/span><span class=\"publication-conference\">Multimodal Technologies and Interaction, 9(7) 2025<\/span><span class=\"publication-date\">2025<\/span><\/p><p class=\"publication-links\">[<a href=\"https:\/\/doi.org\/10.3390\/mti9070072\" target=\"_blank\">paper<\/a>]<\/p><\/li><li><p class=\"publication publication8948\"><span class=\"publication-authors\">Olli I. Heimo, Noora Harju, Sami Majaniemi, Saara H\u00e4nninen, Teijo Lehtonen<\/span><span class=\"publication-title\">Engineering Ethical Standards: Enhancing Product Information for Collaborative Sustainability in Industrial Ecosystems<\/span><span class=\"publication-conference\"><\/span><span class=\"publication-date\"><\/span><em class=\"note\">Manuscript, in review<\/em><\/p><\/li><li><p class=\"publication publication8947\"><span class=\"publication-authors\">Alexander Flaig, Mariia Syv\u00e4ri, Sini Nordberg-Davies, Eini Haaja<\/span><span class=\"publication-title\">Sustainable Market-Shaping Strategies<\/span><span class=\"publication-conference\">Presentation at The Naples Forum on Service, Sorrento, Italy 9-12.6.2025; and Industrial Marketing and Purchasing Conference, Gothenburg, Sweden 20-22.8.2025<\/span><span class=\"publication-date\">2025<\/span><\/p><\/li><li><p class=\"publication publication8945\"><span class=\"publication-authors\">Leena Jokinen, Nicolas Balcom-Raleigh, Katariina Heikkil\u00e4<\/span><span class=\"publication-title\">Futures Literacy in Collaborative Foresight Networks: Advancing Sustainable Shipbuilding<\/span><span class=\"publication-conference\">Presentation at the Empowering Futures - Long-term Governance, Democracy and Futures Research Conference, Turku Finland 14-16 June 2023<\/span><span class=\"publication-date\">2023<\/span><\/p><p class=\"publication-links\">[<a href=\"https:\/\/tt.utu.fi\/ar\/wp-content\/uploads\/2025\/10\/fc2023_book-of-abstracts-2.pdf\">paper<\/a>]<\/p><\/li><li><p class=\"publication publication8942\"><span class=\"publication-authors\">Katariina Heikkil\u00e4, Leena Jokinen, Martyn Richards<\/span><span class=\"publication-title\">Cruising Off the Charts: Reimagining Futures of Sustainable Cruise Ships \u2013 A Fast Futures Literacy Laboratory<\/span><span class=\"publication-conference\">Presentation at the Futures of Natural Resources Conference, Turku, Finland 13-14 June 2024<\/span><span class=\"publication-date\">2024<\/span><\/p><p class=\"publication-links\">[<a href=\"https:\/\/tt.utu.fi\/ar\/wp-content\/uploads\/2025\/10\/fc2024-book-of-abstracts-120624.pdf\">paper<\/a>]<\/p><\/li><li><p class=\"publication publication8940\"><span class=\"publication-authors\">Eini Haaja, Sini Nordberg-Davies, Mariia Syv\u00e4ri<\/span><span class=\"publication-title\">Going green but seeing red: Nested tensions in initiating market shaping for sustainability<\/span><span class=\"publication-conference\"><\/span><span class=\"publication-date\"><\/span><em class=\"note\">Manuscript, in review<\/em><\/p><\/li><li><p class=\"publication publication8937\"><span class=\"publication-authors\">Leena Jokinen, Noora Harju, Kalle Kinnunen, Tiina Vainio-Kaila, Saara H\u00e4nninen<\/span><span class=\"publication-title\">Corporate Sustainability Reporting Directive in shipbuilding networks &#8211; social dynamics and challenges<\/span><span class=\"publication-conference\">World Conference on Floating Solutions (WCFS), Espoo, 1-3.9.2025<\/span><span class=\"publication-date\">2025<\/span><em class=\"note\">Manuscript, in review<\/em><\/p><\/li><li><p class=\"publication publication8935\"><span class=\"publication-authors\">Leena Jokinen, Noora Harju, Kalle Kinnunen and Saara H\u00e4nninen<\/span><span class=\"publication-title\">Implications of Corporate Sustainability Reporting Directive (CSRD) to company network collaboration<\/span><span class=\"publication-conference\">Presentation at the Futures of Technologies \u2013 Mutual Shaping of Socio-Technical Transformations Conference, Turku, Finland, 10-12 June 2025<\/span><span class=\"publication-date\">2025<\/span><\/p><p class=\"publication-links\">[<a href=\"https:\/\/tt.utu.fi\/ar\/wp-content\/uploads\/2025\/10\/fc2025-book-of-abstracts-final.pdf\">paper<\/a>]<\/p><\/li><li><p class=\"publication publication8934\"><span class=\"publication-authors\">Leena Jokinen, Noora Harju, Kalle Kinnunen, Saara H\u00e4nninen<\/span><span class=\"publication-title\">Implications of Corporate Sustainability Reporting Directive (CSRD) to Company Network Collaboration<\/span><span class=\"publication-conference\">J Sustain Res. 2025;7(1):e250018<\/span><span class=\"publication-date\">2025<\/span><\/p><p class=\"publication-links\">[<a href=\"https:\/\/doi.org\/10.20900\/jsr20250018\" target=\"_blank\">paper<\/a>]<\/p><\/li><li><p class=\"publication publication8816\"><span class=\"publication-authors\">Kaapo Sepp\u00e4l\u00e4, Kaisa K\u00f6nn\u00f6l\u00e4, Markus Krusberg and Teijo Lehtonen<\/span><span class=\"publication-title\">Content forms and information presentation in virtual reality &#8211; case: Communicating the sustainability of cruise ships<\/span><span class=\"publication-conference\">In: Tareq Z. Ahram and Christianne Falc\u00e3o (eds) Human Factors and Wearable Technologies. AHFE (2025) International Conference. Orlando, FL, USA, July 2025, AHFE Open Access, vol 175. AHFE International, USA<\/span><span class=\"publication-date\">2025<\/span><\/p><p class=\"publication-links\">[<a href=\"http:\/\/doi.org\/10.54941\/ahfe1006362\" target=\"_blank\">paper<\/a>]<\/p><\/li><li><p class=\"publication publication8814\"><span class=\"publication-authors\">Tommi Immonen, Eero Nirhamo, Mikko Salonen, Kaapo Sepp\u00e4l\u00e4, Seppo Helle, Olli Heimo and Teijo Lehtonen<\/span><span class=\"publication-title\">Metaverse-based demonstrators as an alternative to traditional presentations: Case fossil-free steelmaking processes<\/span><span class=\"publication-conference\">In: Matteo Zallio (eds) Accessibility, Assistive Technology and Digital Environments. AHFE (2025) International Conference. Orlando, FL, USA, July 2025. AHFE Open Access, vol 162. AHFE International, USA<\/span><span class=\"publication-date\">2025<\/span><\/p><p class=\"publication-links\">[<a href=\"http:\/\/doi.org\/10.54941\/ahfe1006007\" target=\"_blank\">paper<\/a>]<\/p><\/li><li><p class=\"publication publication8721\"><span class=\"publication-authors\">Haaja, Eini; Nordberg-Davies, Sini; Syv\u00e4ri, Mariia<\/span><span class=\"publication-title\">Going green but seeing red: Nested tensions in initiating market shaping for sustainability<\/span><span class=\"publication-conference\">Presentation at the 39th Industrial Marketing and Purchasing (IMP) Conference<\/span><span class=\"publication-date\">2023<\/span><\/p><p class=\"publication-links\">[<a href=\"https:\/\/research.utu.fi\/converis\/portal\/detail\/Publication\/180938609?lang=en_GB\" target=\"_blank\">paper<\/a>]<\/p><\/li><li><p class=\"publication publication8720\"><span class=\"publication-authors\">Nordberg-Davies, Sini; Haaja, Eini; Jokinen, Leena; Saarni, Jouni; Richards, Martyn<\/span><span class=\"publication-title\">Shared market-shaping intentions in business networks \u2013 Greening the cruise shipbuilding industry<\/span><span class=\"publication-conference\">Presentation at the 40th Industrial Marketing and Purchasing (IMP) Conference<\/span><span class=\"publication-date\">2024<\/span><\/p><p class=\"publication-links\">[<a href=\"https:\/\/research.utu.fi\/converis\/portal\/detail\/Publication\/477803773?lang=en_GB\" target=\"_blank\">paper<\/a>]<\/p><\/li><li><p class=\"publication publication8617\"><span class=\"publication-authors\">Leena Jokinen, Nicolas A. Balcom Raleigh, Katariina Heikkil\u00e4<\/span><span class=\"publication-title\">Futures literacy in collaborative foresight networks: advancing sustainable shipbuilding<\/span><span class=\"publication-conference\">European Journal of Futures Research<\/span><span class=\"publication-date\">2023<\/span><em class=\"note\">A correction to this article was published in 04 May 2024<\/em><\/p><p class=\"publication-links\">[<a href=\"https:\/\/eujournalfuturesresearch.springeropen.com\/articles\/10.1186\/s40309-023-00221-1\" target=\"_blank\">paper<\/a>]<\/p><\/li><li><p class=\"publication publication8567\"><span class=\"publication-authors\">Heimo, O., Vainio-kaila, T., Kinnunen, K., H\u00e4nninen, S., Helle, S., Majaniemi, S., Jokinen, L., Lehtonen, T<\/span><span class=\"publication-title\">The Flow of Sustainability Information Through Interorganisational Shipbuilding Ecosystem<\/span><span class=\"publication-conference\">In: Beata Mrugalska, Waldemar Karwowski and Stefan Trzcielinski (eds) Human Aspects of Advanced Manufacturing, Production Management and Process Control. AHFE (2024) International Conference. AHFE Open Access, vol 146. AHFE International, USA<\/span><span class=\"publication-date\">2024<\/span><\/p><p class=\"publication-links\">[<a href=\"https:\/\/openaccess.cms-conferences.org\/publications\/book\/978-1-964867-22-9\/article\/978-1-964867-22-9_11\" target=\"_blank\">paper<\/a>]<\/p><\/li><\/ul><\/div>\n\n\n\n<h3 class=\"wp-block-heading\">Ask more<\/h3>\n\n\n<style><\/style><div class=\"staff-member-listing suscon-contact\"><div class=\"staff-member even \">\r\n\t<img decoding=\"async\" class=\"staff-member-photo\" src=\"https:\/\/tt.utu.fi\/ar\/wp-content\/uploads\/2013\/12\/teijo_lehtonen1.jpg\" title=\"Teijo Lehtonen : Senior Research Fellow\" id=\"teijo-lehtonen\">\r\n\t<div class=\"staff-member-info-wrap\">\r\n\t\t<h3 class=\"staff-member-name\">Teijo Lehtonen<\/h3>\r\n\t\t<h4 class=\"staff-member-position\">Senior Research Fellow<\/h4>\r\n\t\t\r\n\t\t<a class=\"staff-member-email\" href=\"mailto:&#116;&#101;&#105;j&#111;.le&#104;&#116;o&#110;&#101;&#110;&#064;&#117;t&#117;&#046;f&#105;\" title=\"Email Teijo Lehtonen\">t&#101;&#105;j&#111;&#046;&#108;&#101;&#104;&#116;o&#110;en&#064;u&#116;u&#046;&#102;i<\/a>\r\n                +358 (0)44 440 0005\r\n\t\t\r\n                \r\n\t<\/div>\r\n<\/div> <!-- Close staff-member --><div class=\"staff-member odd  last\">\r\n\t<img decoding=\"async\" class=\"staff-member-photo\" src=\"https:\/\/tt.utu.fi\/ar\/wp-content\/uploads\/2015\/02\/kaapo_seppala_web.jpg\" title=\"Kaapo Sepp\u00e4l\u00e4 : Project Manager\" id=\"kaapo-seppala\">\r\n\t<div class=\"staff-member-info-wrap\">\r\n\t\t<h3 class=\"staff-member-name\">Kaapo Sepp\u00e4l\u00e4<\/h3>\r\n\t\t<h4 class=\"staff-member-position\">Project Manager<\/h4>\r\n\t\t\r\n\t\t<a class=\"staff-member-email\" href=\"mailto:&#107;&#097;&#097;&#112;&#111;.&#115;ep&#112;&#097;la&#064;&#117;t&#117;&#046;&#102;i\" title=\"Email Kaapo Sepp\u00e4l\u00e4\">k&#097;&#097;po.s&#101;&#112;pa&#108;&#097;&#064;&#117;tu&#046;&#102;i<\/a>\r\n                +358 (0)40 744 4182\r\n\t\t\r\n                \r\n\t<\/div>\r\n<\/div> <!-- Close staff-member --><\/div> <!-- Close staff-member-listing -->\n","protected":false},"excerpt":{"rendered":"<p>The SusFlow project applies a multidisciplinary approach for shared solutions within a network of enterprises representing a multitude of competence areas with an LCA-driven focus.<\/p>\n","protected":false},"author":1872,"featured_media":2673,"parent":39,"menu_order":0,"comment_status":"closed","ping_status":"closed","template":"","meta":{"_acf_changed":false,"footnotes":""},"class_list":["post-2655","page","type-page","status-publish","has-post-thumbnail","hentry"],"acf":[],"_links":{"self":[{"href":"https:\/\/tt.utu.fi\/ar\/wp-json\/wp\/v2\/pages\/2655","targetHints":{"allow":["GET"]}}],"collection":[{"href":"https:\/\/tt.utu.fi\/ar\/wp-json\/wp\/v2\/pages"}],"about":[{"href":"https:\/\/tt.utu.fi\/ar\/wp-json\/wp\/v2\/types\/page"}],"author":[{"embeddable":true,"href":"https:\/\/tt.utu.fi\/ar\/wp-json\/wp\/v2\/users\/1872"}],"replies":[{"embeddable":true,"href":"https:\/\/tt.utu.fi\/ar\/wp-json\/wp\/v2\/comments?post=2655"}],"version-history":[{"count":30,"href":"https:\/\/tt.utu.fi\/ar\/wp-json\/wp\/v2\/pages\/2655\/revisions"}],"predecessor-version":[{"id":3187,"href":"https:\/\/tt.utu.fi\/ar\/wp-json\/wp\/v2\/pages\/2655\/revisions\/3187"}],"up":[{"embeddable":true,"href":"https:\/\/tt.utu.fi\/ar\/wp-json\/wp\/v2\/pages\/39"}],"wp:featuredmedia":[{"embeddable":true,"href":"https:\/\/tt.utu.fi\/ar\/wp-json\/wp\/v2\/media\/2673"}],"wp:attachment":[{"href":"https:\/\/tt.utu.fi\/ar\/wp-json\/wp\/v2\/media?parent=2655"}],"curies":[{"name":"wp","href":"https:\/\/api.w.org\/{rel}","templated":true}]}}