
{"id":2563,"date":"2021-05-17T14:23:15","date_gmt":"2021-05-17T11:23:15","guid":{"rendered":"https:\/\/tt.utu.fi\/ar\/?page_id=2563"},"modified":"2021-05-19T11:04:29","modified_gmt":"2021-05-19T08:04:29","slug":"paras","status":"publish","type":"page","link":"https:\/\/tt.utu.fi\/ar\/research\/paras\/","title":{"rendered":"PARAS-hanke"},"content":{"rendered":"<blockquote><p><a href=\"https:\/\/sites.utu.fi\/paras\/\">PARAS \u2013 hanke (Playful Activity Remotely And Socially)<\/a> pyrkii kehitt\u00e4m\u00e4\u00e4n terveytt\u00e4, oppimista ja sosiaalista hyvinvointia pelillist\u00e4misen ja alustatalouden mekanismeja hy\u00f6dynt\u00e4en.<\/p><\/blockquote>\n<figure id=\"attachment_375\" class=\"wp-caption alignnone\" aria-describedby=\"caption-attachment-375\"><img loading=\"lazy\" decoding=\"async\" class=\"size-medium wp-image-375\" src=\"https:\/\/sites.utu.fi\/paras\/wp-content\/uploads\/sites\/987\/2021\/04\/White-Orange-Blurred-Background-Autumn-Fall-Quote-Facebook-Cover-1-360x137.png\" sizes=\"auto, (max-width: 360px) 100vw, 360px\" srcset=\"https:\/\/sites.utu.fi\/paras\/wp-content\/uploads\/sites\/987\/2021\/04\/White-Orange-Blurred-Background-Autumn-Fall-Quote-Facebook-Cover-1-360x137.png 360w, https:\/\/sites.utu.fi\/paras\/wp-content\/uploads\/sites\/987\/2021\/04\/White-Orange-Blurred-Background-Autumn-Fall-Quote-Facebook-Cover-1-720x274.png 720w, https:\/\/sites.utu.fi\/paras\/wp-content\/uploads\/sites\/987\/2021\/04\/White-Orange-Blurred-Background-Autumn-Fall-Quote-Facebook-Cover-1-768x292.png 768w, https:\/\/sites.utu.fi\/paras\/wp-content\/uploads\/sites\/987\/2021\/04\/White-Orange-Blurred-Background-Autumn-Fall-Quote-Facebook-Cover-1-228x87.png 228w, https:\/\/sites.utu.fi\/paras\/wp-content\/uploads\/sites\/987\/2021\/04\/White-Orange-Blurred-Background-Autumn-Fall-Quote-Facebook-Cover-1.png 828w\" alt=\"\" width=\"360\" height=\"137\" \/><\/figure>\n<p>Nykyisen maailmantilan aiheuttama erist\u00e4ytyneisyys, sosiaalisten kontaktien sek\u00e4 arkirutiinien puute heikent\u00e4v\u00e4t maailmanlaajuisesti ihmisten fyysist\u00e4 ja psyykkist\u00e4 terveytt\u00e4 ja hyvinvointia. T\u00e4m\u00e4 voi johtaa merkitt\u00e4viin yhteiskunnallisiin ongelmiin. <a href=\"https:\/\/sites.utu.fi\/paras\/\">PARAS-hanke<\/a> pyrkii ratkaisemaan n\u00e4it\u00e4 ongelmia innovatiivisilla keinoilla. Hankkeen p\u00e4\u00e4tavoitteena on koota hyvinvointipalveluita ja -teknologiaa tuottavia yrityksi\u00e4 kehitt\u00e4m\u00e4\u00e4n yhteisty\u00f6ss\u00e4 globaaleille markkinoille hyvinvointipalveluiden alusta. Alustalla toimivien yritysten ja organisaatioiden tuottamaa tietoa ja verkostoja hy\u00f6dynt\u00e4m\u00e4ll\u00e4 pystyt\u00e4\u00e4n luomaan innovatiivisia terveytt\u00e4, oppimista ja sosiaalista vuorovaikutusta edist\u00e4vi\u00e4 digitaalisia tuotteita maailmanlaajuiseen k\u00e4ytt\u00f6\u00f6n. Hanketta koordinoi Turun yliopiston hoitotieteen laitos.<\/p>\n<p>Ohessa hankkeemme esite<\/p>\n<ul>\n<li><a href=\"https:\/\/sites.utu.fi\/paras\/wp-content\/uploads\/sites\/987\/2021\/05\/PARAS-esite.pdf\">PARAS-esite (.pdf)<\/a><\/li>\n<\/ul>\n<h2>Hankkeen tavoitteet<\/h2>\n<p>Co-creation vaiheen aikana rakennetaan PARAS hankekonsortio ja valmistellaan Co-innovation yhteishanke.<\/p>\n<ul>\n<li>Tunnistetaan hankkeen onnistumisen kannalta eri toimialojen soveltuvimpia yrityksi\u00e4<\/li>\n<li>Kutsutaan hankkeesta kiinnostuneet yritykset workshop-tilaisuuksiin ja pyrit\u00e4\u00e4n l\u00f6yt\u00e4m\u00e4\u00e4n yhteisi\u00e4 tavoitteita ja keinoja niihin p\u00e4\u00e4semiseksi<\/li>\n<li>Rakennetaan monialaista kansainv\u00e4list\u00e4 organisaatioverkostoa Business Finlandin Co-innovation vaiheen tueksi<\/li>\n<li>Valmistellaan sitoutuneiden yritysten kanssa Business Finlandin Co-innovation vaiheen suunnitelmat ja rahoitushakemukset<\/li>\n<\/ul>\n<h2>Rahoitus<\/h2>\n<p>PARAS-hanketta rahoittaa Business Finlandin Co-creation instrumentti 1.3.2021-31.8.2021 v\u00e4lisen\u00e4 aikana. Hanke toteutetaan Turun ja Jyv\u00e4skyl\u00e4n yliopiston yhteisty\u00f6n\u00e4.<\/p>\n<h2>Kysy lis\u00e4\u00e4<\/h2>\n<style><\/style><div class=\"staff-member-listing paras-contact\"><div class=\"staff-member even \">\r\n\t<img decoding=\"async\" class=\"staff-member-photo\" src=\"https:\/\/tt.utu.fi\/ar\/wp-content\/uploads\/2013\/12\/tuomas_makila1.jpg\" title=\"Tuomas M\u00e4kil\u00e4 : Assistant Professor\" id=\"tuomas-makila\">\r\n\t<div class=\"staff-member-info-wrap\">\r\n\t\t<h3 class=\"staff-member-name\">Tuomas M\u00e4kil\u00e4<\/h3>\r\n\t\t<h4 class=\"staff-member-position\">Assistant Professor<\/h4>\r\n\t\t\r\n\t\t<a class=\"staff-member-email\" href=\"mailto:&#116;&#117;&#111;&#109;as.&#109;&#097;k&#105;l&#097;&#064;u&#116;u.f&#105;\" title=\"Email Tuomas M\u00e4kil\u00e4\">&#116;&#117;&#111;&#109;&#097;s.&#109;&#097;&#107;il&#097;&#064;utu&#046;f&#105;<\/a>\r\n                +358 (0)40 541 8955\r\n\t\twww.mckila.com\r\n                \r\n\t<\/div>\r\n<\/div> <!-- Close staff-member --><div class=\"staff-member odd  last\">\r\n\t<img decoding=\"async\" class=\"staff-member-photo\" src=\"https:\/\/tt.utu.fi\/ar\/wp-content\/uploads\/2013\/12\/tapani_liukkonen.jpg\" title=\"Tapani Joelsson : Project Researcher\" id=\"tapani-joelsson\">\r\n\t<div class=\"staff-member-info-wrap\">\r\n\t\t<h3 class=\"staff-member-name\">Tapani Joelsson<\/h3>\r\n\t\t<h4 class=\"staff-member-position\">Project Researcher<\/h4>\r\n\t\t\r\n\t\t<a class=\"staff-member-email\" href=\"mailto:tapa&#110;&#105;&#046;j&#111;e&#108;&#115;&#115;o&#110;&#064;&#117;tu&#046;f&#105;\" title=\"Email Tapani Joelsson\">tapa&#110;&#105;.&#106;oelsson&#064;&#117;&#116;u&#046;f&#105;<\/a>\r\n                \r\n\t\t\r\n                \r\n\t<\/div>\r\n<\/div> <!-- Close staff-member --><\/div> <!-- Close staff-member-listing -->\n<h2>Lue my\u00f6s<\/h2>\n<p><a href=\"https:\/\/www.utu.fi\/fi\/ajankohtaista\/mediatiedote\/paras-hanke-ryhtyy-kehittamaan-pelillista-ratkaisua-terveyden-ja\"><span class=\"field field__title news__\">PARAS-hanke ryhtyy kehitt\u00e4m\u00e4\u00e4n pelillist\u00e4 ratkaisua terveyden ja oppimisen edist\u00e4miseen \u2013 apuna alustatalouden periaatteet<\/span><\/a><\/p>\n","protected":false},"excerpt":{"rendered":"<p>PARAS-hanke (Playful Activity Remotely And Socially) pyrkii kehitt\u00e4m\u00e4\u00e4n terveytt\u00e4, oppimista ja sosiaalista hyvinvointia pelillist\u00e4misen ja alustatalouden mekanismeja hy\u00f6dynt\u00e4en. <\/p>\n","protected":false},"author":1872,"featured_media":2569,"parent":39,"menu_order":0,"comment_status":"closed","ping_status":"closed","template":"","meta":{"_acf_changed":false,"footnotes":""},"class_list":["post-2563","page","type-page","status-publish","has-post-thumbnail","hentry"],"acf":[],"_links":{"self":[{"href":"https:\/\/tt.utu.fi\/ar\/wp-json\/wp\/v2\/pages\/2563","targetHints":{"allow":["GET"]}}],"collection":[{"href":"https:\/\/tt.utu.fi\/ar\/wp-json\/wp\/v2\/pages"}],"about":[{"href":"https:\/\/tt.utu.fi\/ar\/wp-json\/wp\/v2\/types\/page"}],"author":[{"embeddable":true,"href":"https:\/\/tt.utu.fi\/ar\/wp-json\/wp\/v2\/users\/1872"}],"replies":[{"embeddable":true,"href":"https:\/\/tt.utu.fi\/ar\/wp-json\/wp\/v2\/comments?post=2563"}],"version-history":[{"count":11,"href":"https:\/\/tt.utu.fi\/ar\/wp-json\/wp\/v2\/pages\/2563\/revisions"}],"predecessor-version":[{"id":2573,"href":"https:\/\/tt.utu.fi\/ar\/wp-json\/wp\/v2\/pages\/2563\/revisions\/2573"}],"up":[{"embeddable":true,"href":"https:\/\/tt.utu.fi\/ar\/wp-json\/wp\/v2\/pages\/39"}],"wp:featuredmedia":[{"embeddable":true,"href":"https:\/\/tt.utu.fi\/ar\/wp-json\/wp\/v2\/media\/2569"}],"wp:attachment":[{"href":"https:\/\/tt.utu.fi\/ar\/wp-json\/wp\/v2\/media?parent=2563"}],"curies":[{"name":"wp","href":"https:\/\/api.w.org\/{rel}","templated":true}]}}