
{"id":2537,"date":"2021-05-18T11:11:29","date_gmt":"2021-05-18T08:11:29","guid":{"rendered":"https:\/\/tt.utu.fi\/ar\/?page_id=2537"},"modified":"2024-10-07T12:04:21","modified_gmt":"2024-10-07T09:04:21","slug":"suscon","status":"publish","type":"page","link":"https:\/\/tt.utu.fi\/ar\/research\/suscon\/","title":{"rendered":"SusCon"},"content":{"rendered":"\n<blockquote class=\"wp-block-quote is-layout-flow wp-block-quote-is-layout-flow\">\n<p>Sustainable Shipbuilding Concepts<br>04.06.2020 \u2013 31.12.2022<br>Business Finland<br>Budget UTU: 691 617 \u20ac<br>Completed<\/p>\n<\/blockquote>\n\n\n\n<div class=\"page\" title=\"Page 1\">\n<div class=\"section\">\n<div class=\"page\" title=\"Page 1\">&nbsp;<\/div>\n<\/div>\n<\/div>\n\n\n\n<div class=\"wp-block-columns is-layout-flex wp-container-core-columns-is-layout-9d6595d7 wp-block-columns-is-layout-flex\">\n<div class=\"wp-block-column is-layout-flow wp-block-column-is-layout-flow\"><a class=\"iheg-wrapper\" href=\"https:\/\/tt.utu.fi\/ar\/project\/suscon\/\"  ><div class=\"eihe-box eihe-zoom-in\" style=\"background: rgba(0,0,0,0.5);border-radius:0px 0px 0px 0px;\"><img decoding=\"async\" src=\"https:\/\/tt.utu.fi\/ar\/wp-content\/uploads\/sites\/5\/2023\/04\/suscon_hoverSquare.png\" alt=\"A wave\"><div class=\"eihe-caption\" style=\"background: rgba(0,0,0,0.5);padding:20px 20px 20px 20px;\"><div class=\"eihe-title-cover\"><span style=\"font-size: 20px;\" class=\"eihe-title\">SusCon<\/span>\t<\/div><p style=\"font-size: 16px;\">Showcase<\/p><\/div><\/div><\/a><\/div>\n\n\n\n<div class=\"wp-block-column is-layout-flow wp-block-column-is-layout-flow\"><\/div>\n\n\n\n<div class=\"wp-block-column is-layout-flow wp-block-column-is-layout-flow\"><\/div>\n<\/div>\n\n\n\n<div class=\"page\" title=\"Page 2\">\n<div class=\"section\">\n<div class=\"layoutArea\">\n<div class=\"column\">\n<div class=\"page\" title=\"Page 3\">\n<div class=\"layoutArea\">\n<p class=\"column\">Sustainable Shipbuilding Concepts project focuses on creating sustainability based value in shipbuilding through designing more sustainable concepts for cruise ships and related systems in a way that the complete network can contribute into more sustainable business processes including material selection, design, manufacturing, social aspects and features. The goal is to generate new business processes that bring such sustainability benefits that can be quantified and which help actors to strengthen their foresight and adaptation abilities in the often-changing sustainability-framework. In addition, the goal is to stimulate the whole shipbuilding community\u2019s understanding on how sustainable shipbuilding practices and effective communication of lean and sustainable solutions can increase the resilience and collaborativeness of the regional shipbuilding community.<\/p>\n<p>The project focuses on research related supply network\u2019s capabilities to utilize sustainability arguments for long-term strategic gains. Implementing collaborative foresight and early supplier integration practices promotes generation of new supplier-driven ideas for sustainability innovations. The participating companies have expressed the need to model and prove the environmental impacts of their products or systems for their communication. Development of new digital and virtual tools support more efficient business processes and illustration of sustainability benefits.<\/p>\n<p>This project is a collaborative consortium project led by research organizations, University of Turku and VTT, including multiple parallel projects from industry stakeholders throughout the value chain. <a href=\"https:\/\/tt.utu.fi\/ar\/research\/sustis\/#sustis-publications\">The publications from our previous project of the same research area, SUSTIS, can be found from this link.<\/a><\/p>\n<p>Press release : (FIN) <a href=\"https:\/\/www.utu.fi\/fi\/ajankohtaista\/mediatiedote\/uusista-menetelmista-lisaa-vastuullisuutta-laivanrakentamiseen\" target=\"_blank\" rel=\"noopener noreferrer\">Uusista menetelmist\u00e4 lis\u00e4\u00e4 vastuullisuutta laivanrakentamiseen<\/a><\/p>\n<\/div>\n<\/div>\n<\/div>\n<\/div>\n<\/div>\n<\/div>\n\n\n\n<p><strong>Research Partners <\/strong><\/p>\n\n\n\n<ul class=\"wp-block-list\">\n<li><a href=\"http:\/\/tt.utu.fi\">Department of Computing (UTU)<\/a><\/li>\n\n\n\n<li><a href=\"https:\/\/www.utu.fi\/en\/university\/turku-school-of-economics\/ccr\">Centre for Collaborative Research (CCR)<\/a><\/li>\n\n\n\n<li><a href=\"https:\/\/www.utu.fi\/en\/university\/turku-school-of-economics\/finland-futures-research-centre\">Finland Futures Research Centre (FFRC)<\/a><\/li>\n\n\n\n<li><a href=\"http:\/\/vtt.fi\">VTT Technical Research Centre of Finland Ltd<\/a><\/li>\n<\/ul>\n\n\n\n<p><strong>Industry and Supporting Partners<\/strong><\/p>\n\n\n\n<ul class=\"wp-block-list\">\n<li><a href=\"http:\/\/www.evac.com\/\">Evac Oy<\/a><\/li>\n\n\n\n<li><a href=\"http:\/\/lautex.com\/\">Lautex Oy<\/a><\/li>\n\n\n\n<li><a href=\"http:\/\/meriteollisuus.teknologiateollisuus.fi\/\">Meriteollisuus ry<\/a><\/li>\n\n\n\n<li><a href=\"http:\/\/www.meyerturku.fi\/en\/meyerturku_com\/index.jsp\">Meyer Turku Oy<\/a><\/li>\n\n\n\n<li><a href=\"http:\/\/www.nit.fi\/\">Oy NIT Naval Interior Team Ltd.<\/a><\/li>\n\n\n\n<li><a href=\"http:\/\/www.paattimaakarit.fi\/\">Paattimaakarit Oy<\/a><\/li>\n\n\n\n<li><a href=\"http:\/\/www.meyerturku.fi\/en\/meyerturku_com\/partner_comanies\/piikko_works\/marginalspalte__ohne_navigation_5.jsp\">Piikkio Works Oy<\/a><\/li>\n\n\n\n<li><a href=\"https:\/\/www.royalcaribbeangroup.com\/\">Royal Caribbean Group<\/a><\/li>\n<\/ul>\n\n\n\n<p><strong>Press Material<\/strong><\/p>\n\n\n\n<ul class=\"wp-block-list\">\n<li>Press release : (FIN) <a href=\"https:\/\/www.utu.fi\/fi\/ajankohtaista\/mediatiedote\/uusista-menetelmista-lisaa-vastuullisuutta-laivanrakentamiseen\" target=\"_blank\" rel=\"noopener noreferrer\">Uusista menetelmist\u00e4 lis\u00e4\u00e4 vastuullisuutta laivanrakentamiseen<\/a><\/li>\n<\/ul>\n\n\n\n<div>\n<h3>Events<\/h3>\n<p><a href=\"https:\/\/tt.utu.fi\/ar\/kestavyys-ja-vastuullisuus-meriteollisuudessa-tuloksia-suscon-hankkeesta\/\" target=\"_blank\" rel=\"noopener\">Kest\u00e4vyys ja vastuullisuus meriteollisuudessa &#8211; tuloksia SusCon-hankkeesta, <strong>9.11.2022<\/strong><\/a><\/p>\n<h3 id=\"suscon-publications\">Publications<\/h3>\n<p>\u00a0<\/p>\n<\/div>\n\n\n<div class=\"wpap\"><ul><li><p class=\"publication publication8949\"><span class=\"publication-authors\">Seppo Helle, Taneli Nyyss\u00f6nen, Olli Heimo, Leo Sakari, Teijo Lehtonen<\/span><span class=\"publication-title\">Virtual Reality Applied to Design Reviews in Shipbuilding<\/span><span class=\"publication-conference\">Multimodal Technologies and Interaction, 9(7) 2025<\/span><span class=\"publication-date\">2025<\/span><\/p><p class=\"publication-links\">[<a href=\"https:\/\/doi.org\/10.3390\/mti9070072\" target=\"_blank\">paper<\/a>]<\/p><\/li><li><p class=\"publication publication8227\"><span class=\"publication-authors\">Taneli Nyyss\u00f6nen, Seppo Helle, Teijo Lehtonen, Jouni Smed<\/span><span class=\"publication-title\">A Comparison of One- and Two-handed Gesture User Interfaces in Virtual Reality \u2013 A Task Based Approach<\/span><span class=\"publication-conference\">Multimodal Technologies and Interaction<\/span><span class=\"publication-date\">2 February 2024<\/span><\/p><p class=\"publication-links\">[<a href=\"https:\/\/doi.org\/10.3390\/mti8020010\" target=\"_blank\">paper<\/a>]<\/p><\/li><li><p class=\"publication publication8238\"><span class=\"publication-authors\">Eini Haaja, Natasha Evers<\/span><span class=\"publication-title\">Adapting to the unknown \u2013 the challenges of orchestrating open eco-innovation in shipbuilding<\/span><span class=\"publication-conference\"><\/span><span class=\"publication-date\"><\/span><em class=\"note\">In publication process<\/em><\/p><\/li><li><p class=\"publication publication8231\"><span class=\"publication-authors\">Nicolas A. Balcom Raleigh, Leena Jokinen, Katariina Heikkil\u00e4<\/span><span class=\"publication-title\">Futures literacy in collaborative foresight networks: The case of advancing sustainable shipbuilding in Finland<\/span><span class=\"publication-conference\"><\/span><span class=\"publication-date\"><\/span><em class=\"note\">In publication process<\/em><\/p><\/li><li><p class=\"publication publication8215\"><span class=\"publication-authors\">Jokinen Leena, Balcom Raleigh Nicolas, Heikkil\u00e4 Katariina<\/span><span class=\"publication-title\">Futures Literacy in Collaborative Foresight Networks: Advancing Sustainable Shipbuilding<\/span><span class=\"publication-conference\">Empowering Futures \u2013 Long-term Governance, Democracy and Futures Research, Turku<\/span><span class=\"publication-date\">14\u201316 June 2023<\/span><em class=\"note\">Submitted<\/em><\/p><\/li><li><p class=\"publication publication8232\"><span class=\"publication-authors\">Eini Haaja and Jouni Saarni<\/span><span class=\"publication-title\">Bringing Sustainability to Shipbuilding Through Supplier Integration &#8211; Findings from SusCon-project<\/span><span class=\"publication-conference\">CCR Insights 1\/2023, Turku School of Economics, University of Turku<\/span><span class=\"publication-date\">2023<\/span><\/p><p class=\"publication-links\">[<a href=\"https:\/\/www.utu.fi\/sites\/default\/files\/public%3A\/\/media\/file\/ccr_insights_1_2023_Bringing%20sustainability%20to%20shipbuilding%20through%20supplier%20integration_saavutettava.pdf\" target=\"_blank\">paper<\/a>]<\/p><\/li><li><p class=\"publication publication8120\"><span class=\"publication-authors\">L. Jokinen, M. M\u00e4kel\u00e4, K. Heikkil\u00e4, O. Apostol, H. Kalliom\u00e4ki & J. Saarni<\/span><span class=\"publication-title\">Creating futures images for sustainable cruise ships: Insights on collaborative foresight for sustainability enhancement<\/span><span class=\"publication-conference\">Futures, 135, 102873<\/span><span class=\"publication-date\">2022<\/span><\/p><p class=\"publication-links\">[<a href=\"https:\/\/doi.org\/10.1016\/j.futures.2021.102873\" target=\"_blank\">paper<\/a>]<\/p><\/li><li><p class=\"publication publication8229\"><span class=\"publication-authors\">Eini Haaja, Natasha Evers<\/span><span class=\"publication-title\">Orchestrating in Business Networks to enhance the co-creation of eco-innovations<\/span><span class=\"publication-conference\">(abstract) in The 38th Annual IMP conference in Florence, Italy<\/span><span class=\"publication-date\">August 2022<\/span><\/p><p class=\"publication-links\">[<a href=\"https:\/\/www.imp2022.unifi.it\/\">website<\/a>]<\/p><\/li><li><p class=\"publication publication8230\"><span class=\"publication-authors\">Eini Haaja, Natasha Evers<\/span><span class=\"publication-title\">Orchestrating in a Shipbuilding Network to foster the co-creation of eco-innovations<\/span><span class=\"publication-conference\">(abstract) in Sustainability Science Days 2022 conference in Helsinki<\/span><span class=\"publication-date\">May 2022<\/span><\/p><p class=\"publication-links\">[<a href=\"https:\/\/www.helsinki.fi\/en\/conferences\/sustainability-science-days-conference-2022\">website<\/a>]<\/p><\/li><li><p class=\"publication publication8228\"><span class=\"publication-authors\">Eini Haaja, Natasha Evers<\/span><span class=\"publication-title\">Dynamics of co-creating sustainable innovations in an international project business network &#8211; The role of hub company in shipbuilding industry context<\/span><span class=\"publication-conference\">48th AIB UK & Ireland Conference in Reading, UK<\/span><span class=\"publication-date\">8-9 April 2022<\/span><\/p><\/li><li><p class=\"publication publication7898\"><span class=\"publication-authors\">Nyyss\u00f6nen Taneli, Helle Seppo, Lehtonen Teijo, Smed Jouni<\/span><span class=\"publication-title\">A Comparison of Gesture and Controller-based User Interfaces for 3D Design Reviews in Virtual Reality<\/span><span class=\"publication-conference\">Hawaii International Conference on System Sciences<\/span><span class=\"publication-date\">4 Jan 2022<\/span><\/p><p class=\"publication-links\">[<a href=\"http:\/\/hdl.handle.net\/10125\/79552\" target=\"_blank\">paper<\/a>]<\/p><\/li><li><p class=\"publication publication8119\"><span class=\"publication-authors\">L. Jokinen, T. Palonen, H. Kalliom\u00e4ki, O. Apostol & K. Heikkil\u00e4<\/span><span class=\"publication-title\">Forward-looking sustainability agency for developing future cruise ships<\/span><span class=\"publication-conference\">Sustainability, 12(22), 1\u201320<\/span><span class=\"publication-date\">2020<\/span><\/p><p class=\"publication-links\">[<a href=\"https:\/\/doi.org\/10.3390\/su12229644\" target=\"_blank\">paper<\/a>]<\/p><\/li><\/ul><\/div>\n\n\n\n<h3 class=\"wp-block-heading\">Ask more<\/h3>\n\n\n<style><\/style><div class=\"staff-member-listing suscon-contact\"><div class=\"staff-member even \">\r\n\t<img decoding=\"async\" class=\"staff-member-photo\" src=\"https:\/\/tt.utu.fi\/ar\/wp-content\/uploads\/2013\/12\/teijo_lehtonen1.jpg\" title=\"Teijo Lehtonen : Senior Research Fellow\" id=\"teijo-lehtonen\">\r\n\t<div class=\"staff-member-info-wrap\">\r\n\t\t<h3 class=\"staff-member-name\">Teijo Lehtonen<\/h3>\r\n\t\t<h4 class=\"staff-member-position\">Senior Research Fellow<\/h4>\r\n\t\t\r\n\t\t<a class=\"staff-member-email\" href=\"mailto:&#116;&#101;i&#106;o&#046;leh&#116;&#111;&#110;&#101;&#110;&#064;u&#116;&#117;.f&#105;\" title=\"Email Teijo Lehtonen\">te&#105;j&#111;.&#108;ehton&#101;&#110;&#064;u&#116;&#117;.f&#105;<\/a>\r\n                +358 (0)44 440 0005\r\n\t\t\r\n                \r\n\t<\/div>\r\n<\/div> <!-- Close staff-member --><div class=\"staff-member odd  last\">\r\n\t<img decoding=\"async\" class=\"staff-member-photo\" src=\"https:\/\/tt.utu.fi\/ar\/wp-content\/uploads\/2015\/02\/kaapo_seppala_web.jpg\" title=\"Kaapo Sepp\u00e4l\u00e4 : Project Manager\" id=\"kaapo-seppala\">\r\n\t<div class=\"staff-member-info-wrap\">\r\n\t\t<h3 class=\"staff-member-name\">Kaapo Sepp\u00e4l\u00e4<\/h3>\r\n\t\t<h4 class=\"staff-member-position\">Project Manager<\/h4>\r\n\t\t\r\n\t\t<a class=\"staff-member-email\" href=\"mailto:&#107;&#097;ap&#111;.&#115;epp&#097;&#108;&#097;&#064;&#117;t&#117;&#046;&#102;i\" title=\"Email Kaapo Sepp\u00e4l\u00e4\">ka&#097;&#112;&#111;.&#115;eppala&#064;u&#116;u.&#102;&#105;<\/a>\r\n                +358 (0)40 744 4182\r\n\t\t\r\n                \r\n\t<\/div>\r\n<\/div> <!-- Close staff-member --><\/div> <!-- Close staff-member-listing -->\n","protected":false},"excerpt":{"rendered":"<p>Sustainable Shipbuilding Concepts project creating sustainability based value in shipbuilding and related systems.<\/p>\n","protected":false},"author":1872,"featured_media":2533,"parent":39,"menu_order":0,"comment_status":"closed","ping_status":"closed","template":"","meta":{"_acf_changed":false,"footnotes":""},"class_list":["post-2537","page","type-page","status-publish","has-post-thumbnail","hentry"],"acf":[],"_links":{"self":[{"href":"https:\/\/tt.utu.fi\/ar\/wp-json\/wp\/v2\/pages\/2537","targetHints":{"allow":["GET"]}}],"collection":[{"href":"https:\/\/tt.utu.fi\/ar\/wp-json\/wp\/v2\/pages"}],"about":[{"href":"https:\/\/tt.utu.fi\/ar\/wp-json\/wp\/v2\/types\/page"}],"author":[{"embeddable":true,"href":"https:\/\/tt.utu.fi\/ar\/wp-json\/wp\/v2\/users\/1872"}],"replies":[{"embeddable":true,"href":"https:\/\/tt.utu.fi\/ar\/wp-json\/wp\/v2\/comments?post=2537"}],"version-history":[{"count":38,"href":"https:\/\/tt.utu.fi\/ar\/wp-json\/wp\/v2\/pages\/2537\/revisions"}],"predecessor-version":[{"id":2957,"href":"https:\/\/tt.utu.fi\/ar\/wp-json\/wp\/v2\/pages\/2537\/revisions\/2957"}],"up":[{"embeddable":true,"href":"https:\/\/tt.utu.fi\/ar\/wp-json\/wp\/v2\/pages\/39"}],"wp:featuredmedia":[{"embeddable":true,"href":"https:\/\/tt.utu.fi\/ar\/wp-json\/wp\/v2\/media\/2533"}],"wp:attachment":[{"href":"https:\/\/tt.utu.fi\/ar\/wp-json\/wp\/v2\/media?parent=2537"}],"curies":[{"name":"wp","href":"https:\/\/api.w.org\/{rel}","templated":true}]}}