
{"id":2515,"date":"2014-02-04T13:49:32","date_gmt":"2014-02-04T11:49:32","guid":{"rendered":"https:\/\/tt.utu.fi\/ar\/?page_id=2515"},"modified":"2023-04-19T14:30:04","modified_gmt":"2023-04-19T11:30:04","slug":"agies","status":"publish","type":"page","link":"https:\/\/tt.utu.fi\/ar\/research\/agies\/","title":{"rendered":"AgiES"},"content":{"rendered":"\n<blockquote class=\"wp-block-quote is-layout-flow wp-block-quote-is-layout-flow\">\n<p>2012\u20132015<br>Tekes<br>Budget DFT: 703 000 \u20ac<br>Completed<\/p>\n<\/blockquote>\n\n\n\n<div class=\"wp-block-columns is-layout-flex wp-container-core-columns-is-layout-9d6595d7 wp-block-columns-is-layout-flex\">\n<div class=\"wp-block-column is-layout-flow wp-block-column-is-layout-flow\"><a class=\"iheg-wrapper\" href=\"https:\/\/tt.utu.fi\/ar\/project\/agile-handbook\/\"  ><div class=\"eihe-box eihe-zoom-in\" style=\"background: rgba(0,0,0,0.5);border-radius:0px 0px 0px 0px;\"><img decoding=\"async\" src=\"https:\/\/tt.utu.fi\/ar\/wp-content\/uploads\/sites\/5\/2023\/04\/AgiES_hoverSquare-600x600.png\" alt=\"Agile Handbook cover\"><div class=\"eihe-caption\" style=\"background: rgba(0,0,0,0.5);padding:20px 20px 20px 20px;\"><div class=\"eihe-title-cover\"><span style=\"font-size: 20px;\" class=\"eihe-title\">Agile<br>Handbook<\/span>\t<\/div><p style=\"font-size: 16px;\">Showcase<\/p><\/div><\/div><\/a><\/div>\n\n\n\n<div class=\"wp-block-column is-layout-flow wp-block-column-is-layout-flow\"><\/div>\n\n\n\n<div class=\"wp-block-column is-layout-flow wp-block-column-is-layout-flow\"><\/div>\n<\/div>\n\n\n\n<p>Agile and lean practices are widely and successfully utilized in the field of software engineering. Common insight is that they improve not only the efficiency of the work but also the well-being at work. The objective of the AgiES project is to apply agile and lean design practices to the designing of embedded ICT systems. The aim is to develop agile design practices to be suitable for designing embedded systems, including both hardware and software, in a way that advances both efficiency and well-being at work. The design practices will be utilized in the partner companies collaborating in the project and these practices will be inspected in collaboration with Finnish Institute of Occupational Health (Ty\u00f6terveyslaitos). The main deliverable of the project is a pragmatic handbook, which will provide guidelines for Finnish embedded product development companies, their customers and other stakeholders to understand and adopt agile and lean product development practices.<\/p>\n\n\n\n<h3 class=\"wp-block-heading\">Partners<\/h3>\n\n\n\n<p>The two-year project is carried out in collaboration with <a href=\"http:\/\/www.ttl.fi\/en\/Pages\/default.aspx\" target=\"_blank\" rel=\"noopener noreferrer\">Finnish Institute of Occupational Health<\/a>, several industry partners which include:<\/p>\n\n\n\n<ul class=\"wp-block-list\">\n<li><a href=\"http:\/\/www.ba-group.fi\/company\/\" target=\"_blank\" rel=\"noopener noreferrer\">BA Group Oy<\/a><\/li>\n\n\n\n<li><a href=\"http:\/\/www.fisma.fi\/in-english\/\" target=\"_blank\" rel=\"noopener noreferrer\">Finnish Software Measurement Association FiSMA ry<\/a><\/li>\n\n\n\n<li><a href=\"https:\/\/www.lindorff.fi\/internet\/english?p_dimension_id=52019\" target=\"_blank\" rel=\"noopener noreferrer\">Lindorff Finland Oy<\/a><\/li>\n\n\n\n<li><a href=\"http:\/\/www.neoxen.com\/\" target=\"_blank\" rel=\"noopener noreferrer\">Neoxen Systems<\/a><\/li>\n\n\n\n<li><a href=\"http:\/\/www.nextfour.com\/\" target=\"_blank\" rel=\"noopener noreferrer\">Nextfour Group Oy<\/a><\/li>\n\n\n\n<li><a href=\"http:\/\/www.nordicid.com\/\" target=\"_blank\" rel=\"noopener noreferrer\">Nordic ID Oy<\/a><\/li>\n\n\n\n<li><a href=\"http:\/\/www.ericsson.com\/\" target=\"_blank\" rel=\"noopener noreferrer\">Ericsson Oy<\/a><\/li>\n<\/ul>\n\n\n\n<p>In addition to industrial partners, the project has other partners including:<\/p>\n\n\n\n<ul class=\"wp-block-list\">\n<li><a href=\"http:\/\/agile.fi\/\" target=\"_blank\" rel=\"noopener noreferrer\">Agile Finland ry<\/a><\/li>\n\n\n\n<li><a href=\"http:\/\/www.sto-ry.com\/\" target=\"_blank\" rel=\"noopener noreferrer\">Suomen tuotannonohjausyhdistys STO ry<\/a><\/li>\n\n\n\n<li><a href=\"http:\/\/www.tek.fi\/en\" target=\"_blank\" rel=\"noopener noreferrer\">TEK Academic Engineers and Architects in Finland<\/a><\/li>\n\n\n\n<li><a href=\"http:\/\/www.turkusciencepark.com\/\" target=\"_blank\" rel=\"noopener noreferrer\">Turku Science Park Oy<\/a><\/li>\n\n\n\n<li><a href=\"http:\/\/www.yrityssalo.fi\/inenglish\/\" target=\"_blank\" rel=\"noopener noreferrer\">Yrityssalo Oy<\/a><\/li>\n\n\n\n<li><a href=\"http:\/\/turkuagileday.fi\/\" target=\"_blank\" rel=\"noopener noreferrer\">Turku Agile Group ry <\/a><\/li>\n<\/ul>\n\n\n\n<p>An international research partner of the project is Associate Professor Norio Tokumaru from Nagoya Institute of Technology, Japan.<\/p>\n\n\n\n<p><a href=\"http:\/\/tt.utu.fi\/embedded\/wp-content\/uploads\/sites\/7\/2014\/02\/AgiES-lehdistotiedote_20120920.pdf\">AgiES Press release <\/a>(in Finnish)<\/p>\n\n\n\n<h3 class=\"wp-block-heading\">Publications<\/h3>\n\n\n<div class=\"wpap\"><ul><li><p class=\"publication publication1183\"><span class=\"publication-authors\">Seppo Tuomivaara, Harri Lindholm, Marja K\u00e4ns\u00e4l\u00e4<\/span><span class=\"publication-title\">Short-Term Physiological Strain and Recovery among Employees Working with Agile and Lean Methods in Software and Embedded ICT Systems<\/span><span class=\"publication-conference\">International Journal of Human\u2013Computer Interaction<\/span><span class=\"publication-date\">14 Feb \/ 2017<\/span><\/p><p class=\"publication-links\">[<a href=\"http:\/\/dx.doi.org\/10.1080\/10447318.2017.1294336\" target=\"_blank\">paper<\/a>]<\/p><\/li><li><p class=\"publication publication1102\"><span class=\"publication-authors\">Kaisa K\u00f6nn\u00f6l\u00e4, Samuli Suomi , Tuomas M\u00e4kil\u00e4 , Tero Jokela , Ville Rantala , Teijo Lehtonen <\/span><span class=\"publication-title\">Agile Methods in Embedded System Development: Multiple-Case Study of Three Industrial Cases<\/span><span class=\"publication-conference\">Journal of Systems and Software<\/span><span class=\"publication-date\">August\/2016<\/span><\/p><p class=\"publication-links\">[<a href=\"http:\/\/dx.doi.org\/10.1016\/j.jss.2016.05.001\" target=\"_blank\">paper<\/a>]<\/p><\/li><li><p class=\"publication publication1022\"><span class=\"publication-authors\">Samuli Suomi<\/span><span class=\"publication-title\">Project Management Tools in Agile Embedded Systems Development<\/span><span class=\"publication-conference\">Master's Thesis<\/span><span class=\"publication-date\">2014<\/span><\/p><p class=\"publication-links\">[<a href=\"http:\/\/urn.fi\/URN:NBN:fi-fe2014061829325\" target=\"_blank\">paper<\/a>]<\/p><\/li><li><p class=\"publication publication708\"><span class=\"publication-authors\">Teijo Lehtonen, Seppo Tuomivaara, Ville Rantala, Marja K\u00e4ns\u00e4l\u00e4, Tuomas M\u00e4kil\u00e4,  Tero Jokela, Kaisa K\u00f6nn\u00f6l\u00e4, Matti Kaisti, Samuli Suomi, Minna Isom\u00e4ki, Marko Ylitolva<\/span><span class=\"publication-title\">Sulautettujen j\u00e4rjestelmien ketter\u00e4 k\u00e4sikirja<\/span><span class=\"publication-conference\">ISBN: 978-951-29-5837-5 (print), 978-951-29-5838-2 (pdf)<\/span><span class=\"publication-date\">2014<\/span><\/p><p class=\"publication-links\">[<a href=\"http:\/\/embedded.utu.fi\/kasikirja\">website<\/a>]<\/p><\/li><li><p class=\"publication publication707\"><span class=\"publication-authors\">Matti Kaisti, Tapio Mujunen, Tuomas M\u00e4kil\u00e4, Ville Rantala, Teijo Lehtonen<\/span><span class=\"publication-title\">Agile Principles in the Embedded System Development<\/span><span class=\"publication-conference\">15th International Conference, XP 2014<\/span><span class=\"publication-date\">2014<\/span><\/p><p class=\"publication-links\">[<a href=\"http:\/\/link.springer.com\/chapter\/10.1007\/978-3-319-06862-6_2\" target=\"_blank\">paper<\/a>]<\/p><\/li><li><p class=\"publication publication538\"><span class=\"publication-authors\">Ville Rantala, Matti Kaisti, Tuomas M\u00e4kil\u00e4, Sami Hyrynsalmi and Teijo Lehtonen<\/span><span class=\"publication-title\">Work-in-Progress \u2013 AgiES: Agile Methods for Embedded System Development<\/span><span class=\"publication-conference\">Design Automation Conference, Work-in-Progress session<\/span><span class=\"publication-date\">June 2013<\/span><\/p><p class=\"publication-links\">[<a href=\"https:\/\/tt.utu.fi\/ar\/wp-content\/uploads\/2014\/02\/agies_wip.pdf\">paper<\/a>] [<a href=\"http:\/\/tt.utu.fi\/wp-content\/uploads\/2014\/02\/agies_wip.pdf\" target=\"_blank\">paper<\/a>] [<a href=\"https:\/\/tt.utu.fi\/ar\/wp-content\/uploads\/2014\/02\/AgiES_DAC_2013_poster.pdf\">poster<\/a>] [<a href=\"http:\/\/tt.utu.fi\/wp-content\/uploads\/2014\/02\/AgiES_DAC_2013_poster.pdf\" target=\"_blank\">poster<\/a>]<\/p><\/li><li><p class=\"publication publication531\"><span class=\"publication-authors\">Matti Kaisti, Ville Rantala, Tapio Mujunen, Sami Hyrynsalmi, Kaisa K\u00f6nn\u00f6l\u00e4, Tuomas M\u00e4kil\u00e4, Teijo Lehtonen<\/span><span class=\"publication-title\">Agile Methods for Embedded Systems Development \u2013 A Literature Review and a Mapping Study<\/span><span class=\"publication-conference\">EURASIP Journal on Embedded Systems<\/span><span class=\"publication-date\">2013:15<\/span><\/p><p class=\"publication-links\">[<a href=\"https:\/\/jes-eurasipjournals.springeropen.com\/articles\/10.1186\/1687-3963-2013-15\" target=\"_blank\">paper<\/a>]<\/p><\/li><\/ul><\/div>\n\n\n\n<h3 class=\"wp-block-heading\">Ask more<\/h3>\n\n\n<style><\/style><div class=\"staff-member-listing agies-contact\"><div class=\"staff-member even  last\">\r\n\t<img decoding=\"async\" class=\"staff-member-photo\" src=\"https:\/\/tt.utu.fi\/ar\/wp-content\/uploads\/2013\/12\/teijo_lehtonen1.jpg\" title=\"Teijo Lehtonen : Senior Research Fellow\" id=\"teijo-lehtonen\">\r\n\t<div class=\"staff-member-info-wrap\">\r\n\t\t<h3 class=\"staff-member-name\">Teijo Lehtonen<\/h3>\r\n\t\t<h4 class=\"staff-member-position\">Senior Research Fellow<\/h4>\r\n\t\t\r\n\t\t<a class=\"staff-member-email\" href=\"mailto:&#116;e&#105;j&#111;.&#108;&#101;&#104;&#116;o&#110;e&#110;&#064;u&#116;&#117;&#046;&#102;&#105;\" title=\"Email Teijo Lehtonen\">te&#105;j&#111;.&#108;&#101;h&#116;o&#110;e&#110;&#064;utu.f&#105;<\/a>\r\n                +358 (0)44 440 0005\r\n\t\t\r\n                \r\n\t<\/div>\r\n<\/div> <!-- Close staff-member --><\/div> <!-- Close staff-member-listing -->\n\n\n","protected":false},"excerpt":{"rendered":"<p>2012\u20132015TekesBudget DFT: 703 000 \u20acCompleted Agile and lean practices are widely and successfully utilized in the field of software engineering. Common insight is that they improve not only the efficiency of the work but also the well-being at work. The objective of the AgiES project is to apply agile and lean design practices to the [&hellip;]<\/p>\n","protected":false},"author":1872,"featured_media":0,"parent":39,"menu_order":0,"comment_status":"closed","ping_status":"closed","template":"","meta":{"_acf_changed":false,"footnotes":""},"class_list":["post-2515","page","type-page","status-publish","hentry"],"acf":[],"_links":{"self":[{"href":"https:\/\/tt.utu.fi\/ar\/wp-json\/wp\/v2\/pages\/2515","targetHints":{"allow":["GET"]}}],"collection":[{"href":"https:\/\/tt.utu.fi\/ar\/wp-json\/wp\/v2\/pages"}],"about":[{"href":"https:\/\/tt.utu.fi\/ar\/wp-json\/wp\/v2\/types\/page"}],"author":[{"embeddable":true,"href":"https:\/\/tt.utu.fi\/ar\/wp-json\/wp\/v2\/users\/1872"}],"replies":[{"embeddable":true,"href":"https:\/\/tt.utu.fi\/ar\/wp-json\/wp\/v2\/comments?post=2515"}],"version-history":[{"count":6,"href":"https:\/\/tt.utu.fi\/ar\/wp-json\/wp\/v2\/pages\/2515\/revisions"}],"predecessor-version":[{"id":2832,"href":"https:\/\/tt.utu.fi\/ar\/wp-json\/wp\/v2\/pages\/2515\/revisions\/2832"}],"up":[{"embeddable":true,"href":"https:\/\/tt.utu.fi\/ar\/wp-json\/wp\/v2\/pages\/39"}],"wp:attachment":[{"href":"https:\/\/tt.utu.fi\/ar\/wp-json\/wp\/v2\/media?parent=2515"}],"curies":[{"name":"wp","href":"https:\/\/api.w.org\/{rel}","templated":true}]}}