
{"id":2513,"date":"2014-02-04T13:48:20","date_gmt":"2014-02-04T11:48:20","guid":{"rendered":"https:\/\/tt.utu.fi\/ar\/?page_id=2513"},"modified":"2023-04-19T14:29:11","modified_gmt":"2023-04-19T11:29:11","slug":"agispaces","status":"publish","type":"page","link":"https:\/\/tt.utu.fi\/ar\/research\/agispaces\/","title":{"rendered":"AgiSpacES"},"content":{"rendered":"\n<blockquote class=\"wp-block-quote is-layout-flow wp-block-quote-is-layout-flow\">\n<p>2014 &#8211; 2015<br>Tekes<br>Budget DFT: 300 000\u20ac<br>Completed<\/p>\n<\/blockquote>\n\n\n\n<div class=\"wp-block-columns is-layout-flex wp-container-core-columns-is-layout-9d6595d7 wp-block-columns-is-layout-flex\">\n<div class=\"wp-block-column is-layout-flow wp-block-column-is-layout-flow\"><a class=\"iheg-wrapper\" href=\"https:\/\/tt.utu.fi\/ar\/project\/agile-development-for-space-industry\/\"  ><div class=\"eihe-box eihe-zoom-in\" style=\"background: rgba(0,0,0,0.5);border-radius:0px 0px 0px 0px;\"><img decoding=\"async\" src=\"https:\/\/tt.utu.fi\/ar\/wp-content\/uploads\/sites\/5\/2023\/04\/AgiSpaceES_hoverSquare.png\" alt=\"Agile Development for Space Industry book cover\"><div class=\"eihe-caption\" style=\"background: rgba(0,0,0,0.5);padding:20px 20px 20px 20px;\"><div class=\"eihe-title-cover\"><span style=\"font-size: 20px;\" class=\"eihe-title\">Agile Development<br>for Space Industry<\/span>\t<\/div><p style=\"font-size: 16px;\">Showcase<\/p><\/div><\/div><\/a><\/div>\n\n\n\n<div class=\"wp-block-column is-layout-flow wp-block-column-is-layout-flow\"><\/div>\n\n\n\n<div class=\"wp-block-column is-layout-flow wp-block-column-is-layout-flow\"><\/div>\n<\/div>\n\n\n\n<p><br>AgiSpacES develops agile and iterative product development methods for development of embedded systems taking into account the special characteristics of space industry. The project focuses especially to the handling of present standards and regulations, and their influence to the development work. In the field of software engineering it has been recognized that the utilization of agile methods can improve the efficiency and flexibility of the development work without sacrificing the wellbeing of the developers. AgiSpacES is based on foundations made in the AgiES project. The work done in AgiES is extended to cover the strictly standardized and regulated field of space industry. The results of the project will be published as a collection of agile and iterative practices which have been developed during the project and been found usable in development of embedded systems in space industry. The results will be valuable not only for the companies in space industry but also in several other domains where standards and regulations affect the development work.<\/p>\n\n\n\n<h3 class=\"wp-block-heading\">Partners<\/h3>\n\n\n\n<ul class=\"wp-block-list\">\n<li><a href=\"http:\/\/www.patria.fi\" target=\"_blank\" rel=\"noopener noreferrer\">Patria<\/a><\/li>\n\n\n\n<li><a href=\"http:\/\/www.alsafety.com\/\" target=\"_blank\" rel=\"noopener noreferrer\">AL Safety Design Ltd<\/a><\/li>\n\n\n\n<li><a href=\"http:\/\/www.asro-space.com\/\" target=\"_blank\" rel=\"noopener noreferrer\">Aboa Space Research Oy<\/a><\/li>\n\n\n\n<li><a href=\"http:\/\/www.harptechnologies.com\/\" target=\"_blank\" rel=\"noopener noreferrer\">Harp Technologies Ltd<\/a><\/li>\n\n\n\n<li><a href=\"http:\/\/www.kovilta.fi\/\" target=\"_blank\" rel=\"noopener noreferrer\">Kovilta Oy<\/a><\/li>\n\n\n\n<li><a href=\"http:\/\/www.turkusciencepark.com\/\" target=\"_blank\" rel=\"noopener noreferrer\">Turku Science Park Ltd<\/a><\/li>\n\n\n\n<li><a href=\"http:\/\/turkuagileday.fi\" target=\"_blank\" rel=\"noopener noreferrer\">Turku Agile Group ry<\/a><\/li>\n<\/ul>\n\n\n\n<p><a style=\"line-height: 1.5em;\" href=\"http:\/\/tt.utu.fi\/embedded\/wp-content\/uploads\/sites\/7\/2014\/02\/AgiSpacES_press_release.pdf\">AgiSpacES Press release 22.1.2014<\/a><\/p>\n\n\n\n<p><a href=\"http:\/\/tt.utu.fi\/embedded\/wp-content\/uploads\/sites\/7\/2015\/10\/agispaces_lehdistotiedote_20151015.pdf\">AgiSpacES Lehdist\u00f6tiedote 15.10.2015<\/a><\/p>\n\n\n\n<h3 class=\"wp-block-heading\">Publications<\/h3>\n\n\n<div class=\"wpap\"><ul><li><p class=\"publication publication1145\"><span class=\"publication-authors\">Ville Rantala, Kaisa K\u00f6nn\u00f6l\u00e4, Samuli Suomi, Minna Isom\u00e4ki, Teijo Lehtonen<\/span><span class=\"publication-title\">Agile Embedded System Development versus European Space Standards<\/span><span class=\"publication-conference\">International Journal of Information Systems and Social Change (IJISSC) 8(1)<\/span><span class=\"publication-date\">28 Oct \/ 2016<\/span><\/p><p class=\"publication-links\">[<a href=\"http:\/\/dx.doi.org\/10.4018\/IJISSC.2017010101\" target=\"_blank\">paper<\/a>]<\/p><\/li><li><p class=\"publication publication1115\"><span class=\"publication-authors\">Kaisa K\u00f6nn\u00f6l\u00e4, Samuli Suomi, Tuomas M\u00e4kil\u00e4, Ville Rantala, Teijo Lehtonen<\/span><span class=\"publication-title\">Can embedded space system development benefit from agile practices?<\/span><span class=\"publication-conference\">EURASIP Journal on Embedded Systems<\/span><span class=\"publication-date\">7 July \/2016<\/span><\/p><p class=\"publication-links\">[<a href=\"http:\/\/dx.doi.org\/10.1186\/s13639-016-0040-z\" target=\"_blank\">paper<\/a>]<\/p><\/li><li><p class=\"publication publication1044\"><span class=\"publication-authors\">Isom\u00e4ki Minna<\/span><span class=\"publication-title\">Product Assurance in Agile Space Systems Development<\/span><span class=\"publication-conference\">Master's Thesis<\/span><span class=\"publication-date\">2015<\/span><\/p><p class=\"publication-links\">[<a href=\"http:\/\/urn.fi\/URN:NBN:fi-fe2015111317165\" target=\"_blank\">paper<\/a>]<\/p><\/li><li><p class=\"publication publication1021\"><span class=\"publication-authors\">Kaisa K\u00f6nn\u00f6l\u00e4, Samuli Suomi, Ville Rantala, Minna Isom\u00e4ki, Tuomas M\u00e4kil\u00e4, Teijo Lehtonen<\/span><span class=\"publication-title\">Sulautettujen j\u00e4rjestelmien ketter\u00e4n k\u00e4sikirjan lis\u00e4osa: Ketteryys avaruusteollisuudessa<\/span><span class=\"publication-conference\">ISBN: 978-951-29-6283-9 (pdf)<\/span><span class=\"publication-date\">2015<\/span><\/p><p class=\"publication-links\">[<a href=\"http:\/\/urn.fi\/URN:ISBN:978-951-29-6283-9\" target=\"_blank\">paper<\/a>]<\/p><\/li><li><p class=\"publication publication994\"><span class=\"publication-authors\">Ville Rantala, Kaisa K\u00f6nn\u00f6l\u00e4, Samuli Suomi, Minna Isom\u00e4ki<\/span><span class=\"publication-title\">Guidelines for Small Embedded System Companies Aiming to Enter the Space Industry<\/span><span class=\"publication-conference\">University of Turku Technical Reports, No.7<\/span><span class=\"publication-date\">2015<\/span><\/p><p class=\"publication-links\">[<a href=\"http:\/\/urn.fi\/URN:ISBN:978-951-29-6218-1\" target=\"_blank\">paper<\/a>]<\/p><\/li><\/ul><\/div>\n\n\n\n<h3 class=\"wp-block-heading\">Ask more<\/h3>\n\n\n<style><\/style><div class=\"staff-member-listing agispaces-contact\"><div class=\"staff-member even  last\">\r\n\t<img decoding=\"async\" class=\"staff-member-photo\" src=\"https:\/\/tt.utu.fi\/ar\/wp-content\/uploads\/2013\/12\/teijo_lehtonen1.jpg\" title=\"Teijo Lehtonen : Senior Research Fellow\" id=\"teijo-lehtonen\">\r\n\t<div class=\"staff-member-info-wrap\">\r\n\t\t<h3 class=\"staff-member-name\">Teijo Lehtonen<\/h3>\r\n\t\t<h4 class=\"staff-member-position\">Senior Research Fellow<\/h4>\r\n\t\t\r\n\t\t<a class=\"staff-member-email\" href=\"mailto:tei&#106;o&#046;le&#104;&#116;&#111;ne&#110;&#064;&#117;&#116;u&#046;f&#105;\" title=\"Email Teijo Lehtonen\">&#116;ei&#106;o.&#108;&#101;&#104;&#116;on&#101;&#110;&#064;utu.fi<\/a>\r\n                +358 (0)44 440 0005\r\n\t\t\r\n                \r\n\t<\/div>\r\n<\/div> <!-- Close staff-member --><\/div> <!-- Close staff-member-listing -->\n","protected":false},"excerpt":{"rendered":"<p>2014 &#8211; 2015TekesBudget DFT: 300 000\u20acCompleted AgiSpacES develops agile and iterative product development methods for development of embedded systems taking into account the special characteristics of space industry. The project focuses especially to the handling of present standards and regulations, and their influence to the development work. In the field of software engineering it has [&hellip;]<\/p>\n","protected":false},"author":1872,"featured_media":0,"parent":39,"menu_order":0,"comment_status":"closed","ping_status":"closed","template":"","meta":{"_acf_changed":false,"footnotes":""},"class_list":["post-2513","page","type-page","status-publish","hentry"],"acf":[],"_links":{"self":[{"href":"https:\/\/tt.utu.fi\/ar\/wp-json\/wp\/v2\/pages\/2513","targetHints":{"allow":["GET"]}}],"collection":[{"href":"https:\/\/tt.utu.fi\/ar\/wp-json\/wp\/v2\/pages"}],"about":[{"href":"https:\/\/tt.utu.fi\/ar\/wp-json\/wp\/v2\/types\/page"}],"author":[{"embeddable":true,"href":"https:\/\/tt.utu.fi\/ar\/wp-json\/wp\/v2\/users\/1872"}],"replies":[{"embeddable":true,"href":"https:\/\/tt.utu.fi\/ar\/wp-json\/wp\/v2\/comments?post=2513"}],"version-history":[{"count":7,"href":"https:\/\/tt.utu.fi\/ar\/wp-json\/wp\/v2\/pages\/2513\/revisions"}],"predecessor-version":[{"id":2830,"href":"https:\/\/tt.utu.fi\/ar\/wp-json\/wp\/v2\/pages\/2513\/revisions\/2830"}],"up":[{"embeddable":true,"href":"https:\/\/tt.utu.fi\/ar\/wp-json\/wp\/v2\/pages\/39"}],"wp:attachment":[{"href":"https:\/\/tt.utu.fi\/ar\/wp-json\/wp\/v2\/media?parent=2513"}],"curies":[{"name":"wp","href":"https:\/\/api.w.org\/{rel}","templated":true}]}}