
{"id":2511,"date":"2017-01-27T13:43:13","date_gmt":"2017-01-27T11:43:13","guid":{"rendered":"https:\/\/tt.utu.fi\/ar\/?page_id=2511"},"modified":"2022-10-13T17:08:24","modified_gmt":"2022-10-13T14:08:24","slug":"sustis","status":"publish","type":"page","link":"https:\/\/tt.utu.fi\/ar\/research\/sustis\/","title":{"rendered":"SUSTIS"},"content":{"rendered":"\n<blockquote class=\"wp-block-quote is-layout-flow wp-block-quote-is-layout-flow\"><p>Sustainability and Transparency in Shipbuilding Networks<br>Phase I: 01.02.2016 \u2013 28.02.2017<br>Phase II: 10.03.2016 \u2013 30.06.2019<br>Tekes<br>Budget UTU: 800 000\u20ac<\/p><p>Completed<\/p><\/blockquote>\n\n\n\n<figure class=\"wp-block-image size-full\"><img loading=\"lazy\" decoding=\"async\" width=\"219\" height=\"311\" src=\"https:\/\/tt.utu.fi\/ar\/wp-content\/uploads\/sites\/5\/2021\/05\/MS5Floatout_Bottom_H3111.jpg\" alt=\"Floatout Bottom\" class=\"wp-image-2526\"\/><\/figure>\n\n\n\n<p>Shipping companies need to utilize the broader concept of sustainability in order to communicate a change in the way they are thinking. To achieve this, the shipyard as a system integrator and its subcontracting network have to cover a more significant part of the value chain with sustainability and transparency. In this project, we study the possibilities of enlarging the scope of sustainability from ships operations to the whole life cycle and how this broader approach can be communicated efficiently to the customer.<\/p>\n\n\n\n<p>Sustainability and Transparency in Shipbuilding Networks SUSTIS project focus on collecting, combining and utilization of sustainability information of materials and manufacturing processes for creating sustainability based value in shipbuilding. The goal is to 1) expand the use of sustainability arguments in shipbuilding business from operational use to the whole life-cycle starting from raw materials and working conditions and 2) generate new business through opening the sustainability data.<\/p>\n\n\n\n<p>SUSTIS is a research project coordinated by the University of Turku (Department of Future Technologies). The research partners include three units in the University of Turku (Future Technologies, Centre for Collaborative Research, Finland Futures Research Centre) and VTT Technical Research Centre of Finland. Several industry partners have their parallel projects linked to the research project.<\/p>\n\n\n\n<p>The research project was conducted in two phases. Phase I, linked with a parallel project by Meyer Turku Oy, focused on identifying relevant sustainability indicators, their transfer, and utilization. The main result of the Phase I was the validation of sustainability\u2019s business value in the shipbuilding network and, ultimately, for the cruising business. In Phase II, the research scope widened, explored more methods and solutions for data transfer. Utilization of the transferred sustainability data was covered by creating and testing various pilot applications. Phase II promoted dialogue around the utilization of sustainability arguments and data for increased economic resilience of the shipbuilding network. For making sustainability issues transparent and widely utilizable, a pilot platform for sustainability data was created. Phase II also included quantification of the data with sustainability modeling as well as exploring the new business possibilities provided by the open-sustainability data.<\/p>\n\n\n\n<p><strong>Research Partners <\/strong><\/p>\n\n\n\n<ul class=\"wp-block-list\"><li><a href=\"http:\/\/tt.utu.fi\">Department of Future Technologies (DFT)<\/a><\/li><li><a href=\"http:\/\/www.utu.fi\/en\/units\/tse\/units\/CCR\/Pages\/home.aspx\">Centre for Collaborative Research (CCR)<\/a><\/li><li><a href=\"http:\/\/www.utu.fi\/en\/units\/ffrc\/Pages\/home.aspx\">Finland Futures Research Centre (FFRC)<\/a><\/li><li><a href=\"http:\/\/vtt.fi\">VTT Technical Research Centre of Finland Ltd<\/a><\/li><\/ul>\n\n\n\n<p><strong>Industry and Supporting Partners<\/strong><\/p>\n\n\n\n<ul class=\"wp-block-list\"><li><a href=\"http:\/\/www.dnvgl.fi\">DNV GL Business Assurance Finland Oy<\/a><\/li><li><a href=\"http:\/\/www.evac.com\/\">Evac Oy<\/a><\/li><li><a href=\"http:\/\/lautex.com\/\">Lautex Oy<\/a><\/li><li><a href=\"http:\/\/meriteollisuus.teknologiateollisuus.fi\/\">Meriteollisuus ry<\/a><\/li><li><a href=\"http:\/\/www.meyerturku.fi\/en\/meyerturku_com\/index.jsp\">Meyer Turku Oy<\/a><\/li><li><a href=\"http:\/\/www.nit.fi\/\">NIT Naval Interior Team Oy<\/a><\/li><li><a href=\"http:\/\/www.paattimaakarit.fi\/\">Paattimaakarit Oy<\/a><\/li><li><a href=\"http:\/\/www.meyerturku.fi\/en\/meyerturku_com\/partner_comanies\/piikko_works\/marginalspalte__ohne_navigation_5.jsp\">Piikki\u00f6 Works Oy<\/a><\/li><li><a href=\"http:\/\/www.sininenpolku.fi\/\">Sininen Polku Oy<\/a><\/li><li><a href=\"http:\/\/www.ssab.fi\/\">SSAB Europe Oy<\/a><\/li><\/ul>\n\n\n\n<p><strong>Press Material<\/strong><\/p>\n\n\n\n<ul class=\"wp-block-list\"><li><a href=\"http:\/\/tt.utu.fi\/wp-content\/uploads\/2016\/04\/mediatiedote-sustis_160322.pdf\">Press release <\/a> 31.3.2016 (in Finnish)<\/li><li><a href=\"http:\/\/tt.utu.fi\/wp-content\/uploads\/2016\/04\/SUSTIS_Press-release-310316_001_TL.pdf\">Press release<\/a> 31.3.2016 (in English)<\/li><li><a href=\"https:\/\/www.utu.fi\/fi\/ajankohtaista\/mediatiedote\/vastuullisuudesta-kilpailuetua-tulevaisuuden-laivanrakennusteollisuuteen\">Press release <\/a> 21.5.2019 (in Finnish)<\/li><\/ul>\n\n\n\n<div>\n<h3>Events<\/h3>\n<ul>\n<li><a href=\"https:\/\/tapahtumat.tekes.fi\/tapahtuma\/Sustainability_transparency_Shipbuilding\">Achieving competitiveness in shipbuilding through sustainability<\/a> 5.10.2016<\/li>\n<li><a href=\"https:\/\/meriteollisuus.teknologiateollisuus.fi\/tapahtumat\/sustis-projektin-loppuseminaari\">SUSTIS-loppuseminaari<\/a> 23.5.2019 <a href=\"https:\/\/tt.utu.fi\/embedded\/wp-content\/uploads\/sites\/7\/2019\/05\/sustis_loppuseminaarin_ohjelma.pdf\">(ohjelma)<\/a><a href=\"https:\/\/tt.utu.fi\/embedded\/wp-content\/uploads\/sites\/7\/2019\/05\/SUSTIS_Loppuseminaari_20190523.pdf\">(esitykset)<\/a><\/li>\n<\/ul>\n<h3 id=\"sustis-publications\">Publications<\/h3>\n<p><\/p><\/div>\n\n\n<div class=\"wpap\"><ul><li><p class=\"publication publication8816\"><span class=\"publication-authors\">Kaapo Sepp\u00e4l\u00e4, Kaisa K\u00f6nn\u00f6l\u00e4, Markus Krusberg and Teijo Lehtonen<\/span><span class=\"publication-title\">Content forms and information presentation in virtual reality &#8211; case: Communicating the sustainability of cruise ships<\/span><span class=\"publication-conference\">In: Tareq Z. Ahram and Christianne Falc\u00e3o (eds) Human Factors and Wearable Technologies. AHFE (2025) International Conference. Orlando, FL, USA, July 2025, AHFE Open Access, vol 175. AHFE International, USA<\/span><span class=\"publication-date\">2025<\/span><\/p><p class=\"publication-links\">[<a href=\"http:\/\/doi.org\/10.54941\/ahfe1006362\" target=\"_blank\">paper<\/a>]<\/p><\/li><li><p class=\"publication publication8118\"><span class=\"publication-authors\">O. Apostol, M. M\u00e4kel\u00e4, K. Heikkil\u00e4, M. H\u00f6yss\u00e4, H. Kalliom\u00e4ki, L. Jokinen and J. Saarni<\/span><span class=\"publication-title\">Triggering sustainability communication in a B2B context: combining action research and sensemaking<\/span><span class=\"publication-conference\">Accounting, Auditing & Accountability Journal, Vol. 34 No. 4, pp. 849-876<\/span><span class=\"publication-date\">2021<\/span><\/p><p class=\"publication-links\">[<a href=\"https:\/\/doi.org\/10.1108\/AAAJ-08-2019-4125\" target=\"_blank\">paper<\/a>]<\/p><\/li><li><p class=\"publication publication7683\"><span class=\"publication-authors\">Kaisa K\u00f6nn\u00f6l\u00e4, Karri Kangas, Kaapo Sepp\u00e4l\u00e4, Marileena M\u00e4kel\u00e4, Teijo Lehtonen<\/span><span class=\"publication-title\">Considering sustainability in cruise vessel design and construction based on existing sustainability certification systems<\/span><span class=\"publication-conference\">Journal of Cleaner Production, Volume 259, 2020, 120763, ISSN 0959-6526<\/span><span class=\"publication-date\">2020<\/span><\/p><p class=\"publication-links\">[<a href=\"https:\/\/doi.org\/10.1016\/j.jclepro.2020.120763\" target=\"_blank\">paper<\/a>]<\/p><\/li><li><p class=\"publication publication7056\"><span class=\"publication-authors\">Jouni Saarni, Katariina Heikkil\u00e4, Helka Kalliom\u00e4ki, Marileena M\u00e4kel\u00e4, Leena Jokinen, Oana Apostol<\/span><span class=\"publication-title\">Sustainability in Shipbuilding \u2013 Observations from Project-Oriented Supply Network in Cruise Ship Construction<\/span><span class=\"publication-conference\">FFRC eBOOK 5\/2019. Finland Futures Research Centre, University of Turku<\/span><span class=\"publication-date\">2019<\/span><\/p><p class=\"publication-links\">[<a href=\"http:\/\/urn.fi\/URN:NBN:fi-fe2019052216657\" target=\"_blank\">paper<\/a>]<\/p><\/li><li><p class=\"publication publication7048\"><span class=\"publication-authors\">Oana Apostol, Maria H\u00f6yss\u00e4, Helka Kalliom\u00e4ki, Leena Jokinen, Marileena M\u00e4kel\u00e4<\/span><span class=\"publication-title\">Internal discursive effects on corporate decision to externally communicate sustainability<\/span><span class=\"publication-conference\">Nordic Accounting Conference 2018. Copenhagen Business School<\/span><span class=\"publication-date\">2018<\/span><\/p><\/li><li><p class=\"publication publication7047\"><span class=\"publication-authors\">Marileena M\u00e4kel\u00e4, Oana Apostol, Katariina Heikkil\u00e4<\/span><span class=\"publication-title\">Chapter 6: Pride and fear: Emotions in sustainability<\/span><span class=\"publication-conference\">In: Bernab\u00e9 Escobar-P\u00e9rez, Maria del Mar Miras-Rodr\u00edguez (eds.) Corporate social responsibility: Challenges in diversity, accountability and sustainability. Management Science - Theory and Applications. Nova Science Publishers, New York. pp. 121-147<\/span><span class=\"publication-date\">2018<\/span><\/p><\/li><li><p class=\"publication publication7045\"><span class=\"publication-authors\">Marileena M\u00e4kel\u00e4, Oana Apostol, Helka Kalliom\u00e4ki, Leena Jokinen, Katariina Heikkil\u00e4, Jouni Saarni<\/span><span class=\"publication-title\">Collaborative sustainability in a shipbuilding network<\/span><span class=\"publication-conference\">Corporate Responsibility Research Conference CRRC 2018. University of Leeds, Kedge Business School<\/span><span class=\"publication-date\">September 10-12, 2018<\/span><\/p><\/li><li><p class=\"publication publication6801\"><span class=\"publication-authors\">Kaisa K\u00f6nn\u00f6la, Tuomas M\u00e4kil\u00e4, Kaapo Sepp\u00e4l\u00e4 and Teijo Lehtonen<\/span><span class=\"publication-title\">Motivational Game Design and Pro-Environmental Elements in Sustainability Applications<\/span><span class=\"publication-conference\">GameON 2018, Dundee, Scotland, United Kingdom<\/span><span class=\"publication-date\">September 18-20, 2018<\/span><\/p><p class=\"publication-links\">[<a href=\"https:\/\/tt.utu.fi\/ar\/wp-content\/uploads\/2018\/09\/GAME_SER_02.pdf\">paper<\/a>]<\/p><\/li><li><p class=\"publication publication6652\"><span class=\"publication-authors\">Katariina Heikkil\u00e4<\/span><span class=\"publication-title\">Perspectives to Sustainability in the Shipbuilding Network. Interview Results of the SUSTIS Project<\/span><span class=\"publication-conference\">FFRC eBOOK 9\/2016. Finland Futures Research Centre, University of Turku<\/span><span class=\"publication-date\">2016<\/span><\/p><p class=\"publication-links\">[<a href=\"http:\/\/urn.fi\/URN:NBN:fi-fe2019052116282\" target=\"_blank\">paper<\/a>]<\/p><\/li><li><p class=\"publication publication6649\"><span class=\"publication-authors\">Oana Apostol<\/span><span class=\"publication-title\">Sustainability Best Practices. Benchmarking Results of the SUSTIS Project<\/span><span class=\"publication-conference\">FFRC eBOOK 10\/2016. Finland Futures Research Centre, University of Turku<\/span><span class=\"publication-date\">2016<\/span><\/p><p class=\"publication-links\">[<a href=\"http:\/\/urn.fi\/URN:NBN:fi-fe2019052116285\" target=\"_blank\">paper<\/a>]<\/p><\/li><\/ul><\/div>\n\n\n\n<h3 class=\"wp-block-heading\">Ask more<\/h3>\n\n\n<style><\/style><div class=\"staff-member-listing sustis-contact\"><div class=\"staff-member even \">\r\n\t<img decoding=\"async\" class=\"staff-member-photo\" src=\"https:\/\/tt.utu.fi\/ar\/wp-content\/uploads\/2013\/12\/teijo_lehtonen1.jpg\" title=\"Teijo Lehtonen : Senior Research Fellow\" id=\"teijo-lehtonen\">\r\n\t<div class=\"staff-member-info-wrap\">\r\n\t\t<h3 class=\"staff-member-name\">Teijo Lehtonen<\/h3>\r\n\t\t<h4 class=\"staff-member-position\">Senior Research Fellow<\/h4>\r\n\t\t\r\n\t\t<a class=\"staff-member-email\" href=\"mailto:te&#105;jo&#046;&#108;e&#104;ton&#101;n&#064;&#117;t&#117;.fi\" title=\"Email Teijo Lehtonen\">&#116;e&#105;jo.le&#104;&#116;&#111;&#110;e&#110;&#064;&#117;&#116;&#117;&#046;fi<\/a>\r\n                +358 (0)44 440 0005\r\n\t\t\r\n                \r\n\t<\/div>\r\n<\/div> <!-- Close staff-member --><div class=\"staff-member odd  last\">\r\n\t<img decoding=\"async\" class=\"staff-member-photo\" src=\"https:\/\/tt.utu.fi\/ar\/wp-content\/uploads\/2015\/02\/kaapo_seppala_web.jpg\" title=\"Kaapo Sepp\u00e4l\u00e4 : Project Manager\" id=\"kaapo-seppala\">\r\n\t<div class=\"staff-member-info-wrap\">\r\n\t\t<h3 class=\"staff-member-name\">Kaapo Sepp\u00e4l\u00e4<\/h3>\r\n\t\t<h4 class=\"staff-member-position\">Project Manager<\/h4>\r\n\t\t\r\n\t\t<a class=\"staff-member-email\" href=\"mailto:kaap&#111;&#046;s&#101;p&#112;ala&#064;&#117;t&#117;.&#102;&#105;\" title=\"Email Kaapo Sepp\u00e4l\u00e4\">k&#097;&#097;&#112;o&#046;&#115;epp&#097;&#108;&#097;&#064;ut&#117;&#046;&#102;i<\/a>\r\n                +358 (0)40 744 4182\r\n\t\t\r\n                \r\n\t<\/div>\r\n<\/div> <!-- Close staff-member --><\/div> <!-- Close staff-member-listing -->\n","protected":false},"excerpt":{"rendered":"<p>Sustainability and Transparency in Shipbuilding Networks research project conducted in two phases.<\/p>\n","protected":false},"author":1872,"featured_media":2526,"parent":39,"menu_order":0,"comment_status":"closed","ping_status":"closed","template":"","meta":{"_acf_changed":false,"footnotes":""},"class_list":["post-2511","page","type-page","status-publish","has-post-thumbnail","hentry"],"acf":[],"_links":{"self":[{"href":"https:\/\/tt.utu.fi\/ar\/wp-json\/wp\/v2\/pages\/2511","targetHints":{"allow":["GET"]}}],"collection":[{"href":"https:\/\/tt.utu.fi\/ar\/wp-json\/wp\/v2\/pages"}],"about":[{"href":"https:\/\/tt.utu.fi\/ar\/wp-json\/wp\/v2\/types\/page"}],"author":[{"embeddable":true,"href":"https:\/\/tt.utu.fi\/ar\/wp-json\/wp\/v2\/users\/1872"}],"replies":[{"embeddable":true,"href":"https:\/\/tt.utu.fi\/ar\/wp-json\/wp\/v2\/comments?post=2511"}],"version-history":[{"count":12,"href":"https:\/\/tt.utu.fi\/ar\/wp-json\/wp\/v2\/pages\/2511\/revisions"}],"predecessor-version":[{"id":2656,"href":"https:\/\/tt.utu.fi\/ar\/wp-json\/wp\/v2\/pages\/2511\/revisions\/2656"}],"up":[{"embeddable":true,"href":"https:\/\/tt.utu.fi\/ar\/wp-json\/wp\/v2\/pages\/39"}],"wp:featuredmedia":[{"embeddable":true,"href":"https:\/\/tt.utu.fi\/ar\/wp-json\/wp\/v2\/media\/2526"}],"wp:attachment":[{"href":"https:\/\/tt.utu.fi\/ar\/wp-json\/wp\/v2\/media?parent=2511"}],"curies":[{"name":"wp","href":"https:\/\/api.w.org\/{rel}","templated":true}]}}