
{"id":1958,"date":"2016-09-15T10:21:02","date_gmt":"2016-09-15T07:21:02","guid":{"rendered":"http:\/\/tt.utu.fi\/ar\/?page_id=1958"},"modified":"2023-04-14T09:54:00","modified_gmt":"2023-04-14T06:54:00","slug":"ruokaepeli","status":"publish","type":"page","link":"https:\/\/tt.utu.fi\/ar\/research\/ruokaepeli\/","title":{"rendered":"RUOKAePELI"},"content":{"rendered":"<blockquote><p>2015\u20132016<br \/>\nMinistry of Agriculture and Forestry, Tieteen tiedotus ry and The Central Union of Agricultural Producers and Forest Owners.<br \/>\nBudget: total 191 405 \u20ac<br \/>\nCompleted<\/p><\/blockquote>\n<p>The goal of the RUOKAePELI project is to develop a food education game for primary school-aged children. The aim of the game is to increase children&#8217;s readiness to act as critical and conscious food consumers, so that they are able to simultaneously take into account several different dimensions of food and the impact to the environment and society.<\/p>\n<h3>Partners<\/h3>\n<p>The two-year project is carried out in collaboration with <a class=\"external embeddable\" title=\"Brahea Development\" href=\"https:\/\/www.utu.fi\/fi\/yksikot\/braheadevelopment\/palvelut\/osaamisalueet\/elintarvikeala\/Sivut\/ruokaepeli.aspx\">Brahea Development<\/a> at the Brahea Centre in University of Turku.<\/p>\n<h3>Publications<\/h3>\n<div class=\"wpap\"><ul><li><p class=\"publication publication1133\"><span class=\"publication-authors\">J. Henriksson, T. Liukkonen, K. K\u00f6nn\u00f6l\u00e4, S. V\u00e4h\u00e4miko, S. and T. M\u00e4kil\u00e4<\/span><span class=\"publication-title\">Designing and Testing an Educational Game About Food for School-aged Children<\/span><span class=\"publication-conference\">GAMEON'2016, Lisboa, Portugal<\/span><span class=\"publication-date\">2016<\/span><\/p><p class=\"publication-links\">[<a href=\"https:\/\/tt.utu.fi\/ar\/wp-content\/uploads\/2016\/09\/Designing-and-Testing-an-Educational-Game-About-Food-for-School-Aged-Children-Henriksson-et-al-Gameon-2016.pdf\">paper<\/a>]<\/p><\/li><\/ul><\/div>\n<h3>Ask More<\/h3>\n<p><img loading=\"lazy\" decoding=\"async\" class=\"size-full wp-image-1968 alignleft\" src=\"http:\/\/tt.utu.fi\/ar\/wp-content\/uploads\/sites\/5\/2016\/09\/tuomas_makila1.jpg\" alt=\"tuomas_makila1\" width=\"70\" height=\"100\" \/><\/p>\n<p>Tuomas M\u00e4kil\u00e4<br \/>\nAssistant Professor<br \/>\n<a class=\"external embeddable\" title=\"mailto:tuomas.makila@utu.fi\" href=\"mailto:tuomas.makila@utu.fi\">tuomas.makila@utu.fi<\/a><br \/>\n+358 (0)40 541 8955<br \/>\n<a class=\"external embeddable\" title=\"http:\/\/www.mckila.com\" href=\"http:\/\/www.mckila.com\/\" target=\"_blank\" rel=\"noopener noreferrer\">www.mckila.com<\/a>&gt;[:]<\/p>\n","protected":false},"excerpt":{"rendered":"<p>The goal of the RUOKAePELI project is to develop a food education game for primary school-aged children.<\/p>\n","protected":false},"author":32,"featured_media":2481,"parent":39,"menu_order":0,"comment_status":"closed","ping_status":"closed","template":"","meta":{"_acf_changed":false,"footnotes":""},"class_list":["post-1958","page","type-page","status-publish","has-post-thumbnail","hentry"],"acf":[],"_links":{"self":[{"href":"https:\/\/tt.utu.fi\/ar\/wp-json\/wp\/v2\/pages\/1958","targetHints":{"allow":["GET"]}}],"collection":[{"href":"https:\/\/tt.utu.fi\/ar\/wp-json\/wp\/v2\/pages"}],"about":[{"href":"https:\/\/tt.utu.fi\/ar\/wp-json\/wp\/v2\/types\/page"}],"author":[{"embeddable":true,"href":"https:\/\/tt.utu.fi\/ar\/wp-json\/wp\/v2\/users\/32"}],"replies":[{"embeddable":true,"href":"https:\/\/tt.utu.fi\/ar\/wp-json\/wp\/v2\/comments?post=1958"}],"version-history":[{"count":17,"href":"https:\/\/tt.utu.fi\/ar\/wp-json\/wp\/v2\/pages\/1958\/revisions"}],"predecessor-version":[{"id":2696,"href":"https:\/\/tt.utu.fi\/ar\/wp-json\/wp\/v2\/pages\/1958\/revisions\/2696"}],"up":[{"embeddable":true,"href":"https:\/\/tt.utu.fi\/ar\/wp-json\/wp\/v2\/pages\/39"}],"wp:featuredmedia":[{"embeddable":true,"href":"https:\/\/tt.utu.fi\/ar\/wp-json\/wp\/v2\/media\/2481"}],"wp:attachment":[{"href":"https:\/\/tt.utu.fi\/ar\/wp-json\/wp\/v2\/media?parent=1958"}],"curies":[{"name":"wp","href":"https:\/\/api.w.org\/{rel}","templated":true}]}}